{"id":128,"date":"2016-07-17T17:47:26","date_gmt":"2016-07-17T17:47:26","guid":{"rendered":"https:\/\/institutodym.es\/ca\/?page_id=128"},"modified":"2016-07-17T17:47:26","modified_gmt":"2016-07-17T17:47:26","slug":"la-nostra-historia","status":"publish","type":"page","link":"https:\/\/institutodym.es\/ca\/la-nostra-historia\/","title":{"rendered":"La nostra hist\u00f2ria"},"content":{"rendered":"<p class=\"wow fadeInUp\"><strong>Institut DYM <\/strong>\u00e9s una de les empreses m\u00e9s reconegudes a Espanya en estudis de mercat i opini\u00f3.<\/p>\n<p><strong>Institut DYM <\/strong>va ser fundat el 1962 i \u00e9s pioner en m\u00faltiples desenvolupaments metodol\u00f2gics en el camp de la investigaci\u00f3 de mercat.<\/p>\n<p><strong>Institut DYM<\/strong> \u00e9s una de les empreses independents m\u00e9s grans d\u2019Espanya que ofereix tots els serveis i les solucions als problemes d\u2019investigaci\u00f3.<\/p>\n<p><strong>Instituto DYM <\/strong>ha implementat un pla d\u2019igualtat en la seva organitzaci\u00f3. La Llei org\u00e0nica 3\/2007, de 22 de mar\u00e7 per a la igualtat efectiva de dones i homes (Llei d\u2019Igualtat).<\/p>\n<p><img loading=\"lazy\" class=\"aligncenter size-full wp-image-42\" src=\"https:\/\/institutodym.es\/wp-content\/uploads\/2016\/07\/23_10_09_LOGO_IGUALDAD_EN_LA_EMPRESA_250x.jpg\" alt=\"23_10_09_LOGO_IGUALDAD_EN_LA_EMPRESA_250x\" width=\"250\" height=\"323\" srcset=\"https:\/\/institutodym.es\/wp-content\/uploads\/2016\/07\/23_10_09_LOGO_IGUALDAD_EN_LA_EMPRESA_250x.jpg 250w, https:\/\/institutodym.es\/wp-content\/uploads\/2016\/07\/23_10_09_LOGO_IGUALDAD_EN_LA_EMPRESA_250x-232x300.jpg 232w\" sizes=\"(max-width: 250px) 100vw, 250px\" \/><\/p>\n<p>Els directius d\u2019Institut DYM pertanyen a:<\/p>\n<p><strong>AEDEMO<\/strong> (Associaci\u00f3 Espanyola d\u2019Estudis de Mercat, M\u00e0rqueting i Opini\u00f3)<a class=\"gris11listado\" href=\"http:\/\/dym.laplaza.cat\/www.aedemo.es\/\">www.aedemo.es<\/a><\/p>\n<p><img loading=\"lazy\" class=\"aligncenter\" title=\"aedemo\" src=\"http:\/\/www.dym.biz\/wp-content\/uploads\/2010\/08\/aedemo.jpg\" alt=\"\" width=\"85\" height=\"37\" \/><\/p>\n<dl><\/dl>\n<p>i a <strong>ESOMAR<\/strong> \u201cThe World Organisation for enabling better research into markets, consumer and societies.\u201d <a class=\"gris11listado\" href=\"http:\/\/dym.laplaza.cat\/www.esomar.org\/\">www.esomar.org<\/a><\/p>\n<p><img loading=\"lazy\" class=\"aligncenter\" title=\"esomar logo\" src=\"http:\/\/www.dym.biz\/wp-content\/uploads\/2010\/08\/esomar-logo.jpg\" alt=\"\" width=\"60\" height=\"27\" \/><\/p>\n<dl><\/dl>\n<p><strong>Institut DYM<\/strong> \u00e9s membre d\u2019<strong>ANEIMO<\/strong> (Associaci\u00f3 Nacional d\u2019Empreses d\u2019Investigaci\u00f3 de Mercats i Opini\u00f3 P\u00fablica) <a class=\"gris11listado\" href=\"http:\/\/dym.laplaza.cat\/www.aneimo.com\/\">www.aneimo.com<\/a><\/p>\n<p><img loading=\"lazy\" class=\"aligncenter\" title=\"aneimo\" src=\"http:\/\/www.dym.biz\/wp-content\/uploads\/2010\/08\/aneimo.bmp\" alt=\"\" width=\"109\" height=\"29\" \/><\/p>\n<dl><\/dl>\n<p>En l\u2019\u00e0mbit international <strong>Institut DYM<\/strong> est\u00e0 relacionat amb les empreses m\u00e9s importants d\u2019Europa i els Estats Units.<\/p>\n<p><strong>LA NOSTRA FILOSOFIA<\/strong><\/p>\n<blockquote><p><em>\u201cProporcionar an\u00e0lisis objectives d\u2019informacions de car\u00e0cter quantitatiu i qualitatiu que serveixin per millorar la presa de decisions de les empreses tant p\u00fabliques com privades a trav\u00e9s d\u2019estudis d\u2019opini\u00f3 i de mercat, amb vocaci\u00f3 de servei.\u201d<\/em><\/p>\n<p style=\"text-align: right;\"><strong>Carlos Clavero<br \/>\n<\/strong><strong>Director General<\/strong><\/p>\n<\/blockquote>\n","protected":false},"excerpt":{"rendered":"<p>Institut DYM \u00e9s una de les empreses m\u00e9s reconegudes a Espanya en estudis de mercat i opini\u00f3. Institut DYM va ser fundat el 1962 i \u00e9s pioner en m\u00faltiples desenvolupaments metodol\u00f2gics en el camp de la investigaci\u00f3 de mercat. Institut DYM \u00e9s una de les empreses independents m\u00e9s grans d\u2019Espanya que ofereix tots els serveis [&hellip;]<\/p>\n","protected":false},"author":1,"featured_media":0,"parent":0,"menu_order":0,"comment_status":"closed","ping_status":"closed","template":"template-somos.php","meta":{"_monsterinsights_skip_tracking":false,"_monsterinsights_sitenote_active":false,"_monsterinsights_sitenote_note":"","_monsterinsights_sitenote_category":0},"yoast_head":"<!-- This site is optimized with the Yoast SEO plugin v17.8 - https:\/\/yoast.com\/wordpress\/plugins\/seo\/ -->\n<meta name=\"robots\" content=\"index, follow, max-snippet:-1, max-image-preview:large, max-video-preview:-1\" \/>\n<link rel=\"canonical\" href=\"https:\/\/institutodym.es\/ca\/la-nostra-historia\/\" \/>\n<meta property=\"og:locale\" content=\"ca_ES\" \/>\n<meta property=\"og:type\" content=\"article\" \/>\n<meta property=\"og:title\" content=\"La nostra hist\u00f2ria - DYM - Market Research\" \/>\n<meta property=\"og:description\" content=\"Institut DYM \u00e9s una de les empreses m\u00e9s reconegudes a Espanya en estudis de mercat i opini\u00f3. Institut DYM va ser fundat el 1962 i \u00e9s pioner en m\u00faltiples desenvolupaments metodol\u00f2gics en el camp de la investigaci\u00f3 de mercat. Institut DYM \u00e9s una de les empreses independents m\u00e9s grans d\u2019Espanya que ofereix tots els serveis [&hellip;]\" \/>\n<meta property=\"og:url\" content=\"https:\/\/institutodym.es\/ca\/la-nostra-historia\/\" \/>\n<meta property=\"og:site_name\" content=\"DYM - Market Research\" \/>\n<meta property=\"og:image\" content=\"https:\/\/institutodym.es\/wp-content\/uploads\/2016\/07\/23_10_09_LOGO_IGUALDAD_EN_LA_EMPRESA_250x.jpg\" \/>\n<meta name=\"twitter:card\" content=\"summary_large_image\" \/>\n<meta name=\"twitter:label1\" content=\"Temps estimat de lectura\" \/>\n\t<meta name=\"twitter:data1\" content=\"1 minut\" \/>\n<script type=\"application\/ld+json\" class=\"yoast-schema-graph\">{\"@context\":\"https:\/\/schema.org\",\"@graph\":[{\"@type\":\"WebSite\",\"@id\":\"https:\/\/institutodym.es\/#website\",\"url\":\"https:\/\/institutodym.es\/\",\"name\":\"DYM - Market Research\",\"description\":\"\",\"potentialAction\":[{\"@type\":\"SearchAction\",\"target\":{\"@type\":\"EntryPoint\",\"urlTemplate\":\"https:\/\/institutodym.es\/?s={search_term_string}\"},\"query-input\":\"required name=search_term_string\"}],\"inLanguage\":\"ca\"},{\"@type\":\"ImageObject\",\"@id\":\"https:\/\/institutodym.es\/ca\/la-nostra-historia\/#primaryimage\",\"inLanguage\":\"ca\",\"url\":\"https:\/\/institutodym.es\/wp-content\/uploads\/2016\/07\/23_10_09_LOGO_IGUALDAD_EN_LA_EMPRESA_250x.jpg\",\"contentUrl\":\"https:\/\/institutodym.es\/wp-content\/uploads\/2016\/07\/23_10_09_LOGO_IGUALDAD_EN_LA_EMPRESA_250x.jpg\",\"width\":250,\"height\":323},{\"@type\":\"WebPage\",\"@id\":\"https:\/\/institutodym.es\/ca\/la-nostra-historia\/#webpage\",\"url\":\"https:\/\/institutodym.es\/ca\/la-nostra-historia\/\",\"name\":\"La nostra hist\\u00f2ria - DYM - Market Research\",\"isPartOf\":{\"@id\":\"https:\/\/institutodym.es\/#website\"},\"primaryImageOfPage\":{\"@id\":\"https:\/\/institutodym.es\/ca\/la-nostra-historia\/#primaryimage\"},\"datePublished\":\"2016-07-17T17:47:26+00:00\",\"dateModified\":\"2016-07-17T17:47:26+00:00\",\"breadcrumb\":{\"@id\":\"https:\/\/institutodym.es\/ca\/la-nostra-historia\/#breadcrumb\"},\"inLanguage\":\"ca\",\"potentialAction\":[{\"@type\":\"ReadAction\",\"target\":[\"https:\/\/institutodym.es\/ca\/la-nostra-historia\/\"]}]},{\"@type\":\"BreadcrumbList\",\"@id\":\"https:\/\/institutodym.es\/ca\/la-nostra-historia\/#breadcrumb\",\"itemListElement\":[{\"@type\":\"ListItem\",\"position\":1,\"name\":\"Portada\",\"item\":\"https:\/\/institutodym.es\/ca\/\"},{\"@type\":\"ListItem\",\"position\":2,\"name\":\"La nostra hist\\u00f2ria\"}]}]}<\/script>\n<!-- \/ Yoast SEO plugin. -->","yoast_head_json":{"robots":{"index":"index","follow":"follow","max-snippet":"max-snippet:-1","max-image-preview":"max-image-preview:large","max-video-preview":"max-video-preview:-1"},"canonical":"https:\/\/institutodym.es\/ca\/la-nostra-historia\/","og_locale":"ca_ES","og_type":"article","og_title":"La nostra hist\u00f2ria - DYM - Market Research","og_description":"Institut DYM \u00e9s una de les empreses m\u00e9s reconegudes a Espanya en estudis de mercat i opini\u00f3. Institut DYM va ser fundat el 1962 i \u00e9s pioner en m\u00faltiples desenvolupaments metodol\u00f2gics en el camp de la investigaci\u00f3 de mercat. Institut DYM \u00e9s una de les empreses independents m\u00e9s grans d\u2019Espanya que ofereix tots els serveis [&hellip;]","og_url":"https:\/\/institutodym.es\/ca\/la-nostra-historia\/","og_site_name":"DYM - Market Research","og_image":[{"url":"https:\/\/institutodym.es\/wp-content\/uploads\/2016\/07\/23_10_09_LOGO_IGUALDAD_EN_LA_EMPRESA_250x.jpg"}],"twitter_card":"summary_large_image","twitter_misc":{"Temps estimat de lectura":"1 minut"},"schema":{"@context":"https:\/\/schema.org","@graph":[{"@type":"WebSite","@id":"https:\/\/institutodym.es\/#website","url":"https:\/\/institutodym.es\/","name":"DYM - Market Research","description":"","potentialAction":[{"@type":"SearchAction","target":{"@type":"EntryPoint","urlTemplate":"https:\/\/institutodym.es\/?s={search_term_string}"},"query-input":"required name=search_term_string"}],"inLanguage":"ca"},{"@type":"ImageObject","@id":"https:\/\/institutodym.es\/ca\/la-nostra-historia\/#primaryimage","inLanguage":"ca","url":"https:\/\/institutodym.es\/wp-content\/uploads\/2016\/07\/23_10_09_LOGO_IGUALDAD_EN_LA_EMPRESA_250x.jpg","contentUrl":"https:\/\/institutodym.es\/wp-content\/uploads\/2016\/07\/23_10_09_LOGO_IGUALDAD_EN_LA_EMPRESA_250x.jpg","width":250,"height":323},{"@type":"WebPage","@id":"https:\/\/institutodym.es\/ca\/la-nostra-historia\/#webpage","url":"https:\/\/institutodym.es\/ca\/la-nostra-historia\/","name":"La nostra hist\u00f2ria - DYM - Market Research","isPartOf":{"@id":"https:\/\/institutodym.es\/#website"},"primaryImageOfPage":{"@id":"https:\/\/institutodym.es\/ca\/la-nostra-historia\/#primaryimage"},"datePublished":"2016-07-17T17:47:26+00:00","dateModified":"2016-07-17T17:47:26+00:00","breadcrumb":{"@id":"https:\/\/institutodym.es\/ca\/la-nostra-historia\/#breadcrumb"},"inLanguage":"ca","potentialAction":[{"@type":"ReadAction","target":["https:\/\/institutodym.es\/ca\/la-nostra-historia\/"]}]},{"@type":"BreadcrumbList","@id":"https:\/\/institutodym.es\/ca\/la-nostra-historia\/#breadcrumb","itemListElement":[{"@type":"ListItem","position":1,"name":"Portada","item":"https:\/\/institutodym.es\/ca\/"},{"@type":"ListItem","position":2,"name":"La nostra hist\u00f2ria"}]}]}},"_links":{"self":[{"href":"https:\/\/institutodym.es\/ca\/wp-json\/wp\/v2\/pages\/128"}],"collection":[{"href":"https:\/\/institutodym.es\/ca\/wp-json\/wp\/v2\/pages"}],"about":[{"href":"https:\/\/institutodym.es\/ca\/wp-json\/wp\/v2\/types\/page"}],"author":[{"embeddable":true,"href":"https:\/\/institutodym.es\/ca\/wp-json\/wp\/v2\/users\/1"}],"replies":[{"embeddable":true,"href":"https:\/\/institutodym.es\/ca\/wp-json\/wp\/v2\/comments?post=128"}],"version-history":[{"count":1,"href":"https:\/\/institutodym.es\/ca\/wp-json\/wp\/v2\/pages\/128\/revisions"}],"predecessor-version":[{"id":129,"href":"https:\/\/institutodym.es\/ca\/wp-json\/wp\/v2\/pages\/128\/revisions\/129"}],"wp:attachment":[{"href":"https:\/\/institutodym.es\/ca\/wp-json\/wp\/v2\/media?parent=128"}],"curies":[{"name":"wp","href":"https:\/\/api.w.org\/{rel}","templated":true}]}}