{"id":132,"date":"2016-07-17T17:49:42","date_gmt":"2016-07-17T17:49:42","guid":{"rendered":"https:\/\/institutodym.es\/ca\/?page_id=132"},"modified":"2016-07-17T17:49:42","modified_gmt":"2016-07-17T17:49:42","slug":"equip-huma","status":"publish","type":"page","link":"https:\/\/institutodym.es\/ca\/equip-huma\/","title":{"rendered":"Equip hum\u00e0"},"content":{"rendered":"<p><strong>Institut DYM<\/strong> disposa d\u2019un equip multidisciplinari de primer nivell i les seves capacitats comprenen:<\/p>\n<ul>\n<li>Diplomats en empresarials.<\/li>\n<li>Diplomats en estad\u00edstica.<\/li>\n<li>Doctor en sociologia.<\/li>\n<li>Enginyers en electr\u00f2nica i en telecomunicacions.<\/li>\n<li>Llicenciat en ci\u00e8ncies econ\u00f2miques i pol\u00edtiques, PDG (IESE-Universitat de Navarra).<\/li>\n<li>Llicenciat en ci\u00e8ncies empresarials per ESADE.<\/li>\n<li>Llicenciat en hist\u00f2ria.<\/li>\n<li>Llicenciats en investigaci\u00f3 i t\u00e8cniques de mercat.<\/li>\n<li>Llicenciats en ci\u00e8ncies de la informaci\u00f3.<\/li>\n<li>Llicenciats en ci\u00e8ncies econ\u00f2miques.<\/li>\n<li>Llicenciats en ci\u00e8ncies pol\u00edtiques i sociologia.<\/li>\n<li>Llicenciats en direcci\u00f3 de m\u00e0rqueting i gesti\u00f3 d\u2019empreses.<\/li>\n<li>Llicenciats en psicologia industrial.<\/li>\n<li>Llicenciats en qu\u00edmica.<\/li>\n<li>Llicenciats en sociologia.<\/li>\n<li>M\u00e0ster en m\u00e0rqueting de distribuci\u00f3 i consum.<\/li>\n<li>Programadors.<\/li>\n<\/ul>\n<p>Els directius de l\u2019estudi s\u00f3n els m\u00e0xims responsables a l\u2019hora de mantenir el contacte amb els clients, dissenyar els projectes i estudis, i coordinar i controlar tots els departaments d\u2019operacions per assegurar la m\u00e0xima qualitat dels treballs.<\/p>\n<p><strong>L\u2019\u00c0rea d\u2019Operacions<\/strong> integra tots els departaments de producci\u00f3 de la companyia per a l\u2019obtenci\u00f3 de dades prim\u00e0ries i el tractament de la informaci\u00f3 de la manera m\u00e9s efica\u00e7 i fiable.<\/p>\n<ul>\n<li>Camp personal<\/li>\n<li>Camp telef\u00f2nic<\/li>\n<li>Camp qualitatiu<\/li>\n<li>TIC i processament de dades.<\/li>\n<\/ul>\n","protected":false},"excerpt":{"rendered":"<p>Institut DYM disposa d\u2019un equip multidisciplinari de primer nivell i les seves capacitats comprenen: Diplomats en empresarials. Diplomats en estad\u00edstica. Doctor en sociologia. Enginyers en electr\u00f2nica i en telecomunicacions. Llicenciat en ci\u00e8ncies econ\u00f2miques i pol\u00edtiques, PDG (IESE-Universitat de Navarra). Llicenciat en ci\u00e8ncies empresarials per ESADE. Llicenciat en hist\u00f2ria. Llicenciats en investigaci\u00f3 i t\u00e8cniques de mercat. [&hellip;]<\/p>\n","protected":false},"author":1,"featured_media":0,"parent":0,"menu_order":0,"comment_status":"closed","ping_status":"closed","template":"template-somos.php","meta":{"_monsterinsights_skip_tracking":false,"_monsterinsights_sitenote_active":false,"_monsterinsights_sitenote_note":"","_monsterinsights_sitenote_category":0},"yoast_head":"<!-- This site is optimized with the Yoast SEO plugin v17.8 - https:\/\/yoast.com\/wordpress\/plugins\/seo\/ -->\n<meta name=\"robots\" content=\"index, follow, max-snippet:-1, max-image-preview:large, max-video-preview:-1\" \/>\n<link rel=\"canonical\" href=\"https:\/\/institutodym.es\/ca\/equip-huma\/\" \/>\n<meta property=\"og:locale\" content=\"ca_ES\" \/>\n<meta property=\"og:type\" content=\"article\" \/>\n<meta property=\"og:title\" content=\"Equip hum\u00e0 - DYM - Market Research\" \/>\n<meta property=\"og:description\" content=\"Institut DYM disposa d\u2019un equip multidisciplinari de primer nivell i les seves capacitats comprenen: Diplomats en empresarials. Diplomats en estad\u00edstica. Doctor en sociologia. Enginyers en electr\u00f2nica i en telecomunicacions. Llicenciat en ci\u00e8ncies econ\u00f2miques i pol\u00edtiques, PDG (IESE-Universitat de Navarra). Llicenciat en ci\u00e8ncies empresarials per ESADE. Llicenciat en hist\u00f2ria. Llicenciats en investigaci\u00f3 i t\u00e8cniques de mercat. [&hellip;]\" \/>\n<meta property=\"og:url\" content=\"https:\/\/institutodym.es\/ca\/equip-huma\/\" \/>\n<meta property=\"og:site_name\" content=\"DYM - Market Research\" \/>\n<meta name=\"twitter:card\" content=\"summary_large_image\" \/>\n<meta name=\"twitter:label1\" content=\"Temps estimat de lectura\" \/>\n\t<meta name=\"twitter:data1\" content=\"1 minut\" \/>\n<script type=\"application\/ld+json\" class=\"yoast-schema-graph\">{\"@context\":\"https:\/\/schema.org\",\"@graph\":[{\"@type\":\"WebSite\",\"@id\":\"https:\/\/institutodym.es\/#website\",\"url\":\"https:\/\/institutodym.es\/\",\"name\":\"DYM - Market Research\",\"description\":\"\",\"potentialAction\":[{\"@type\":\"SearchAction\",\"target\":{\"@type\":\"EntryPoint\",\"urlTemplate\":\"https:\/\/institutodym.es\/?s={search_term_string}\"},\"query-input\":\"required name=search_term_string\"}],\"inLanguage\":\"ca\"},{\"@type\":\"WebPage\",\"@id\":\"https:\/\/institutodym.es\/ca\/equip-huma\/#webpage\",\"url\":\"https:\/\/institutodym.es\/ca\/equip-huma\/\",\"name\":\"Equip hum\\u00e0 - DYM - Market Research\",\"isPartOf\":{\"@id\":\"https:\/\/institutodym.es\/#website\"},\"datePublished\":\"2016-07-17T17:49:42+00:00\",\"dateModified\":\"2016-07-17T17:49:42+00:00\",\"breadcrumb\":{\"@id\":\"https:\/\/institutodym.es\/ca\/equip-huma\/#breadcrumb\"},\"inLanguage\":\"ca\",\"potentialAction\":[{\"@type\":\"ReadAction\",\"target\":[\"https:\/\/institutodym.es\/ca\/equip-huma\/\"]}]},{\"@type\":\"BreadcrumbList\",\"@id\":\"https:\/\/institutodym.es\/ca\/equip-huma\/#breadcrumb\",\"itemListElement\":[{\"@type\":\"ListItem\",\"position\":1,\"name\":\"Portada\",\"item\":\"https:\/\/institutodym.es\/ca\/\"},{\"@type\":\"ListItem\",\"position\":2,\"name\":\"Equip hum\\u00e0\"}]}]}<\/script>\n<!-- \/ Yoast SEO plugin. -->","yoast_head_json":{"robots":{"index":"index","follow":"follow","max-snippet":"max-snippet:-1","max-image-preview":"max-image-preview:large","max-video-preview":"max-video-preview:-1"},"canonical":"https:\/\/institutodym.es\/ca\/equip-huma\/","og_locale":"ca_ES","og_type":"article","og_title":"Equip hum\u00e0 - DYM - Market Research","og_description":"Institut DYM disposa d\u2019un equip multidisciplinari de primer nivell i les seves capacitats comprenen: Diplomats en empresarials. Diplomats en estad\u00edstica. Doctor en sociologia. Enginyers en electr\u00f2nica i en telecomunicacions. Llicenciat en ci\u00e8ncies econ\u00f2miques i pol\u00edtiques, PDG (IESE-Universitat de Navarra). Llicenciat en ci\u00e8ncies empresarials per ESADE. Llicenciat en hist\u00f2ria. Llicenciats en investigaci\u00f3 i t\u00e8cniques de mercat. [&hellip;]","og_url":"https:\/\/institutodym.es\/ca\/equip-huma\/","og_site_name":"DYM - Market Research","twitter_card":"summary_large_image","twitter_misc":{"Temps estimat de lectura":"1 minut"},"schema":{"@context":"https:\/\/schema.org","@graph":[{"@type":"WebSite","@id":"https:\/\/institutodym.es\/#website","url":"https:\/\/institutodym.es\/","name":"DYM - Market Research","description":"","potentialAction":[{"@type":"SearchAction","target":{"@type":"EntryPoint","urlTemplate":"https:\/\/institutodym.es\/?s={search_term_string}"},"query-input":"required name=search_term_string"}],"inLanguage":"ca"},{"@type":"WebPage","@id":"https:\/\/institutodym.es\/ca\/equip-huma\/#webpage","url":"https:\/\/institutodym.es\/ca\/equip-huma\/","name":"Equip hum\u00e0 - DYM - Market Research","isPartOf":{"@id":"https:\/\/institutodym.es\/#website"},"datePublished":"2016-07-17T17:49:42+00:00","dateModified":"2016-07-17T17:49:42+00:00","breadcrumb":{"@id":"https:\/\/institutodym.es\/ca\/equip-huma\/#breadcrumb"},"inLanguage":"ca","potentialAction":[{"@type":"ReadAction","target":["https:\/\/institutodym.es\/ca\/equip-huma\/"]}]},{"@type":"BreadcrumbList","@id":"https:\/\/institutodym.es\/ca\/equip-huma\/#breadcrumb","itemListElement":[{"@type":"ListItem","position":1,"name":"Portada","item":"https:\/\/institutodym.es\/ca\/"},{"@type":"ListItem","position":2,"name":"Equip hum\u00e0"}]}]}},"_links":{"self":[{"href":"https:\/\/institutodym.es\/ca\/wp-json\/wp\/v2\/pages\/132"}],"collection":[{"href":"https:\/\/institutodym.es\/ca\/wp-json\/wp\/v2\/pages"}],"about":[{"href":"https:\/\/institutodym.es\/ca\/wp-json\/wp\/v2\/types\/page"}],"author":[{"embeddable":true,"href":"https:\/\/institutodym.es\/ca\/wp-json\/wp\/v2\/users\/1"}],"replies":[{"embeddable":true,"href":"https:\/\/institutodym.es\/ca\/wp-json\/wp\/v2\/comments?post=132"}],"version-history":[{"count":1,"href":"https:\/\/institutodym.es\/ca\/wp-json\/wp\/v2\/pages\/132\/revisions"}],"predecessor-version":[{"id":133,"href":"https:\/\/institutodym.es\/ca\/wp-json\/wp\/v2\/pages\/132\/revisions\/133"}],"wp:attachment":[{"href":"https:\/\/institutodym.es\/ca\/wp-json\/wp\/v2\/media?parent=132"}],"curies":[{"name":"wp","href":"https:\/\/api.w.org\/{rel}","templated":true}]}}