{"id":136,"date":"2016-07-17T17:51:16","date_gmt":"2016-07-17T17:51:16","guid":{"rendered":"https:\/\/institutodym.es\/ca\/?page_id=136"},"modified":"2016-07-17T17:51:16","modified_gmt":"2016-07-17T17:51:16","slug":"infraestructura","status":"publish","type":"page","link":"https:\/\/institutodym.es\/ca\/infraestructura\/","title":{"rendered":"Infraestructura"},"content":{"rendered":"<p>Per poder satisfer les necessitats dels nostres clients i oferir-los un servei efica\u00e7 i personalitzat, <strong>Institut DYM<\/strong> disposa d\u2019oficines a Barcelona i Madrid.<\/p>\n<p style=\"text-align: center;\"><strong>Barcelona<\/strong><br \/>\nC\/ C\u00f2rsega, 329 (4a planta)<br \/>\n08037 Barcelona<br \/>\nTel.: 93 415 20 20<br \/>\nFax: 93 238 06 49<br \/>\nA\/e: mr@institutodym.es<\/p>\n<p style=\"text-align: center;\"><strong>Madrid<\/strong><br \/>\nC\/ N\u00fa\u00f1ez de Balboa, 120 (2a planta)<br \/>\n28006 Madrid<br \/>\nTel.: 91 782 01 20<br \/>\nFax: 91 564 24 82<br \/>\nA\/e: madrid@institutodym.es<\/p>\n<p>Les oficines <strong>d\u2019Institut DYM<\/strong> estan molt ben comunicades per transport p\u00fablic, amb estacions de metro i tren i parades d\u2019autob\u00fas a menys de 3 minuts.<\/p>\n<p><strong>SALES PER A REUNIONS DE GRUP:<\/strong><br \/>\nQuatre sales a Barcelona i dues sales a Madrid per al desenvolupament de reunions de grup. Totes equipades amb equip d\u2019escolta per a clients i enregistrament en DVD i amb mirall unidireccional.<br \/>\nInstal\u2022laci\u00f3 de servei de videoconfer\u00e8ncia per oferir m\u00e9s facilitat de seguiment de les reunions als nostres clients.<\/p>\n<p><strong>SALES DE DEGUSTACI\u00d3:<\/strong><br \/>\nDues sales a Barcelona i dues sales a Madrid acomodades amb separacions adequades per a la realitzaci\u00f3 d\u2019estudis de degustaci\u00f3 de productes.<\/p>\n<p><strong>CUINES PER A LA PREPARACI\u00d3 D\u2019ESTUDIS DE PRODUCTE:<\/strong><br \/>\nDues cuines a Barcelona i una cuina a Madrid totalment equipades per a l\u2019emmagatzematge, la manipulaci\u00f3 i la preparaci\u00f3 dels productes.<\/p>\n<p><strong>SALES DE PRESENTACI\u00d3 DE RESULTATS:<br \/>\n<\/strong>Impressi\u00f3 de q\u00fcestionaris, presentaci\u00f3 d\u2019informes i altres documents (dues m\u00e0quines multiimpressores: blanc i negre i color, i tres fotocopiadores).<\/p>\n<p><strong>DYMPHONE:<\/strong><br \/>\nEl nostre DYMPhone (Departament d\u2019Institut DYM per a la realitzaci\u00f3 d\u2019enquestes telef\u00f2niques a trav\u00e9s d\u2019ordinador: Computer Assisted Telephone Interview CATI) opera a trav\u00e9s d\u2019un centre propi d\u2019entrevistes telef\u00f2niques amb 118 estacions CATI, cosa que ens posiciona com un dels centres d\u2019atenci\u00f3 telef\u00f2nica m\u00e9s grans d\u2019Espanya dedicats en exclusiva a la realitzaci\u00f3 d\u2019entrevistes telef\u00f2niques, amb un equip de professionals i una organitzaci\u00f3 que ens permeten oferir als nostres clients una gran capacitat de treball realitzat amb una efic\u00e0cia molt alta.<\/p>\n<p><strong>CAMP PERSONAL:<br \/>\n<\/strong>Equips Tablet PC per a la realitzaci\u00f3 d\u2019entrevistes personals en sales i per a la realitzaci\u00f3 d\u2019enquestes personals i comptatges.<\/p>\n<p><strong>CODIFICACI\u00d3:<\/strong><br \/>\nEquips inform\u00e0tics per a la realitzaci\u00f3 de CODIFICACI\u00d3 INFORM\u00c0TICA.<\/p>\n<p><strong>M\u00c9S MATERIAL INSTITUT DYM:<\/strong><br \/>\n6 equips de TV i DVD\/v\u00eddeo per a la reproducci\u00f3, l\u2019enregistrament i el tractament de materials audiovisuals i publicitaris.<\/p>\n<p>Equipament inform\u00e0tic integral de tots els llocs de treball (m\u00e9s de 45 PC, excloent els llocs de treball CATI) connectats en xarxa d\u2019\u00e0rea local.<br \/>\nPerif\u00e8rics complementaris: 8 impressores, 8 m\u00f2dems, 15 CD-ROM\/DVD, 2 esc\u00e0ners, connexi\u00f3 a Internet, etc.<br \/>\nEquips de comunicacions amb m\u00e9s de 110 l\u00ednies telef\u00f2niques, fax i correu electr\u00f2nic.<br \/>\nConnexi\u00f3 entre les oficines de Madrid i Barcelona mitjan\u00e7ant punt a punt (transmissi\u00f3 de veu). Transmissi\u00f3 de dades mitjan\u00e7ant l\u00ednia ADSL de 4 MB\/seg.<\/p>\n","protected":false},"excerpt":{"rendered":"<p>Per poder satisfer les necessitats dels nostres clients i oferir-los un servei efica\u00e7 i personalitzat, Institut DYM disposa d\u2019oficines a Barcelona i Madrid. Barcelona C\/ C\u00f2rsega, 329 (4a planta) 08037 Barcelona Tel.: 93 415 20 20 Fax: 93 238 06 49 A\/e: mr@institutodym.es Madrid C\/ N\u00fa\u00f1ez de Balboa, 120 (2a planta) 28006 Madrid Tel.: 91 [&hellip;]<\/p>\n","protected":false},"author":1,"featured_media":0,"parent":0,"menu_order":0,"comment_status":"closed","ping_status":"closed","template":"template-somos.php","meta":{"_monsterinsights_skip_tracking":false,"_monsterinsights_sitenote_active":false,"_monsterinsights_sitenote_note":"","_monsterinsights_sitenote_category":0},"yoast_head":"<!-- This site is optimized with the Yoast SEO plugin v17.8 - https:\/\/yoast.com\/wordpress\/plugins\/seo\/ -->\n<meta name=\"robots\" content=\"index, follow, max-snippet:-1, max-image-preview:large, max-video-preview:-1\" \/>\n<link rel=\"canonical\" href=\"https:\/\/institutodym.es\/ca\/infraestructura\/\" \/>\n<meta property=\"og:locale\" content=\"ca_ES\" \/>\n<meta property=\"og:type\" content=\"article\" \/>\n<meta property=\"og:title\" content=\"Infraestructura - DYM - Market Research\" \/>\n<meta property=\"og:description\" content=\"Per poder satisfer les necessitats dels nostres clients i oferir-los un servei efica\u00e7 i personalitzat, Institut DYM disposa d\u2019oficines a Barcelona i Madrid. Barcelona C\/ C\u00f2rsega, 329 (4a planta) 08037 Barcelona Tel.: 93 415 20 20 Fax: 93 238 06 49 A\/e: mr@institutodym.es Madrid C\/ N\u00fa\u00f1ez de Balboa, 120 (2a planta) 28006 Madrid Tel.: 91 [&hellip;]\" \/>\n<meta property=\"og:url\" content=\"https:\/\/institutodym.es\/ca\/infraestructura\/\" \/>\n<meta property=\"og:site_name\" content=\"DYM - Market Research\" \/>\n<meta name=\"twitter:card\" content=\"summary_large_image\" \/>\n<meta name=\"twitter:label1\" content=\"Temps estimat de lectura\" \/>\n\t<meta name=\"twitter:data1\" content=\"2 minuts\" \/>\n<script type=\"application\/ld+json\" class=\"yoast-schema-graph\">{\"@context\":\"https:\/\/schema.org\",\"@graph\":[{\"@type\":\"WebSite\",\"@id\":\"https:\/\/institutodym.es\/#website\",\"url\":\"https:\/\/institutodym.es\/\",\"name\":\"DYM - Market Research\",\"description\":\"\",\"potentialAction\":[{\"@type\":\"SearchAction\",\"target\":{\"@type\":\"EntryPoint\",\"urlTemplate\":\"https:\/\/institutodym.es\/?s={search_term_string}\"},\"query-input\":\"required name=search_term_string\"}],\"inLanguage\":\"ca\"},{\"@type\":\"WebPage\",\"@id\":\"https:\/\/institutodym.es\/ca\/infraestructura\/#webpage\",\"url\":\"https:\/\/institutodym.es\/ca\/infraestructura\/\",\"name\":\"Infraestructura - DYM - Market Research\",\"isPartOf\":{\"@id\":\"https:\/\/institutodym.es\/#website\"},\"datePublished\":\"2016-07-17T17:51:16+00:00\",\"dateModified\":\"2016-07-17T17:51:16+00:00\",\"breadcrumb\":{\"@id\":\"https:\/\/institutodym.es\/ca\/infraestructura\/#breadcrumb\"},\"inLanguage\":\"ca\",\"potentialAction\":[{\"@type\":\"ReadAction\",\"target\":[\"https:\/\/institutodym.es\/ca\/infraestructura\/\"]}]},{\"@type\":\"BreadcrumbList\",\"@id\":\"https:\/\/institutodym.es\/ca\/infraestructura\/#breadcrumb\",\"itemListElement\":[{\"@type\":\"ListItem\",\"position\":1,\"name\":\"Portada\",\"item\":\"https:\/\/institutodym.es\/ca\/\"},{\"@type\":\"ListItem\",\"position\":2,\"name\":\"Infraestructura\"}]}]}<\/script>\n<!-- \/ Yoast SEO plugin. -->","yoast_head_json":{"robots":{"index":"index","follow":"follow","max-snippet":"max-snippet:-1","max-image-preview":"max-image-preview:large","max-video-preview":"max-video-preview:-1"},"canonical":"https:\/\/institutodym.es\/ca\/infraestructura\/","og_locale":"ca_ES","og_type":"article","og_title":"Infraestructura - DYM - Market Research","og_description":"Per poder satisfer les necessitats dels nostres clients i oferir-los un servei efica\u00e7 i personalitzat, Institut DYM disposa d\u2019oficines a Barcelona i Madrid. Barcelona C\/ C\u00f2rsega, 329 (4a planta) 08037 Barcelona Tel.: 93 415 20 20 Fax: 93 238 06 49 A\/e: mr@institutodym.es Madrid C\/ N\u00fa\u00f1ez de Balboa, 120 (2a planta) 28006 Madrid Tel.: 91 [&hellip;]","og_url":"https:\/\/institutodym.es\/ca\/infraestructura\/","og_site_name":"DYM - Market Research","twitter_card":"summary_large_image","twitter_misc":{"Temps estimat de lectura":"2 minuts"},"schema":{"@context":"https:\/\/schema.org","@graph":[{"@type":"WebSite","@id":"https:\/\/institutodym.es\/#website","url":"https:\/\/institutodym.es\/","name":"DYM - Market Research","description":"","potentialAction":[{"@type":"SearchAction","target":{"@type":"EntryPoint","urlTemplate":"https:\/\/institutodym.es\/?s={search_term_string}"},"query-input":"required name=search_term_string"}],"inLanguage":"ca"},{"@type":"WebPage","@id":"https:\/\/institutodym.es\/ca\/infraestructura\/#webpage","url":"https:\/\/institutodym.es\/ca\/infraestructura\/","name":"Infraestructura - DYM - Market Research","isPartOf":{"@id":"https:\/\/institutodym.es\/#website"},"datePublished":"2016-07-17T17:51:16+00:00","dateModified":"2016-07-17T17:51:16+00:00","breadcrumb":{"@id":"https:\/\/institutodym.es\/ca\/infraestructura\/#breadcrumb"},"inLanguage":"ca","potentialAction":[{"@type":"ReadAction","target":["https:\/\/institutodym.es\/ca\/infraestructura\/"]}]},{"@type":"BreadcrumbList","@id":"https:\/\/institutodym.es\/ca\/infraestructura\/#breadcrumb","itemListElement":[{"@type":"ListItem","position":1,"name":"Portada","item":"https:\/\/institutodym.es\/ca\/"},{"@type":"ListItem","position":2,"name":"Infraestructura"}]}]}},"_links":{"self":[{"href":"https:\/\/institutodym.es\/ca\/wp-json\/wp\/v2\/pages\/136"}],"collection":[{"href":"https:\/\/institutodym.es\/ca\/wp-json\/wp\/v2\/pages"}],"about":[{"href":"https:\/\/institutodym.es\/ca\/wp-json\/wp\/v2\/types\/page"}],"author":[{"embeddable":true,"href":"https:\/\/institutodym.es\/ca\/wp-json\/wp\/v2\/users\/1"}],"replies":[{"embeddable":true,"href":"https:\/\/institutodym.es\/ca\/wp-json\/wp\/v2\/comments?post=136"}],"version-history":[{"count":1,"href":"https:\/\/institutodym.es\/ca\/wp-json\/wp\/v2\/pages\/136\/revisions"}],"predecessor-version":[{"id":137,"href":"https:\/\/institutodym.es\/ca\/wp-json\/wp\/v2\/pages\/136\/revisions\/137"}],"wp:attachment":[{"href":"https:\/\/institutodym.es\/ca\/wp-json\/wp\/v2\/media?parent=136"}],"curies":[{"name":"wp","href":"https:\/\/api.w.org\/{rel}","templated":true}]}}