{"id":142,"date":"2016-07-17T17:52:59","date_gmt":"2016-07-17T17:52:59","guid":{"rendered":"https:\/\/institutodym.es\/ca\/?page_id=142"},"modified":"2022-03-25T14:04:31","modified_gmt":"2022-03-25T14:04:31","slug":"politica-de-qualitat","status":"publish","type":"page","link":"https:\/\/institutodym.es\/ca\/politica-de-qualitat\/","title":{"rendered":"Pol\u00edtica de qualitat"},"content":{"rendered":"<p><strong>Institut DYM<\/strong> ha estat acreditat amb la <strong>Norma UNE-ISO 20252, certificada per AENOR<\/strong> i el codi de conducta <strong>CCI\/ESOMAR.<\/strong><\/p>\n<p>Aquesta norma regula els processos de treball i els mecanismes de control de qualitat de totes les fases de cada treball, des de l\u2019elaboraci\u00f3 de propostes i informes, fins al disseny de q\u00fcestionaris, treball de camp, codificaci\u00f3 i tabulaci\u00f3 de dades, informes, conclusions.<\/p>\n<p>\u00a0<\/p>\n<div class=\"wp-block-image\">\n<figure class=\"aligncenter size-full\"><img loading=\"lazy\" width=\"544\" height=\"778\" src=\"https:\/\/institutodym.es\/wp-content\/uploads\/2022\/03\/DECLARACION-APLICABILIDAD-DYM_1-1.jpg\" alt=\"\" class=\"wp-image-2940\" srcset=\"https:\/\/institutodym.es\/wp-content\/uploads\/2022\/03\/DECLARACION-APLICABILIDAD-DYM_1-1.jpg 544w, https:\/\/institutodym.es\/wp-content\/uploads\/2022\/03\/DECLARACION-APLICABILIDAD-DYM_1-1-210x300.jpg 210w\" sizes=\"(max-width: 544px) 100vw, 544px\" \/><\/figure>\n<\/div>\n<div class=\"wp-block-image\">\n<figure class=\"aligncenter size-full\"><img loading=\"lazy\" width=\"608\" height=\"795\" src=\"https:\/\/institutodym.es\/wp-content\/uploads\/2022\/03\/DECLARACION-APLICABILIDAD-DYM_2-1.jpg\" alt=\"\" class=\"wp-image-2943\" srcset=\"https:\/\/institutodym.es\/wp-content\/uploads\/2022\/03\/DECLARACION-APLICABILIDAD-DYM_2-1.jpg 608w, https:\/\/institutodym.es\/wp-content\/uploads\/2022\/03\/DECLARACION-APLICABILIDAD-DYM_2-1-229x300.jpg 229w\" sizes=\"(max-width: 608px) 100vw, 608px\" \/><\/figure>\n<\/div>\n<div class=\"wp-block-image\">\n<figure class=\"aligncenter size-full\"><img loading=\"lazy\" width=\"1024\" height=\"724\" src=\"https:\/\/institutodym.es\/wp-content\/uploads\/2022\/03\/Decalogo-calidad-1024x724-1.jpg\" alt=\"\" class=\"wp-image-2946\" srcset=\"https:\/\/institutodym.es\/wp-content\/uploads\/2022\/03\/Decalogo-calidad-1024x724-1.jpg 1024w, https:\/\/institutodym.es\/wp-content\/uploads\/2022\/03\/Decalogo-calidad-1024x724-1-300x212.jpg 300w, https:\/\/institutodym.es\/wp-content\/uploads\/2022\/03\/Decalogo-calidad-1024x724-1-768x543.jpg 768w\" sizes=\"(max-width: 1024px) 100vw, 1024px\" \/><\/figure>\n<\/div>\n<p><strong>Institut DYM, com a membre de la associaci\u00f3 Insights &amp; Analytics Espanya, desenvolupa el SISTEMA SACC (Sistema Aneimo de Qualitat de Captacions).<\/strong><\/p>\n<p>El Sistema de Qualitat de Captacions (SACC) forma part del programa de qualitat que Insights &amp; Analytics promou dins del sector d\u2019investigaci\u00f3.<\/p>\n<p>Gr\u00e0cies al SACC, tant el client com l\u2019empresa que realitza estudis qualitatius poden disposar d\u2019informaci\u00f3 sobre la participaci\u00f3 pr\u00e8via dels seleccionats en altres estudis qualitatius. Aix\u00f2 permet evitar l\u2019assist\u00e8ncia reiterada i millorar aix\u00ed el sistema de reclutament.<\/p>\n","protected":false},"excerpt":{"rendered":"<p>Institut DYM ha estat acreditat amb la Norma UNE-ISO 20252, certificada per AENOR i el codi de conducta CCI\/ESOMAR. Aquesta norma regula els processos de treball i els mecanismes de control de qualitat de totes les fases de cada treball, des de l\u2019elaboraci\u00f3 de propostes i informes, fins al disseny de q\u00fcestionaris, treball de camp, [&hellip;]<\/p>\n","protected":false},"author":1,"featured_media":0,"parent":0,"menu_order":0,"comment_status":"closed","ping_status":"closed","template":"template-somos.php","meta":{"_monsterinsights_skip_tracking":false,"_monsterinsights_sitenote_active":false,"_monsterinsights_sitenote_note":"","_monsterinsights_sitenote_category":0},"yoast_head":"<!-- This site is optimized with the Yoast SEO plugin v17.8 - https:\/\/yoast.com\/wordpress\/plugins\/seo\/ -->\n<meta name=\"robots\" content=\"index, follow, max-snippet:-1, max-image-preview:large, max-video-preview:-1\" \/>\n<link rel=\"canonical\" href=\"https:\/\/institutodym.es\/ca\/politica-de-qualitat\/\" \/>\n<meta property=\"og:locale\" content=\"ca_ES\" \/>\n<meta property=\"og:type\" content=\"article\" \/>\n<meta property=\"og:title\" content=\"Pol\u00edtica de qualitat - DYM - Market Research\" \/>\n<meta property=\"og:description\" content=\"Institut DYM ha estat acreditat amb la Norma UNE-ISO 20252, certificada per AENOR i el codi de conducta CCI\/ESOMAR. Aquesta norma regula els processos de treball i els mecanismes de control de qualitat de totes les fases de cada treball, des de l\u2019elaboraci\u00f3 de propostes i informes, fins al disseny de q\u00fcestionaris, treball de camp, [&hellip;]\" \/>\n<meta property=\"og:url\" content=\"https:\/\/institutodym.es\/ca\/politica-de-qualitat\/\" \/>\n<meta property=\"og:site_name\" content=\"DYM - Market Research\" \/>\n<meta property=\"article:modified_time\" content=\"2022-03-25T14:04:31+00:00\" \/>\n<meta property=\"og:image\" content=\"https:\/\/institutodym.es\/wp-content\/uploads\/2022\/03\/DECLARACION-APLICABILIDAD-DYM_1-1.jpg\" \/>\n<meta name=\"twitter:card\" content=\"summary_large_image\" \/>\n<meta name=\"twitter:label1\" content=\"Temps estimat de lectura\" \/>\n\t<meta name=\"twitter:data1\" content=\"2 minuts\" \/>\n<script type=\"application\/ld+json\" class=\"yoast-schema-graph\">{\"@context\":\"https:\/\/schema.org\",\"@graph\":[{\"@type\":\"WebSite\",\"@id\":\"https:\/\/institutodym.es\/#website\",\"url\":\"https:\/\/institutodym.es\/\",\"name\":\"DYM - Market Research\",\"description\":\"\",\"potentialAction\":[{\"@type\":\"SearchAction\",\"target\":{\"@type\":\"EntryPoint\",\"urlTemplate\":\"https:\/\/institutodym.es\/?s={search_term_string}\"},\"query-input\":\"required name=search_term_string\"}],\"inLanguage\":\"ca\"},{\"@type\":\"ImageObject\",\"@id\":\"https:\/\/institutodym.es\/ca\/politica-de-qualitat\/#primaryimage\",\"inLanguage\":\"ca\",\"url\":\"https:\/\/institutodym.es\/wp-content\/uploads\/2022\/03\/DECLARACION-APLICABILIDAD-DYM_1-1.jpg\",\"contentUrl\":\"https:\/\/institutodym.es\/wp-content\/uploads\/2022\/03\/DECLARACION-APLICABILIDAD-DYM_1-1.jpg\",\"width\":544,\"height\":778},{\"@type\":\"WebPage\",\"@id\":\"https:\/\/institutodym.es\/ca\/politica-de-qualitat\/#webpage\",\"url\":\"https:\/\/institutodym.es\/ca\/politica-de-qualitat\/\",\"name\":\"Pol\\u00edtica de qualitat - DYM - Market Research\",\"isPartOf\":{\"@id\":\"https:\/\/institutodym.es\/#website\"},\"primaryImageOfPage\":{\"@id\":\"https:\/\/institutodym.es\/ca\/politica-de-qualitat\/#primaryimage\"},\"datePublished\":\"2016-07-17T17:52:59+00:00\",\"dateModified\":\"2022-03-25T14:04:31+00:00\",\"breadcrumb\":{\"@id\":\"https:\/\/institutodym.es\/ca\/politica-de-qualitat\/#breadcrumb\"},\"inLanguage\":\"ca\",\"potentialAction\":[{\"@type\":\"ReadAction\",\"target\":[\"https:\/\/institutodym.es\/ca\/politica-de-qualitat\/\"]}]},{\"@type\":\"BreadcrumbList\",\"@id\":\"https:\/\/institutodym.es\/ca\/politica-de-qualitat\/#breadcrumb\",\"itemListElement\":[{\"@type\":\"ListItem\",\"position\":1,\"name\":\"Portada\",\"item\":\"https:\/\/institutodym.es\/ca\/\"},{\"@type\":\"ListItem\",\"position\":2,\"name\":\"Pol\\u00edtica de qualitat\"}]}]}<\/script>\n<!-- \/ Yoast SEO plugin. -->","yoast_head_json":{"robots":{"index":"index","follow":"follow","max-snippet":"max-snippet:-1","max-image-preview":"max-image-preview:large","max-video-preview":"max-video-preview:-1"},"canonical":"https:\/\/institutodym.es\/ca\/politica-de-qualitat\/","og_locale":"ca_ES","og_type":"article","og_title":"Pol\u00edtica de qualitat - DYM - Market Research","og_description":"Institut DYM ha estat acreditat amb la Norma UNE-ISO 20252, certificada per AENOR i el codi de conducta CCI\/ESOMAR. Aquesta norma regula els processos de treball i els mecanismes de control de qualitat de totes les fases de cada treball, des de l\u2019elaboraci\u00f3 de propostes i informes, fins al disseny de q\u00fcestionaris, treball de camp, [&hellip;]","og_url":"https:\/\/institutodym.es\/ca\/politica-de-qualitat\/","og_site_name":"DYM - Market Research","article_modified_time":"2022-03-25T14:04:31+00:00","og_image":[{"url":"https:\/\/institutodym.es\/wp-content\/uploads\/2022\/03\/DECLARACION-APLICABILIDAD-DYM_1-1.jpg"}],"twitter_card":"summary_large_image","twitter_misc":{"Temps estimat de lectura":"2 minuts"},"schema":{"@context":"https:\/\/schema.org","@graph":[{"@type":"WebSite","@id":"https:\/\/institutodym.es\/#website","url":"https:\/\/institutodym.es\/","name":"DYM - Market Research","description":"","potentialAction":[{"@type":"SearchAction","target":{"@type":"EntryPoint","urlTemplate":"https:\/\/institutodym.es\/?s={search_term_string}"},"query-input":"required name=search_term_string"}],"inLanguage":"ca"},{"@type":"ImageObject","@id":"https:\/\/institutodym.es\/ca\/politica-de-qualitat\/#primaryimage","inLanguage":"ca","url":"https:\/\/institutodym.es\/wp-content\/uploads\/2022\/03\/DECLARACION-APLICABILIDAD-DYM_1-1.jpg","contentUrl":"https:\/\/institutodym.es\/wp-content\/uploads\/2022\/03\/DECLARACION-APLICABILIDAD-DYM_1-1.jpg","width":544,"height":778},{"@type":"WebPage","@id":"https:\/\/institutodym.es\/ca\/politica-de-qualitat\/#webpage","url":"https:\/\/institutodym.es\/ca\/politica-de-qualitat\/","name":"Pol\u00edtica de qualitat - DYM - Market Research","isPartOf":{"@id":"https:\/\/institutodym.es\/#website"},"primaryImageOfPage":{"@id":"https:\/\/institutodym.es\/ca\/politica-de-qualitat\/#primaryimage"},"datePublished":"2016-07-17T17:52:59+00:00","dateModified":"2022-03-25T14:04:31+00:00","breadcrumb":{"@id":"https:\/\/institutodym.es\/ca\/politica-de-qualitat\/#breadcrumb"},"inLanguage":"ca","potentialAction":[{"@type":"ReadAction","target":["https:\/\/institutodym.es\/ca\/politica-de-qualitat\/"]}]},{"@type":"BreadcrumbList","@id":"https:\/\/institutodym.es\/ca\/politica-de-qualitat\/#breadcrumb","itemListElement":[{"@type":"ListItem","position":1,"name":"Portada","item":"https:\/\/institutodym.es\/ca\/"},{"@type":"ListItem","position":2,"name":"Pol\u00edtica de qualitat"}]}]}},"_links":{"self":[{"href":"https:\/\/institutodym.es\/ca\/wp-json\/wp\/v2\/pages\/142"}],"collection":[{"href":"https:\/\/institutodym.es\/ca\/wp-json\/wp\/v2\/pages"}],"about":[{"href":"https:\/\/institutodym.es\/ca\/wp-json\/wp\/v2\/types\/page"}],"author":[{"embeddable":true,"href":"https:\/\/institutodym.es\/ca\/wp-json\/wp\/v2\/users\/1"}],"replies":[{"embeddable":true,"href":"https:\/\/institutodym.es\/ca\/wp-json\/wp\/v2\/comments?post=142"}],"version-history":[{"count":3,"href":"https:\/\/institutodym.es\/ca\/wp-json\/wp\/v2\/pages\/142\/revisions"}],"predecessor-version":[{"id":2949,"href":"https:\/\/institutodym.es\/ca\/wp-json\/wp\/v2\/pages\/142\/revisions\/2949"}],"wp:attachment":[{"href":"https:\/\/institutodym.es\/ca\/wp-json\/wp\/v2\/media?parent=142"}],"curies":[{"name":"wp","href":"https:\/\/api.w.org\/{rel}","templated":true}]}}