{"id":153,"date":"2016-07-17T18:00:29","date_gmt":"2016-07-17T18:00:29","guid":{"rendered":"https:\/\/institutodym.es\/ca\/?page_id=153"},"modified":"2016-07-17T18:00:29","modified_gmt":"2016-07-17T18:00:29","slug":"divisio-quantitativa","status":"publish","type":"page","link":"https:\/\/institutodym.es\/ca\/divisio-quantitativa\/","title":{"rendered":"Divisi\u00f3 Quantitativa"},"content":{"rendered":"<div id=\"primary\" class=\"hfeed\">\n<div id=\"post-25\" class=\"post-25 post type-post hentry category-que-hacemos p publish first-post author-admin cat untagged y2010 m08 d25 h21 withmenu\">\n<div class=\"entry-content article\">\n<p><strong>Institut DYM<\/strong> \u00e9s una companyia de serveis plens en investigaci\u00f3, ad-hoc <strong>quantitativa <\/strong>i qualitativa, de mercat i d\u2019opini\u00f3.<br \/>\n<strong>Institut DYM<\/strong> treballa tant en l\u2019\u00e0mbit nacional com en l\u2019internacional.<\/p>\n<p style=\"text-align: center;\"><strong>\u00c0REA QUANTITATIVA<\/strong><\/p>\n<ul>\n<li><strong>\u00d3MNIBUS 2015<\/strong><\/li>\n<li><strong>ESTUDIS D\u2019HABITS DE CONSUM<\/strong><\/li>\n<li><strong>ESTUDIS PUBLICITARIS<\/strong><\/li>\n<li><strong>ESTUDIS DE SATISFACCI\u00d3<\/strong><\/li>\n<li><strong>ESTUDIS D\u2019IMATGE I POSICIONAMENT DE MARCA<\/strong><\/li>\n<li><strong>ESTUDIS D.A.P:<\/strong> (Departament d\u2019An\u00e0lisi de Producte).Analitzem tots els components del producte en qualsevol de les seves modalitats.<\/li>\n<li><strong>ESTUDIS DE TURISME<\/strong><\/li>\n<li><strong>ESTUDIS DE MOBILIDAD I TRANSPORT<\/strong>: Estudis relacionats amb la mobilitat de la poblaci\u00f3 i totes les circumst\u00e0ncies que l\u2019engloben.<br \/>\n<em>Estudis sobre las caracter\u00edstiques de la mobilitat de la poblaci\u00f3 i els seus h\u00e0bits<br \/>\n<\/em><em>An\u00e0lisis de la mobilitat.<br \/>\n<\/em><em>Comptatges puja i baixa.<br \/>\n<\/em><em>Matrius Origen Destinaci\u00f3(O\/D).<br \/>\n<\/em><em>Estudis d\u2019an\u00e0lisis per integrar titols socials.<br \/>\n<\/em><em>An\u00e0lisis d\u2019Efic\u00e0cia Publicit\u00e0ria.<br \/>\n<\/em><em>Estudis per analitzar el nivell de frau.<\/em><\/li>\n<\/ul>\n<ul>\n<li><strong>ESTUDIS POL\u00cdTICS I D\u2019OPINI\u00d3 P\u00daBLICA<br \/>\n<\/strong><em>Sondejos Electorals.<br \/>\n<\/em><em>Investigaci\u00f3 Sociol\u00f2gica.<br \/>\n<\/em><em>Estimaci\u00f3 de Vot.<\/em><\/li>\n<\/ul>\n<ul>\n<li><strong>ESTUDIS TECNOL\u00d2GICS I DE COMUNICACI\u00d3<\/strong><\/li>\n<li><strong>ESTUDIS DE MITJANS<\/strong><\/li>\n<li><strong>ESTUDIS PER L\u2019ADMINISTRACI\u00d3 P\u00daBLICA:<\/strong> Institut DYM al llarg de la seva hist\u00f2ria, ha estat classificat per col.laborar amb l\u2019Administraci\u00f3 p\u00fablica espanyola. Aix\u00ed mateix, est\u00e0 homologat per administracions tant p\u00fabliques com privades, com ara l\u2019Ajuntament de Barcelona, la Diputaci\u00f3 de Barcelona, el Centre d\u2019Estudis d\u2019Opini\u00f3 (CEO), etc.<\/li>\n<li><strong>DYMPHARMA<\/strong> \u00e9s el departament de Institut DYM, her\u00e8ncia de la nostra experi\u00e8ncia acumulada en els estudis de mercat metge-farmac\u00e8utics durant m\u00e9s de 48 anys i del constant desenvolupament de la pr\u00f2pia recerca amb nous conceptes i metodologies de treball.<\/li>\n<\/ul>\n<p style=\"text-align: center;\"><strong>M\u00c8TODES DE RECOLLIDA DE LA INFORMACI\u00d3<\/strong><\/p>\n<ul>\n<li><strong>PAPI<\/strong>: Sistema tradicional de recollida d\u2019informaci\u00f3 mitjan\u00e7ant un q\u00fcestionari impr\u00e8s en paper i emplenat amb bol\u00edgraf.<\/li>\n<li><strong>CAPI:<\/strong> Recollida d\u2019informaci\u00f3 mitjan\u00e7ant entrevista personal assistida per ordinador [Computer Assited Personal Interview].<\/li>\n<li><strong>CATI<\/strong>:Sistema d\u2019entrevistes telef\u00f2niques assistides per ordinadors [Computer Assisted Telephone Interview].<\/li>\n<li><strong>ONLINE<\/strong>: Sistema d\u2019entrevistes realitzades a trav\u00e9s de web en l\u00ednia.<\/li>\n<li><strong>Mail<\/strong><\/li>\n<li><strong>Mystery Shoppers<\/strong><\/li>\n<li><strong>Desk Research<\/strong><\/li>\n<\/ul>\n<\/div>\n<\/div>\n<\/div>\n<div id=\"secondary\" class=\"aside\"><\/div>\n","protected":false},"excerpt":{"rendered":"<p>Institut DYM \u00e9s una companyia de serveis plens en investigaci\u00f3, ad-hoc quantitativa i qualitativa, de mercat i d\u2019opini\u00f3. Institut DYM treballa tant en l\u2019\u00e0mbit nacional com en l\u2019internacional. \u00c0REA QUANTITATIVA \u00d3MNIBUS 2015 ESTUDIS D\u2019HABITS DE CONSUM ESTUDIS PUBLICITARIS ESTUDIS DE SATISFACCI\u00d3 ESTUDIS D\u2019IMATGE I POSICIONAMENT DE MARCA ESTUDIS D.A.P: (Departament d\u2019An\u00e0lisi de Producte).Analitzem tots els [&hellip;]<\/p>\n","protected":false},"author":1,"featured_media":0,"parent":0,"menu_order":0,"comment_status":"closed","ping_status":"closed","template":"template-hacemos.php","meta":{"_monsterinsights_skip_tracking":false,"_monsterinsights_sitenote_active":false,"_monsterinsights_sitenote_note":"","_monsterinsights_sitenote_category":0},"yoast_head":"<!-- This site is optimized with the Yoast SEO plugin v17.8 - https:\/\/yoast.com\/wordpress\/plugins\/seo\/ -->\n<meta name=\"robots\" content=\"index, follow, max-snippet:-1, max-image-preview:large, max-video-preview:-1\" \/>\n<link rel=\"canonical\" href=\"https:\/\/institutodym.es\/ca\/divisio-quantitativa\/\" \/>\n<meta property=\"og:locale\" content=\"ca_ES\" \/>\n<meta property=\"og:type\" content=\"article\" \/>\n<meta property=\"og:title\" content=\"Divisi\u00f3 Quantitativa - DYM - Market Research\" \/>\n<meta property=\"og:description\" content=\"Institut DYM \u00e9s una companyia de serveis plens en investigaci\u00f3, ad-hoc quantitativa i qualitativa, de mercat i d\u2019opini\u00f3. Institut DYM treballa tant en l\u2019\u00e0mbit nacional com en l\u2019internacional. \u00c0REA QUANTITATIVA \u00d3MNIBUS 2015 ESTUDIS D\u2019HABITS DE CONSUM ESTUDIS PUBLICITARIS ESTUDIS DE SATISFACCI\u00d3 ESTUDIS D\u2019IMATGE I POSICIONAMENT DE MARCA ESTUDIS D.A.P: (Departament d\u2019An\u00e0lisi de Producte).Analitzem tots els [&hellip;]\" \/>\n<meta property=\"og:url\" content=\"https:\/\/institutodym.es\/ca\/divisio-quantitativa\/\" \/>\n<meta property=\"og:site_name\" content=\"DYM - Market Research\" \/>\n<meta name=\"twitter:card\" content=\"summary_large_image\" \/>\n<meta name=\"twitter:label1\" content=\"Temps estimat de lectura\" \/>\n\t<meta name=\"twitter:data1\" content=\"2 minuts\" \/>\n<script type=\"application\/ld+json\" class=\"yoast-schema-graph\">{\"@context\":\"https:\/\/schema.org\",\"@graph\":[{\"@type\":\"WebSite\",\"@id\":\"https:\/\/institutodym.es\/#website\",\"url\":\"https:\/\/institutodym.es\/\",\"name\":\"DYM - Market Research\",\"description\":\"\",\"potentialAction\":[{\"@type\":\"SearchAction\",\"target\":{\"@type\":\"EntryPoint\",\"urlTemplate\":\"https:\/\/institutodym.es\/?s={search_term_string}\"},\"query-input\":\"required name=search_term_string\"}],\"inLanguage\":\"ca\"},{\"@type\":\"WebPage\",\"@id\":\"https:\/\/institutodym.es\/ca\/divisio-quantitativa\/#webpage\",\"url\":\"https:\/\/institutodym.es\/ca\/divisio-quantitativa\/\",\"name\":\"Divisi\\u00f3 Quantitativa - DYM - Market Research\",\"isPartOf\":{\"@id\":\"https:\/\/institutodym.es\/#website\"},\"datePublished\":\"2016-07-17T18:00:29+00:00\",\"dateModified\":\"2016-07-17T18:00:29+00:00\",\"breadcrumb\":{\"@id\":\"https:\/\/institutodym.es\/ca\/divisio-quantitativa\/#breadcrumb\"},\"inLanguage\":\"ca\",\"potentialAction\":[{\"@type\":\"ReadAction\",\"target\":[\"https:\/\/institutodym.es\/ca\/divisio-quantitativa\/\"]}]},{\"@type\":\"BreadcrumbList\",\"@id\":\"https:\/\/institutodym.es\/ca\/divisio-quantitativa\/#breadcrumb\",\"itemListElement\":[{\"@type\":\"ListItem\",\"position\":1,\"name\":\"Portada\",\"item\":\"https:\/\/institutodym.es\/ca\/\"},{\"@type\":\"ListItem\",\"position\":2,\"name\":\"Divisi\\u00f3 Quantitativa\"}]}]}<\/script>\n<!-- \/ Yoast SEO plugin. -->","yoast_head_json":{"robots":{"index":"index","follow":"follow","max-snippet":"max-snippet:-1","max-image-preview":"max-image-preview:large","max-video-preview":"max-video-preview:-1"},"canonical":"https:\/\/institutodym.es\/ca\/divisio-quantitativa\/","og_locale":"ca_ES","og_type":"article","og_title":"Divisi\u00f3 Quantitativa - DYM - Market Research","og_description":"Institut DYM \u00e9s una companyia de serveis plens en investigaci\u00f3, ad-hoc quantitativa i qualitativa, de mercat i d\u2019opini\u00f3. Institut DYM treballa tant en l\u2019\u00e0mbit nacional com en l\u2019internacional. \u00c0REA QUANTITATIVA \u00d3MNIBUS 2015 ESTUDIS D\u2019HABITS DE CONSUM ESTUDIS PUBLICITARIS ESTUDIS DE SATISFACCI\u00d3 ESTUDIS D\u2019IMATGE I POSICIONAMENT DE MARCA ESTUDIS D.A.P: (Departament d\u2019An\u00e0lisi de Producte).Analitzem tots els [&hellip;]","og_url":"https:\/\/institutodym.es\/ca\/divisio-quantitativa\/","og_site_name":"DYM - Market Research","twitter_card":"summary_large_image","twitter_misc":{"Temps estimat de lectura":"2 minuts"},"schema":{"@context":"https:\/\/schema.org","@graph":[{"@type":"WebSite","@id":"https:\/\/institutodym.es\/#website","url":"https:\/\/institutodym.es\/","name":"DYM - Market Research","description":"","potentialAction":[{"@type":"SearchAction","target":{"@type":"EntryPoint","urlTemplate":"https:\/\/institutodym.es\/?s={search_term_string}"},"query-input":"required name=search_term_string"}],"inLanguage":"ca"},{"@type":"WebPage","@id":"https:\/\/institutodym.es\/ca\/divisio-quantitativa\/#webpage","url":"https:\/\/institutodym.es\/ca\/divisio-quantitativa\/","name":"Divisi\u00f3 Quantitativa - DYM - Market Research","isPartOf":{"@id":"https:\/\/institutodym.es\/#website"},"datePublished":"2016-07-17T18:00:29+00:00","dateModified":"2016-07-17T18:00:29+00:00","breadcrumb":{"@id":"https:\/\/institutodym.es\/ca\/divisio-quantitativa\/#breadcrumb"},"inLanguage":"ca","potentialAction":[{"@type":"ReadAction","target":["https:\/\/institutodym.es\/ca\/divisio-quantitativa\/"]}]},{"@type":"BreadcrumbList","@id":"https:\/\/institutodym.es\/ca\/divisio-quantitativa\/#breadcrumb","itemListElement":[{"@type":"ListItem","position":1,"name":"Portada","item":"https:\/\/institutodym.es\/ca\/"},{"@type":"ListItem","position":2,"name":"Divisi\u00f3 Quantitativa"}]}]}},"_links":{"self":[{"href":"https:\/\/institutodym.es\/ca\/wp-json\/wp\/v2\/pages\/153"}],"collection":[{"href":"https:\/\/institutodym.es\/ca\/wp-json\/wp\/v2\/pages"}],"about":[{"href":"https:\/\/institutodym.es\/ca\/wp-json\/wp\/v2\/types\/page"}],"author":[{"embeddable":true,"href":"https:\/\/institutodym.es\/ca\/wp-json\/wp\/v2\/users\/1"}],"replies":[{"embeddable":true,"href":"https:\/\/institutodym.es\/ca\/wp-json\/wp\/v2\/comments?post=153"}],"version-history":[{"count":1,"href":"https:\/\/institutodym.es\/ca\/wp-json\/wp\/v2\/pages\/153\/revisions"}],"predecessor-version":[{"id":154,"href":"https:\/\/institutodym.es\/ca\/wp-json\/wp\/v2\/pages\/153\/revisions\/154"}],"wp:attachment":[{"href":"https:\/\/institutodym.es\/ca\/wp-json\/wp\/v2\/media?parent=153"}],"curies":[{"name":"wp","href":"https:\/\/api.w.org\/{rel}","templated":true}]}}