{"id":158,"date":"2016-07-17T18:03:53","date_gmt":"2016-07-17T18:03:53","guid":{"rendered":"https:\/\/institutodym.es\/ca\/?page_id=158"},"modified":"2016-07-17T18:05:47","modified_gmt":"2016-07-17T18:05:47","slug":"coordinacio-internacional","status":"publish","type":"page","link":"https:\/\/institutodym.es\/ca\/coordinacio-internacional\/","title":{"rendered":"Coordinaci\u00f3 Internacional"},"content":{"rendered":"<div class=\"wow fadeInUp\"><img loading=\"lazy\" title=\"WIN GIA MEMBERS\" src=\"https:\/\/institutodym.es\/wp-content\/uploads\/2016\/07\/WIN-GIA-MEMBERS.jpg\" alt=\"\" width=\"799\" height=\"534\" \/><\/div>\n<p><strong>WIN GIA <\/strong>est\u00e0 format per instituts de recerca independents que s\u2019han unit per crear una plataforma global de Negocis Internacionals, sense deixar d\u2019 oferir la m\u00e9s alta qualitat d\u2019experi\u00e8ncia, professionalitat i atenci\u00f3 al client.<br \/>\n<strong>Instituto DYM<\/strong> com a membre de la xarxa internacional WIN ofereix poder dur a terme la seva recerca en un pa\u00eds determinat o fer-ho a una escala global.<\/p>\n<p><strong>WIN GIA<\/strong> inclou actualment 77 membres i pot treballar en qualsevol part del m\u00f3n. Nom\u00e9s hi ha un membre a cada pa\u00eds.<\/p>\n<p><a href=\"http:\/\/www.wingia.com\/\" target=\"_blank\">M\u00e1s Informaci\u00f3n<\/a><\/p>\n<div class=\"calltoaction\">\n<div class=\"row\">\n<div class=\"col-md-7\"><img src=\"https:\/\/institutodym.es\/wp-content\/uploads\/2016\/07\/barco2.jpg\" alt=\"\" \/><\/div>\n<div class=\"col-md-5\">\n<div class=\"calltoaction__text\">\n<h3>Instituto DYM<\/h3>\n<p>Ofrecemos todos los servicios y soluciones a los problemas de investigaci\u00f3n.<\/p>\n<\/div>\n<\/div>\n<\/div>\n<\/div>\n<div class=\"row\">\n<div class=\"col-md-9\">\n<div class=\"calltoaction\"><\/div>\n<h2 class=\"wow fadeInUp\">Duis aute irure dolor in reprehenderit in voluptate velit<\/h2>\n<p>Etiam porta sem malesuada magna mollis euismod. Donec ullamcorper nulla non metus auctor fringilla. Nullam id dolor id nibh ultricies vehicula ut id elit. Nullam quis risus eget urna mollis ornare vel eu leo. Etiam porta sem malesuada magna mollis euismod. Maecenas faucibus mollis interdum. Aenean eu leo quam. Pellentesque ornare sem lacinia quam venenatis vestibulum.<\/p>\n<ul>\n<li>Aenean eu leo quam.<\/li>\n<li>Pellentesque ornare sem lacinia quam venenatis vestibulum.<\/li>\n<li>Fusce dapibus tellus ac cursus commodo tortor mauris condimentum nibh.<\/li>\n<li>Nullam quis risus eget urna mollis ornare vel eu leo.<\/li>\n<\/ul>\n<\/div>\n<\/div>\n","protected":false},"excerpt":{"rendered":"<p>WIN GIA est\u00e0 format per instituts de recerca independents que s\u2019han unit per crear una plataforma global de Negocis Internacionals, sense deixar d\u2019 oferir la m\u00e9s alta qualitat d\u2019experi\u00e8ncia, professionalitat i atenci\u00f3 al client. Instituto DYM com a membre de la xarxa internacional WIN ofereix poder dur a terme la seva recerca en un pa\u00eds [&hellip;]<\/p>\n","protected":false},"author":1,"featured_media":730,"parent":0,"menu_order":0,"comment_status":"closed","ping_status":"closed","template":"template-hacemos.php","meta":{"_monsterinsights_skip_tracking":false,"_monsterinsights_sitenote_active":false,"_monsterinsights_sitenote_note":"","_monsterinsights_sitenote_category":0},"yoast_head":"<!-- This site is optimized with the Yoast SEO plugin v17.8 - https:\/\/yoast.com\/wordpress\/plugins\/seo\/ -->\n<meta name=\"robots\" content=\"index, follow, max-snippet:-1, max-image-preview:large, max-video-preview:-1\" \/>\n<link rel=\"canonical\" href=\"https:\/\/institutodym.es\/ca\/coordinacio-internacional\/\" \/>\n<meta property=\"og:locale\" content=\"ca_ES\" \/>\n<meta property=\"og:type\" content=\"article\" \/>\n<meta property=\"og:title\" content=\"Coordinaci\u00f3 Internacional - DYM - Market Research\" \/>\n<meta property=\"og:description\" content=\"WIN GIA est\u00e0 format per instituts de recerca independents que s\u2019han unit per crear una plataforma global de Negocis Internacionals, sense deixar d\u2019 oferir la m\u00e9s alta qualitat d\u2019experi\u00e8ncia, professionalitat i atenci\u00f3 al client. Instituto DYM com a membre de la xarxa internacional WIN ofereix poder dur a terme la seva recerca en un pa\u00eds [&hellip;]\" \/>\n<meta property=\"og:url\" content=\"https:\/\/institutodym.es\/ca\/coordinacio-internacional\/\" \/>\n<meta property=\"og:site_name\" content=\"DYM - Market Research\" \/>\n<meta property=\"article:modified_time\" content=\"2016-07-17T18:05:47+00:00\" \/>\n<meta property=\"og:image\" content=\"https:\/\/institutodym.es\/wp-content\/uploads\/2016\/07\/WELCOME-TO-WIN.jpg\" \/>\n\t<meta property=\"og:image:width\" content=\"1521\" \/>\n\t<meta property=\"og:image:height\" content=\"568\" \/>\n<meta name=\"twitter:card\" content=\"summary_large_image\" \/>\n<meta name=\"twitter:label1\" content=\"Temps estimat de lectura\" \/>\n\t<meta name=\"twitter:data1\" content=\"1 minut\" \/>\n<script type=\"application\/ld+json\" class=\"yoast-schema-graph\">{\"@context\":\"https:\/\/schema.org\",\"@graph\":[{\"@type\":\"WebSite\",\"@id\":\"https:\/\/institutodym.es\/#website\",\"url\":\"https:\/\/institutodym.es\/\",\"name\":\"DYM - Market Research\",\"description\":\"\",\"potentialAction\":[{\"@type\":\"SearchAction\",\"target\":{\"@type\":\"EntryPoint\",\"urlTemplate\":\"https:\/\/institutodym.es\/?s={search_term_string}\"},\"query-input\":\"required name=search_term_string\"}],\"inLanguage\":\"ca\"},{\"@type\":\"ImageObject\",\"@id\":\"https:\/\/institutodym.es\/ca\/coordinacio-internacional\/#primaryimage\",\"inLanguage\":\"ca\",\"url\":\"https:\/\/institutodym.es\/wp-content\/uploads\/2016\/07\/WELCOME-TO-WIN.jpg\",\"contentUrl\":\"https:\/\/institutodym.es\/wp-content\/uploads\/2016\/07\/WELCOME-TO-WIN.jpg\",\"width\":1521,\"height\":568},{\"@type\":\"WebPage\",\"@id\":\"https:\/\/institutodym.es\/ca\/coordinacio-internacional\/#webpage\",\"url\":\"https:\/\/institutodym.es\/ca\/coordinacio-internacional\/\",\"name\":\"Coordinaci\\u00f3 Internacional - DYM - Market Research\",\"isPartOf\":{\"@id\":\"https:\/\/institutodym.es\/#website\"},\"primaryImageOfPage\":{\"@id\":\"https:\/\/institutodym.es\/ca\/coordinacio-internacional\/#primaryimage\"},\"datePublished\":\"2016-07-17T18:03:53+00:00\",\"dateModified\":\"2016-07-17T18:05:47+00:00\",\"breadcrumb\":{\"@id\":\"https:\/\/institutodym.es\/ca\/coordinacio-internacional\/#breadcrumb\"},\"inLanguage\":\"ca\",\"potentialAction\":[{\"@type\":\"ReadAction\",\"target\":[\"https:\/\/institutodym.es\/ca\/coordinacio-internacional\/\"]}]},{\"@type\":\"BreadcrumbList\",\"@id\":\"https:\/\/institutodym.es\/ca\/coordinacio-internacional\/#breadcrumb\",\"itemListElement\":[{\"@type\":\"ListItem\",\"position\":1,\"name\":\"Portada\",\"item\":\"https:\/\/institutodym.es\/ca\/\"},{\"@type\":\"ListItem\",\"position\":2,\"name\":\"Coordinaci\\u00f3 Internacional\"}]}]}<\/script>\n<!-- \/ Yoast SEO plugin. -->","yoast_head_json":{"robots":{"index":"index","follow":"follow","max-snippet":"max-snippet:-1","max-image-preview":"max-image-preview:large","max-video-preview":"max-video-preview:-1"},"canonical":"https:\/\/institutodym.es\/ca\/coordinacio-internacional\/","og_locale":"ca_ES","og_type":"article","og_title":"Coordinaci\u00f3 Internacional - DYM - Market Research","og_description":"WIN GIA est\u00e0 format per instituts de recerca independents que s\u2019han unit per crear una plataforma global de Negocis Internacionals, sense deixar d\u2019 oferir la m\u00e9s alta qualitat d\u2019experi\u00e8ncia, professionalitat i atenci\u00f3 al client. Instituto DYM com a membre de la xarxa internacional WIN ofereix poder dur a terme la seva recerca en un pa\u00eds [&hellip;]","og_url":"https:\/\/institutodym.es\/ca\/coordinacio-internacional\/","og_site_name":"DYM - Market Research","article_modified_time":"2016-07-17T18:05:47+00:00","og_image":[{"width":1521,"height":568,"url":"https:\/\/institutodym.es\/wp-content\/uploads\/2016\/07\/WELCOME-TO-WIN.jpg","type":"image\/jpeg"}],"twitter_card":"summary_large_image","twitter_misc":{"Temps estimat de lectura":"1 minut"},"schema":{"@context":"https:\/\/schema.org","@graph":[{"@type":"WebSite","@id":"https:\/\/institutodym.es\/#website","url":"https:\/\/institutodym.es\/","name":"DYM - Market Research","description":"","potentialAction":[{"@type":"SearchAction","target":{"@type":"EntryPoint","urlTemplate":"https:\/\/institutodym.es\/?s={search_term_string}"},"query-input":"required name=search_term_string"}],"inLanguage":"ca"},{"@type":"ImageObject","@id":"https:\/\/institutodym.es\/ca\/coordinacio-internacional\/#primaryimage","inLanguage":"ca","url":"https:\/\/institutodym.es\/wp-content\/uploads\/2016\/07\/WELCOME-TO-WIN.jpg","contentUrl":"https:\/\/institutodym.es\/wp-content\/uploads\/2016\/07\/WELCOME-TO-WIN.jpg","width":1521,"height":568},{"@type":"WebPage","@id":"https:\/\/institutodym.es\/ca\/coordinacio-internacional\/#webpage","url":"https:\/\/institutodym.es\/ca\/coordinacio-internacional\/","name":"Coordinaci\u00f3 Internacional - DYM - Market Research","isPartOf":{"@id":"https:\/\/institutodym.es\/#website"},"primaryImageOfPage":{"@id":"https:\/\/institutodym.es\/ca\/coordinacio-internacional\/#primaryimage"},"datePublished":"2016-07-17T18:03:53+00:00","dateModified":"2016-07-17T18:05:47+00:00","breadcrumb":{"@id":"https:\/\/institutodym.es\/ca\/coordinacio-internacional\/#breadcrumb"},"inLanguage":"ca","potentialAction":[{"@type":"ReadAction","target":["https:\/\/institutodym.es\/ca\/coordinacio-internacional\/"]}]},{"@type":"BreadcrumbList","@id":"https:\/\/institutodym.es\/ca\/coordinacio-internacional\/#breadcrumb","itemListElement":[{"@type":"ListItem","position":1,"name":"Portada","item":"https:\/\/institutodym.es\/ca\/"},{"@type":"ListItem","position":2,"name":"Coordinaci\u00f3 Internacional"}]}]}},"_links":{"self":[{"href":"https:\/\/institutodym.es\/ca\/wp-json\/wp\/v2\/pages\/158"}],"collection":[{"href":"https:\/\/institutodym.es\/ca\/wp-json\/wp\/v2\/pages"}],"about":[{"href":"https:\/\/institutodym.es\/ca\/wp-json\/wp\/v2\/types\/page"}],"author":[{"embeddable":true,"href":"https:\/\/institutodym.es\/ca\/wp-json\/wp\/v2\/users\/1"}],"replies":[{"embeddable":true,"href":"https:\/\/institutodym.es\/ca\/wp-json\/wp\/v2\/comments?post=158"}],"version-history":[{"count":3,"href":"https:\/\/institutodym.es\/ca\/wp-json\/wp\/v2\/pages\/158\/revisions"}],"predecessor-version":[{"id":164,"href":"https:\/\/institutodym.es\/ca\/wp-json\/wp\/v2\/pages\/158\/revisions\/164"}],"wp:featuredmedia":[{"embeddable":true,"href":"https:\/\/institutodym.es\/ca\/wp-json\/wp\/v2\/media\/730"}],"wp:attachment":[{"href":"https:\/\/institutodym.es\/ca\/wp-json\/wp\/v2\/media?parent=158"}],"curies":[{"name":"wp","href":"https:\/\/api.w.org\/{rel}","templated":true}]}}