{"id":168,"date":"2016-07-17T18:07:49","date_gmt":"2016-07-17T18:07:49","guid":{"rendered":"https:\/\/institutodym.es\/ca\/?page_id=168"},"modified":"2016-07-17T19:04:15","modified_gmt":"2016-07-17T19:04:15","slug":"divisio-qualitativa","status":"publish","type":"page","link":"https:\/\/institutodym.es\/ca\/divisio-qualitativa\/","title":{"rendered":"Divisi\u00f3 Qualitativa"},"content":{"rendered":"<p><strong>Institut DYM<\/strong> \u00e9s una companyia de serveis plens en investigaci\u00f3, <em>ad-hoc <\/em><strong>qualitativa <\/strong>i quantitativa, de mercat i d\u2019opini\u00f3.<br \/>\n<strong>Institut DYM<\/strong> treballa tant en l\u2019\u00e0mbit nacional com en l\u2019internacional.<\/p>\n<p><strong>\u00c0REA QUALITATIVA<\/strong><\/p>\n<p><strong>ESTUDIS DYM INNOVACI\u00d3:<\/strong><\/p>\n<p>Estudis orientats a estimular la innovaci\u00f3 i el canvi a trav\u00e9s de la generaci\u00f3 d\u2019idees i la captaci\u00f3 d\u2019<em>insights<\/em>.<\/p>\n<p><strong>ESTUDIS DYM I. i P. ESTRAT\u00c8GIC:<\/strong><\/p>\n<p>Estudis d\u2019imatge i posicionament de marques que a partir d\u2019una an\u00e0lisi de l\u2019ADN i de les potencialitats permet encaminar la marca cap a un posicionament estrat\u00e8gic \u00f2ptim. Suportat per t\u00e8cniques d\u2019an\u00e0lisi de la compet\u00e8ncia: <em>BENCHMARKETING<\/em>.<\/p>\n<p><strong>ESTUDIS ETNODYM:<\/strong><\/p>\n<p>Estudis basats en metodologies etnogr\u00e0fiques, d\u2019observaci\u00f3 i seguiment del consumidor <em>in situ<\/em>, all\u00e0 on viu, es mou o on es desenvolupen les seves conductes de compra i consum.<\/p>\n<p><strong>ESTUDIS D\u2019ESCOLTA, VOICE DYM:<\/strong><\/p>\n<p>\u201cVull aprofitar el que em diu el meu consumidor\u201d. Model d\u2019an\u00e0lisi peri\u00f2dica del<em>feedback<\/em> del consumidor rebut a trav\u00e9s de diferents canals.<\/p>\n<p><strong>TOT AIX\u00d2 SUPORTAT AMB EINES ESPEC\u00cdFIQUES<\/strong><\/p>\n<ul>\n<li>T\u00c8CNIQUES PROJECTIVES<\/li>\n<li>T\u00c8CNIQUES CREATIVES<\/li>\n<li>T\u00c8CNIQUES ETNOGR\u00c0FIQUES<\/li>\n<li>INVESTIGACI\u00d3 DOCUMENTAL<\/li>\n<li>REUNIONS DE GRUP<\/li>\n<li>ENTREVISTES EN PROFUNDITAT<\/li>\n<\/ul>\n","protected":false},"excerpt":{"rendered":"<p>Institut DYM \u00e9s una companyia de serveis plens en investigaci\u00f3, ad-hoc qualitativa i quantitativa, de mercat i d\u2019opini\u00f3. Institut DYM treballa tant en l\u2019\u00e0mbit nacional com en l\u2019internacional. \u00c0REA QUALITATIVA ESTUDIS DYM INNOVACI\u00d3: Estudis orientats a estimular la innovaci\u00f3 i el canvi a trav\u00e9s de la generaci\u00f3 d\u2019idees i la captaci\u00f3 d\u2019insights. ESTUDIS DYM I. [&hellip;]<\/p>\n","protected":false},"author":1,"featured_media":0,"parent":0,"menu_order":0,"comment_status":"closed","ping_status":"closed","template":"template-hacemos.php","meta":{"_monsterinsights_skip_tracking":false,"_monsterinsights_sitenote_active":false,"_monsterinsights_sitenote_note":"","_monsterinsights_sitenote_category":0},"yoast_head":"<!-- This site is optimized with the Yoast SEO plugin v17.8 - https:\/\/yoast.com\/wordpress\/plugins\/seo\/ -->\n<meta name=\"robots\" content=\"index, follow, max-snippet:-1, max-image-preview:large, max-video-preview:-1\" \/>\n<link rel=\"canonical\" href=\"https:\/\/institutodym.es\/ca\/divisio-qualitativa\/\" \/>\n<meta property=\"og:locale\" content=\"ca_ES\" \/>\n<meta property=\"og:type\" content=\"article\" \/>\n<meta property=\"og:title\" content=\"Divisi\u00f3 Qualitativa - DYM - Market Research\" \/>\n<meta property=\"og:description\" content=\"Institut DYM \u00e9s una companyia de serveis plens en investigaci\u00f3, ad-hoc qualitativa i quantitativa, de mercat i d\u2019opini\u00f3. Institut DYM treballa tant en l\u2019\u00e0mbit nacional com en l\u2019internacional. \u00c0REA QUALITATIVA ESTUDIS DYM INNOVACI\u00d3: Estudis orientats a estimular la innovaci\u00f3 i el canvi a trav\u00e9s de la generaci\u00f3 d\u2019idees i la captaci\u00f3 d\u2019insights. ESTUDIS DYM I. [&hellip;]\" \/>\n<meta property=\"og:url\" content=\"https:\/\/institutodym.es\/ca\/divisio-qualitativa\/\" \/>\n<meta property=\"og:site_name\" content=\"DYM - Market Research\" \/>\n<meta property=\"article:modified_time\" content=\"2016-07-17T19:04:15+00:00\" \/>\n<meta name=\"twitter:card\" content=\"summary_large_image\" \/>\n<meta name=\"twitter:label1\" content=\"Temps estimat de lectura\" \/>\n\t<meta name=\"twitter:data1\" content=\"1 minut\" \/>\n<script type=\"application\/ld+json\" class=\"yoast-schema-graph\">{\"@context\":\"https:\/\/schema.org\",\"@graph\":[{\"@type\":\"WebSite\",\"@id\":\"https:\/\/institutodym.es\/#website\",\"url\":\"https:\/\/institutodym.es\/\",\"name\":\"DYM - Market Research\",\"description\":\"\",\"potentialAction\":[{\"@type\":\"SearchAction\",\"target\":{\"@type\":\"EntryPoint\",\"urlTemplate\":\"https:\/\/institutodym.es\/?s={search_term_string}\"},\"query-input\":\"required name=search_term_string\"}],\"inLanguage\":\"ca\"},{\"@type\":\"WebPage\",\"@id\":\"https:\/\/institutodym.es\/ca\/divisio-qualitativa\/#webpage\",\"url\":\"https:\/\/institutodym.es\/ca\/divisio-qualitativa\/\",\"name\":\"Divisi\\u00f3 Qualitativa - DYM - Market Research\",\"isPartOf\":{\"@id\":\"https:\/\/institutodym.es\/#website\"},\"datePublished\":\"2016-07-17T18:07:49+00:00\",\"dateModified\":\"2016-07-17T19:04:15+00:00\",\"breadcrumb\":{\"@id\":\"https:\/\/institutodym.es\/ca\/divisio-qualitativa\/#breadcrumb\"},\"inLanguage\":\"ca\",\"potentialAction\":[{\"@type\":\"ReadAction\",\"target\":[\"https:\/\/institutodym.es\/ca\/divisio-qualitativa\/\"]}]},{\"@type\":\"BreadcrumbList\",\"@id\":\"https:\/\/institutodym.es\/ca\/divisio-qualitativa\/#breadcrumb\",\"itemListElement\":[{\"@type\":\"ListItem\",\"position\":1,\"name\":\"Portada\",\"item\":\"https:\/\/institutodym.es\/ca\/\"},{\"@type\":\"ListItem\",\"position\":2,\"name\":\"Divisi\\u00f3 Qualitativa\"}]}]}<\/script>\n<!-- \/ Yoast SEO plugin. -->","yoast_head_json":{"robots":{"index":"index","follow":"follow","max-snippet":"max-snippet:-1","max-image-preview":"max-image-preview:large","max-video-preview":"max-video-preview:-1"},"canonical":"https:\/\/institutodym.es\/ca\/divisio-qualitativa\/","og_locale":"ca_ES","og_type":"article","og_title":"Divisi\u00f3 Qualitativa - DYM - Market Research","og_description":"Institut DYM \u00e9s una companyia de serveis plens en investigaci\u00f3, ad-hoc qualitativa i quantitativa, de mercat i d\u2019opini\u00f3. Institut DYM treballa tant en l\u2019\u00e0mbit nacional com en l\u2019internacional. \u00c0REA QUALITATIVA ESTUDIS DYM INNOVACI\u00d3: Estudis orientats a estimular la innovaci\u00f3 i el canvi a trav\u00e9s de la generaci\u00f3 d\u2019idees i la captaci\u00f3 d\u2019insights. ESTUDIS DYM I. [&hellip;]","og_url":"https:\/\/institutodym.es\/ca\/divisio-qualitativa\/","og_site_name":"DYM - Market Research","article_modified_time":"2016-07-17T19:04:15+00:00","twitter_card":"summary_large_image","twitter_misc":{"Temps estimat de lectura":"1 minut"},"schema":{"@context":"https:\/\/schema.org","@graph":[{"@type":"WebSite","@id":"https:\/\/institutodym.es\/#website","url":"https:\/\/institutodym.es\/","name":"DYM - Market Research","description":"","potentialAction":[{"@type":"SearchAction","target":{"@type":"EntryPoint","urlTemplate":"https:\/\/institutodym.es\/?s={search_term_string}"},"query-input":"required name=search_term_string"}],"inLanguage":"ca"},{"@type":"WebPage","@id":"https:\/\/institutodym.es\/ca\/divisio-qualitativa\/#webpage","url":"https:\/\/institutodym.es\/ca\/divisio-qualitativa\/","name":"Divisi\u00f3 Qualitativa - DYM - Market Research","isPartOf":{"@id":"https:\/\/institutodym.es\/#website"},"datePublished":"2016-07-17T18:07:49+00:00","dateModified":"2016-07-17T19:04:15+00:00","breadcrumb":{"@id":"https:\/\/institutodym.es\/ca\/divisio-qualitativa\/#breadcrumb"},"inLanguage":"ca","potentialAction":[{"@type":"ReadAction","target":["https:\/\/institutodym.es\/ca\/divisio-qualitativa\/"]}]},{"@type":"BreadcrumbList","@id":"https:\/\/institutodym.es\/ca\/divisio-qualitativa\/#breadcrumb","itemListElement":[{"@type":"ListItem","position":1,"name":"Portada","item":"https:\/\/institutodym.es\/ca\/"},{"@type":"ListItem","position":2,"name":"Divisi\u00f3 Qualitativa"}]}]}},"_links":{"self":[{"href":"https:\/\/institutodym.es\/ca\/wp-json\/wp\/v2\/pages\/168"}],"collection":[{"href":"https:\/\/institutodym.es\/ca\/wp-json\/wp\/v2\/pages"}],"about":[{"href":"https:\/\/institutodym.es\/ca\/wp-json\/wp\/v2\/types\/page"}],"author":[{"embeddable":true,"href":"https:\/\/institutodym.es\/ca\/wp-json\/wp\/v2\/users\/1"}],"replies":[{"embeddable":true,"href":"https:\/\/institutodym.es\/ca\/wp-json\/wp\/v2\/comments?post=168"}],"version-history":[{"count":2,"href":"https:\/\/institutodym.es\/ca\/wp-json\/wp\/v2\/pages\/168\/revisions"}],"predecessor-version":[{"id":181,"href":"https:\/\/institutodym.es\/ca\/wp-json\/wp\/v2\/pages\/168\/revisions\/181"}],"wp:attachment":[{"href":"https:\/\/institutodym.es\/ca\/wp-json\/wp\/v2\/media?parent=168"}],"curies":[{"name":"wp","href":"https:\/\/api.w.org\/{rel}","templated":true}]}}