{"id":170,"date":"2016-07-17T18:09:23","date_gmt":"2016-07-17T18:09:23","guid":{"rendered":"https:\/\/institutodym.es\/en\/?page_id=170"},"modified":"2016-07-17T18:09:23","modified_gmt":"2016-07-17T18:09:23","slug":"contact-us","status":"publish","type":"page","link":"https:\/\/institutodym.es\/en\/contact-us\/","title":{"rendered":"Contact Us"},"content":{"rendered":"<h3>Barcelona<\/h3>\n<p>C\/ C\u00f3rcega, 329<br \/>\n08037 Barcelona<\/p>\n<p><strong>Tel\u00e9fono:<\/strong> 93 415 20 20<br \/>\n<strong>Fax:<\/strong> 93 238 06 49<br \/>\n<strong>Email:<\/strong> estefania.clavero@institutodym.es<\/p>\n<p>&nbsp;<\/p>\n<h3 class=\"naranja\">Madrid<\/h3>\n<p>C\/ N\u00fa\u00f1ez de Balboa, 120<br \/>\n28006 Madrid<\/p>\n<p><strong>Tel\u00e9fono:<\/strong> 91-782-01-20<br \/>\n<strong>Fax:<\/strong> 91-564-24-82<br \/>\n<strong>Email:<\/strong> carlos.rello@institutodym.es<\/p>\n","protected":false},"excerpt":{"rendered":"<p>Barcelona C\/ C\u00f3rcega, 329 08037 Barcelona Tel\u00e9fono: 93 415 20 20 Fax: 93 238 06 49 Email: estefania.clavero@institutodym.es &nbsp; Madrid C\/ N\u00fa\u00f1ez de Balboa, 120 28006 Madrid Tel\u00e9fono: 91-782-01-20 Fax: 91-564-24-82 Email: carlos.rello@institutodym.es<\/p>\n","protected":false},"author":1,"featured_media":0,"parent":0,"menu_order":0,"comment_status":"closed","ping_status":"closed","template":"template-contacto.php","meta":{"_monsterinsights_skip_tracking":false,"_monsterinsights_sitenote_active":false,"_monsterinsights_sitenote_note":"","_monsterinsights_sitenote_category":0},"yoast_head":"<!-- This site is optimized with the Yoast SEO plugin v17.8 - https:\/\/yoast.com\/wordpress\/plugins\/seo\/ -->\n<meta name=\"robots\" content=\"index, follow, max-snippet:-1, max-image-preview:large, max-video-preview:-1\" \/>\n<link rel=\"canonical\" href=\"https:\/\/institutodym.es\/en\/contact-us\/\" \/>\n<meta property=\"og:locale\" content=\"en_US\" \/>\n<meta property=\"og:type\" content=\"article\" \/>\n<meta property=\"og:title\" content=\"Contact Us - DYM - Market Research\" \/>\n<meta property=\"og:description\" content=\"Barcelona C\/ C\u00f3rcega, 329 08037 Barcelona Tel\u00e9fono: 93 415 20 20 Fax: 93 238 06 49 Email: estefania.clavero@institutodym.es &nbsp; Madrid C\/ N\u00fa\u00f1ez de Balboa, 120 28006 Madrid Tel\u00e9fono: 91-782-01-20 Fax: 91-564-24-82 Email: carlos.rello@institutodym.es\" \/>\n<meta property=\"og:url\" content=\"https:\/\/institutodym.es\/en\/contact-us\/\" \/>\n<meta property=\"og:site_name\" content=\"DYM - Market Research\" \/>\n<meta name=\"twitter:card\" content=\"summary_large_image\" \/>\n<script type=\"application\/ld+json\" class=\"yoast-schema-graph\">{\"@context\":\"https:\/\/schema.org\",\"@graph\":[{\"@type\":\"WebSite\",\"@id\":\"https:\/\/institutodym.es\/#website\",\"url\":\"https:\/\/institutodym.es\/\",\"name\":\"DYM - Market Research\",\"description\":\"\",\"potentialAction\":[{\"@type\":\"SearchAction\",\"target\":{\"@type\":\"EntryPoint\",\"urlTemplate\":\"https:\/\/institutodym.es\/?s={search_term_string}\"},\"query-input\":\"required name=search_term_string\"}],\"inLanguage\":\"en-US\"},{\"@type\":\"WebPage\",\"@id\":\"https:\/\/institutodym.es\/en\/contact-us\/#webpage\",\"url\":\"https:\/\/institutodym.es\/en\/contact-us\/\",\"name\":\"Contact Us - DYM - Market Research\",\"isPartOf\":{\"@id\":\"https:\/\/institutodym.es\/#website\"},\"datePublished\":\"2016-07-17T18:09:23+00:00\",\"dateModified\":\"2016-07-17T18:09:23+00:00\",\"breadcrumb\":{\"@id\":\"https:\/\/institutodym.es\/en\/contact-us\/#breadcrumb\"},\"inLanguage\":\"en-US\",\"potentialAction\":[{\"@type\":\"ReadAction\",\"target\":[\"https:\/\/institutodym.es\/en\/contact-us\/\"]}]},{\"@type\":\"BreadcrumbList\",\"@id\":\"https:\/\/institutodym.es\/en\/contact-us\/#breadcrumb\",\"itemListElement\":[{\"@type\":\"ListItem\",\"position\":1,\"name\":\"Portada\",\"item\":\"https:\/\/institutodym.es\/en\/\"},{\"@type\":\"ListItem\",\"position\":2,\"name\":\"Contact Us\"}]}]}<\/script>\n<!-- \/ Yoast SEO plugin. -->","yoast_head_json":{"robots":{"index":"index","follow":"follow","max-snippet":"max-snippet:-1","max-image-preview":"max-image-preview:large","max-video-preview":"max-video-preview:-1"},"canonical":"https:\/\/institutodym.es\/en\/contact-us\/","og_locale":"en_US","og_type":"article","og_title":"Contact Us - DYM - Market Research","og_description":"Barcelona C\/ C\u00f3rcega, 329 08037 Barcelona Tel\u00e9fono: 93 415 20 20 Fax: 93 238 06 49 Email: estefania.clavero@institutodym.es &nbsp; Madrid C\/ N\u00fa\u00f1ez de Balboa, 120 28006 Madrid Tel\u00e9fono: 91-782-01-20 Fax: 91-564-24-82 Email: carlos.rello@institutodym.es","og_url":"https:\/\/institutodym.es\/en\/contact-us\/","og_site_name":"DYM - Market Research","twitter_card":"summary_large_image","schema":{"@context":"https:\/\/schema.org","@graph":[{"@type":"WebSite","@id":"https:\/\/institutodym.es\/#website","url":"https:\/\/institutodym.es\/","name":"DYM - Market Research","description":"","potentialAction":[{"@type":"SearchAction","target":{"@type":"EntryPoint","urlTemplate":"https:\/\/institutodym.es\/?s={search_term_string}"},"query-input":"required name=search_term_string"}],"inLanguage":"en-US"},{"@type":"WebPage","@id":"https:\/\/institutodym.es\/en\/contact-us\/#webpage","url":"https:\/\/institutodym.es\/en\/contact-us\/","name":"Contact Us - DYM - Market Research","isPartOf":{"@id":"https:\/\/institutodym.es\/#website"},"datePublished":"2016-07-17T18:09:23+00:00","dateModified":"2016-07-17T18:09:23+00:00","breadcrumb":{"@id":"https:\/\/institutodym.es\/en\/contact-us\/#breadcrumb"},"inLanguage":"en-US","potentialAction":[{"@type":"ReadAction","target":["https:\/\/institutodym.es\/en\/contact-us\/"]}]},{"@type":"BreadcrumbList","@id":"https:\/\/institutodym.es\/en\/contact-us\/#breadcrumb","itemListElement":[{"@type":"ListItem","position":1,"name":"Portada","item":"https:\/\/institutodym.es\/en\/"},{"@type":"ListItem","position":2,"name":"Contact Us"}]}]}},"_links":{"self":[{"href":"https:\/\/institutodym.es\/en\/wp-json\/wp\/v2\/pages\/170"}],"collection":[{"href":"https:\/\/institutodym.es\/en\/wp-json\/wp\/v2\/pages"}],"about":[{"href":"https:\/\/institutodym.es\/en\/wp-json\/wp\/v2\/types\/page"}],"author":[{"embeddable":true,"href":"https:\/\/institutodym.es\/en\/wp-json\/wp\/v2\/users\/1"}],"replies":[{"embeddable":true,"href":"https:\/\/institutodym.es\/en\/wp-json\/wp\/v2\/comments?post=170"}],"version-history":[{"count":1,"href":"https:\/\/institutodym.es\/en\/wp-json\/wp\/v2\/pages\/170\/revisions"}],"predecessor-version":[{"id":171,"href":"https:\/\/institutodym.es\/en\/wp-json\/wp\/v2\/pages\/170\/revisions\/171"}],"wp:attachment":[{"href":"https:\/\/institutodym.es\/en\/wp-json\/wp\/v2\/media?parent=170"}],"curies":[{"name":"wp","href":"https:\/\/api.w.org\/{rel}","templated":true}]}}