{"id":1028,"date":"2020-02-13T10:19:45","date_gmt":"2020-02-13T10:19:45","guid":{"rendered":"https:\/\/institutodym.es\/?page_id=1028"},"modified":"2020-02-18T15:18:16","modified_gmt":"2020-02-18T15:18:16","slug":"colabora-con-nosotros","status":"publish","type":"page","link":"https:\/\/institutodym.es\/es\/colabora-con-nosotros\/","title":{"rendered":"Colabora con nosotros"},"content":{"rendered":"<p style=\"font-size:30px\" class=\"has-text-align-center\"><strong>\u00a1Muchas gracias por su inter\u00e9s en participar en nuestros estudios!<\/strong><\/p>\n<p>Para poder trabajar juntos necesitamos que complete el cuestionario, de tan solo <strong>5 minutos<\/strong>, que encontrar\u00e1 a continuaci\u00f3n:<\/p>\n<\/p>\n<div class=\"wp-block-group has-vivid-red-background-color has-background\">\n<div class=\"wp-block-group__inner-container\">\n<div class=\"wp-block-button aligncenter\"><a class=\"wp-block-button__link has-background has-vivid-red-background-color no-border-radius\" href=\"https:\/\/dym.tesintegra.net\/online.php?pid=E20005_ONLINE\"><strong><span style=\"text-decoration: underline;\">Cuestionario de colaboraci\u00f3n DYM<\/span><\/strong><\/a><\/div>\n<\/div>\n<\/div>\n<p>Deber\u00e1 responder una serie de preguntas que nos permitir\u00e1n conocer mejor su perfil, h\u00e1bitos e intereses. <\/p>\n<p>La oportunidad de ser elegido como participante en las diferentes investigaciones depender\u00e1 de la exactitud de los datos que nos proporcione.<\/p>\n<div class=\"wp-block-group\">\n<div class=\"wp-block-group__inner-container\">\n<p class=\"has-text-align-left\"><strong>\u00bfPor qu\u00e9 colaborar con el Instituto DYM?<\/strong><\/p>\n<div class=\"wp-block-group\">\n<div class=\"wp-block-group__inner-container\">\n<div class=\"wp-block-group\">\n<div class=\"wp-block-group__inner-container\">\n<ul>\n<li>Habitualmente su participaci\u00f3n en las investigaciones ser\u00e1 incentivada. Este incentivo depender\u00e1 del tipo de investigaci\u00f3n, del trabajo a realizar y de la duraci\u00f3n de la colaboraci\u00f3n. <\/li>\n<li>Para cada investigaci\u00f3n le daremos una formaci\u00f3n espec\u00edfica sobre el estudio en, cuesti\u00f3n, que le ayudar\u00e1 a valorar y conocer profesionalmente diferentes tipos de empresas y sus servicios.   <\/li>\n<\/ul>\n<\/div>\n<\/div>\n<\/div>\n<\/div>\n<\/div>\n<\/div>\n<div class=\"wp-block-image\">\n<figure class=\"aligncenter\"><img loading=\"lazy\" width=\"1024\" height=\"407\" src=\"https:\/\/institutodym.es\/wp-content\/uploads\/2020\/02\/laptop_research-copia-1-1024x407.jpg\" alt=\"\" class=\"wp-image-1099\" srcset=\"https:\/\/institutodym.es\/wp-content\/uploads\/2020\/02\/laptop_research-copia-1-1024x407.jpg 1024w, https:\/\/institutodym.es\/wp-content\/uploads\/2020\/02\/laptop_research-copia-1-300x119.jpg 300w, https:\/\/institutodym.es\/wp-content\/uploads\/2020\/02\/laptop_research-copia-1-768x305.jpg 768w, https:\/\/institutodym.es\/wp-content\/uploads\/2020\/02\/laptop_research-copia-1-1536x610.jpg 1536w, https:\/\/institutodym.es\/wp-content\/uploads\/2020\/02\/laptop_research-copia-1.jpg 1920w\" sizes=\"(max-width: 1024px) 100vw, 1024px\" \/><\/figure>\n<\/div>\n","protected":false},"excerpt":{"rendered":"<p>\u00a1Muchas gracias por su inter\u00e9s en participar en nuestros estudios! Para poder trabajar juntos necesitamos que complete el cuestionario, de tan solo 5 minutos, que encontrar\u00e1 a continuaci\u00f3n: Deber\u00e1 responder una serie de preguntas que nos permitir\u00e1n conocer mejor su perfil, h\u00e1bitos e intereses. La oportunidad de ser elegido como participante en las diferentes investigaciones [&hellip;]<\/p>\n","protected":false},"author":2,"featured_media":1090,"parent":0,"menu_order":0,"comment_status":"closed","ping_status":"closed","template":"","meta":{"_monsterinsights_skip_tracking":false,"_monsterinsights_sitenote_active":false,"_monsterinsights_sitenote_note":"","_monsterinsights_sitenote_category":0},"yoast_head":"<!-- This site is optimized with the Yoast SEO plugin v17.8 - https:\/\/yoast.com\/wordpress\/plugins\/seo\/ -->\n<meta name=\"robots\" content=\"index, follow, max-snippet:-1, max-image-preview:large, max-video-preview:-1\" \/>\n<link rel=\"canonical\" href=\"https:\/\/institutodym.es\/es\/colabora-con-nosotros\/\" \/>\n<meta property=\"og:locale\" content=\"es_ES\" \/>\n<meta property=\"og:type\" content=\"article\" \/>\n<meta property=\"og:title\" content=\"Colabora con nosotros - DYM - Market Research\" \/>\n<meta property=\"og:description\" content=\"\u00a1Muchas gracias por su inter\u00e9s en participar en nuestros estudios! Para poder trabajar juntos necesitamos que complete el cuestionario, de tan solo 5 minutos, que encontrar\u00e1 a continuaci\u00f3n: Deber\u00e1 responder una serie de preguntas que nos permitir\u00e1n conocer mejor su perfil, h\u00e1bitos e intereses. La oportunidad de ser elegido como participante en las diferentes investigaciones [&hellip;]\" \/>\n<meta property=\"og:url\" content=\"https:\/\/institutodym.es\/es\/colabora-con-nosotros\/\" \/>\n<meta property=\"og:site_name\" content=\"DYM - Market Research\" \/>\n<meta property=\"article:modified_time\" content=\"2020-02-18T15:18:16+00:00\" \/>\n<meta property=\"og:image\" content=\"https:\/\/institutodym.es\/wp-content\/uploads\/2020\/02\/laptop_research.jpg\" \/>\n\t<meta property=\"og:image:width\" content=\"1920\" \/>\n\t<meta property=\"og:image:height\" content=\"1281\" \/>\n<meta name=\"twitter:card\" content=\"summary_large_image\" \/>\n<meta name=\"twitter:label1\" content=\"Tiempo de lectura\" \/>\n\t<meta name=\"twitter:data1\" content=\"1 minuto\" \/>\n<script type=\"application\/ld+json\" class=\"yoast-schema-graph\">{\"@context\":\"https:\/\/schema.org\",\"@graph\":[{\"@type\":\"WebSite\",\"@id\":\"https:\/\/institutodym.es\/#website\",\"url\":\"https:\/\/institutodym.es\/\",\"name\":\"DYM - Market Research\",\"description\":\"\",\"potentialAction\":[{\"@type\":\"SearchAction\",\"target\":{\"@type\":\"EntryPoint\",\"urlTemplate\":\"https:\/\/institutodym.es\/?s={search_term_string}\"},\"query-input\":\"required name=search_term_string\"}],\"inLanguage\":\"es\"},{\"@type\":\"ImageObject\",\"@id\":\"https:\/\/institutodym.es\/es\/colabora-con-nosotros\/#primaryimage\",\"inLanguage\":\"es\",\"url\":\"https:\/\/institutodym.es\/wp-content\/uploads\/2020\/02\/laptop_research.jpg\",\"contentUrl\":\"https:\/\/institutodym.es\/wp-content\/uploads\/2020\/02\/laptop_research.jpg\",\"width\":1920,\"height\":1281},{\"@type\":\"WebPage\",\"@id\":\"https:\/\/institutodym.es\/es\/colabora-con-nosotros\/#webpage\",\"url\":\"https:\/\/institutodym.es\/es\/colabora-con-nosotros\/\",\"name\":\"Colabora con nosotros - DYM - Market Research\",\"isPartOf\":{\"@id\":\"https:\/\/institutodym.es\/#website\"},\"primaryImageOfPage\":{\"@id\":\"https:\/\/institutodym.es\/es\/colabora-con-nosotros\/#primaryimage\"},\"datePublished\":\"2020-02-13T10:19:45+00:00\",\"dateModified\":\"2020-02-18T15:18:16+00:00\",\"breadcrumb\":{\"@id\":\"https:\/\/institutodym.es\/es\/colabora-con-nosotros\/#breadcrumb\"},\"inLanguage\":\"es\",\"potentialAction\":[{\"@type\":\"ReadAction\",\"target\":[\"https:\/\/institutodym.es\/es\/colabora-con-nosotros\/\"]}]},{\"@type\":\"BreadcrumbList\",\"@id\":\"https:\/\/institutodym.es\/es\/colabora-con-nosotros\/#breadcrumb\",\"itemListElement\":[{\"@type\":\"ListItem\",\"position\":1,\"name\":\"Portada\",\"item\":\"https:\/\/institutodym.es\/es\/\"},{\"@type\":\"ListItem\",\"position\":2,\"name\":\"Colabora con nosotros\"}]}]}<\/script>\n<!-- \/ Yoast SEO plugin. -->","yoast_head_json":{"robots":{"index":"index","follow":"follow","max-snippet":"max-snippet:-1","max-image-preview":"max-image-preview:large","max-video-preview":"max-video-preview:-1"},"canonical":"https:\/\/institutodym.es\/es\/colabora-con-nosotros\/","og_locale":"es_ES","og_type":"article","og_title":"Colabora con nosotros - DYM - Market Research","og_description":"\u00a1Muchas gracias por su inter\u00e9s en participar en nuestros estudios! Para poder trabajar juntos necesitamos que complete el cuestionario, de tan solo 5 minutos, que encontrar\u00e1 a continuaci\u00f3n: Deber\u00e1 responder una serie de preguntas que nos permitir\u00e1n conocer mejor su perfil, h\u00e1bitos e intereses. La oportunidad de ser elegido como participante en las diferentes investigaciones [&hellip;]","og_url":"https:\/\/institutodym.es\/es\/colabora-con-nosotros\/","og_site_name":"DYM - Market Research","article_modified_time":"2020-02-18T15:18:16+00:00","og_image":[{"width":1920,"height":1281,"url":"https:\/\/institutodym.es\/wp-content\/uploads\/2020\/02\/laptop_research.jpg","type":"image\/jpeg"}],"twitter_card":"summary_large_image","twitter_misc":{"Tiempo de lectura":"1 minuto"},"schema":{"@context":"https:\/\/schema.org","@graph":[{"@type":"WebSite","@id":"https:\/\/institutodym.es\/#website","url":"https:\/\/institutodym.es\/","name":"DYM - Market Research","description":"","potentialAction":[{"@type":"SearchAction","target":{"@type":"EntryPoint","urlTemplate":"https:\/\/institutodym.es\/?s={search_term_string}"},"query-input":"required name=search_term_string"}],"inLanguage":"es"},{"@type":"ImageObject","@id":"https:\/\/institutodym.es\/es\/colabora-con-nosotros\/#primaryimage","inLanguage":"es","url":"https:\/\/institutodym.es\/wp-content\/uploads\/2020\/02\/laptop_research.jpg","contentUrl":"https:\/\/institutodym.es\/wp-content\/uploads\/2020\/02\/laptop_research.jpg","width":1920,"height":1281},{"@type":"WebPage","@id":"https:\/\/institutodym.es\/es\/colabora-con-nosotros\/#webpage","url":"https:\/\/institutodym.es\/es\/colabora-con-nosotros\/","name":"Colabora con nosotros - DYM - Market Research","isPartOf":{"@id":"https:\/\/institutodym.es\/#website"},"primaryImageOfPage":{"@id":"https:\/\/institutodym.es\/es\/colabora-con-nosotros\/#primaryimage"},"datePublished":"2020-02-13T10:19:45+00:00","dateModified":"2020-02-18T15:18:16+00:00","breadcrumb":{"@id":"https:\/\/institutodym.es\/es\/colabora-con-nosotros\/#breadcrumb"},"inLanguage":"es","potentialAction":[{"@type":"ReadAction","target":["https:\/\/institutodym.es\/es\/colabora-con-nosotros\/"]}]},{"@type":"BreadcrumbList","@id":"https:\/\/institutodym.es\/es\/colabora-con-nosotros\/#breadcrumb","itemListElement":[{"@type":"ListItem","position":1,"name":"Portada","item":"https:\/\/institutodym.es\/es\/"},{"@type":"ListItem","position":2,"name":"Colabora con nosotros"}]}]}},"_links":{"self":[{"href":"https:\/\/institutodym.es\/es\/wp-json\/wp\/v2\/pages\/1028"}],"collection":[{"href":"https:\/\/institutodym.es\/es\/wp-json\/wp\/v2\/pages"}],"about":[{"href":"https:\/\/institutodym.es\/es\/wp-json\/wp\/v2\/types\/page"}],"author":[{"embeddable":true,"href":"https:\/\/institutodym.es\/es\/wp-json\/wp\/v2\/users\/2"}],"replies":[{"embeddable":true,"href":"https:\/\/institutodym.es\/es\/wp-json\/wp\/v2\/comments?post=1028"}],"version-history":[{"count":30,"href":"https:\/\/institutodym.es\/es\/wp-json\/wp\/v2\/pages\/1028\/revisions"}],"predecessor-version":[{"id":1103,"href":"https:\/\/institutodym.es\/es\/wp-json\/wp\/v2\/pages\/1028\/revisions\/1103"}],"wp:featuredmedia":[{"embeddable":true,"href":"https:\/\/institutodym.es\/es\/wp-json\/wp\/v2\/media\/1090"}],"wp:attachment":[{"href":"https:\/\/institutodym.es\/es\/wp-json\/wp\/v2\/media?parent=1028"}],"curies":[{"name":"wp","href":"https:\/\/api.w.org\/{rel}","templated":true}]}}