{"id":2,"date":"2016-07-12T00:11:49","date_gmt":"2016-07-12T00:11:49","guid":{"rendered":"https:\/\/institutodym.es\/?page_id=2"},"modified":"2019-10-11T14:28:06","modified_gmt":"2019-10-11T14:28:06","slug":"pagina-ejemplo","status":"publish","type":"page","link":"https:\/\/institutodym.es\/es\/","title":{"rendered":"Instituto DYM"},"content":{"rendered":"<p><b><i>\u00abProporcionar an\u00e1lisis objetivos de informaciones de car\u00e1cter cuantitativo y cualitativo que sirvan para mejorar la toma de decisiones de las empresas tanto p\u00fablicas como privadas a trav\u00e9s de estudios de opini\u00f3n y de mercado, con vocaci\u00f3n de servicio.\u00bb<\/i><\/b><\/p>\n<p style=\"text-align: right;\"><em><strong>Carlos Clavero<\/strong><\/em><\/p>\n<p style=\"text-align: right;\"><em><strong>Presidente<\/strong> <strong>de Instituto DYM<\/strong><\/em><\/p>\n<p><strong>Instituto DYM<\/strong> es una de las empresas m\u00e1s grande independiente de Espa\u00f1a que ofrece todos los servicios y soluciones a los problemas de investigaci\u00f3n.<\/p>\n","protected":false},"excerpt":{"rendered":"<p>\u00abProporcionar an\u00e1lisis objetivos de informaciones de car\u00e1cter cuantitativo y cualitativo que sirvan para mejorar la toma de decisiones de las empresas tanto p\u00fablicas como privadas a trav\u00e9s de estudios de opini\u00f3n y de mercado, con vocaci\u00f3n de servicio.\u00bb Carlos Clavero Presidente de Instituto DYM Instituto DYM es una de las empresas m\u00e1s grande independiente de [&hellip;]<\/p>\n","protected":false},"author":1,"featured_media":275,"parent":0,"menu_order":0,"comment_status":"closed","ping_status":"open","template":"template-home.php","meta":{"_monsterinsights_skip_tracking":false,"_monsterinsights_sitenote_active":false,"_monsterinsights_sitenote_note":"","_monsterinsights_sitenote_category":0},"yoast_head":"<!-- This site is optimized with the Yoast SEO plugin v17.8 - https:\/\/yoast.com\/wordpress\/plugins\/seo\/ -->\n<meta name=\"robots\" content=\"index, follow, max-snippet:-1, max-image-preview:large, max-video-preview:-1\" \/>\n<link rel=\"canonical\" href=\"https:\/\/institutodym.es\/es\/\" \/>\n<meta property=\"og:locale\" content=\"es_ES\" \/>\n<meta property=\"og:type\" content=\"article\" \/>\n<meta property=\"og:title\" content=\"Instituto DYM - DYM - Market Research\" \/>\n<meta property=\"og:description\" content=\"\u00abProporcionar an\u00e1lisis objetivos de informaciones de car\u00e1cter cuantitativo y cualitativo que sirvan para mejorar la toma de decisiones de las empresas tanto p\u00fablicas como privadas a trav\u00e9s de estudios de opini\u00f3n y de mercado, con vocaci\u00f3n de servicio.\u00bb Carlos Clavero Presidente de Instituto DYM Instituto DYM es una de las empresas m\u00e1s grande independiente de [&hellip;]\" \/>\n<meta property=\"og:url\" content=\"https:\/\/institutodym.es\/es\/\" \/>\n<meta property=\"og:site_name\" content=\"DYM - Market Research\" \/>\n<meta property=\"article:modified_time\" content=\"2019-10-11T14:28:06+00:00\" \/>\n<meta property=\"og:image\" content=\"https:\/\/institutodym.es\/wp-content\/uploads\/2016\/07\/conocer-una-necesidad-apasionante.jpg\" \/>\n\t<meta property=\"og:image:width\" content=\"1011\" \/>\n\t<meta property=\"og:image:height\" content=\"698\" \/>\n<meta name=\"twitter:card\" content=\"summary_large_image\" \/>\n<script type=\"application\/ld+json\" class=\"yoast-schema-graph\">{\"@context\":\"https:\/\/schema.org\",\"@graph\":[{\"@type\":\"WebSite\",\"@id\":\"https:\/\/institutodym.es\/#website\",\"url\":\"https:\/\/institutodym.es\/\",\"name\":\"DYM - Market Research\",\"description\":\"\",\"potentialAction\":[{\"@type\":\"SearchAction\",\"target\":{\"@type\":\"EntryPoint\",\"urlTemplate\":\"https:\/\/institutodym.es\/?s={search_term_string}\"},\"query-input\":\"required name=search_term_string\"}],\"inLanguage\":\"es\"},{\"@type\":\"ImageObject\",\"@id\":\"https:\/\/institutodym.es\/es\/#primaryimage\",\"inLanguage\":\"es\",\"url\":\"https:\/\/institutodym.es\/wp-content\/uploads\/2016\/07\/conocer-una-necesidad-apasionante.jpg\",\"contentUrl\":\"https:\/\/institutodym.es\/wp-content\/uploads\/2016\/07\/conocer-una-necesidad-apasionante.jpg\",\"width\":1011,\"height\":698},{\"@type\":\"WebPage\",\"@id\":\"https:\/\/institutodym.es\/es\/#webpage\",\"url\":\"https:\/\/institutodym.es\/es\/\",\"name\":\"Instituto DYM - DYM - Market Research\",\"isPartOf\":{\"@id\":\"https:\/\/institutodym.es\/#website\"},\"primaryImageOfPage\":{\"@id\":\"https:\/\/institutodym.es\/es\/#primaryimage\"},\"datePublished\":\"2016-07-12T00:11:49+00:00\",\"dateModified\":\"2019-10-11T14:28:06+00:00\",\"breadcrumb\":{\"@id\":\"https:\/\/institutodym.es\/es\/#breadcrumb\"},\"inLanguage\":\"es\",\"potentialAction\":[{\"@type\":\"ReadAction\",\"target\":[\"https:\/\/institutodym.es\/es\/\"]}]},{\"@type\":\"BreadcrumbList\",\"@id\":\"https:\/\/institutodym.es\/es\/#breadcrumb\",\"itemListElement\":[{\"@type\":\"ListItem\",\"position\":1,\"name\":\"Portada\",\"item\":\"https:\/\/institutodym.es\/es\/\"},{\"@type\":\"ListItem\",\"position\":2,\"name\":\"Instituto DYM\"}]}]}<\/script>\n<!-- \/ Yoast SEO plugin. -->","yoast_head_json":{"robots":{"index":"index","follow":"follow","max-snippet":"max-snippet:-1","max-image-preview":"max-image-preview:large","max-video-preview":"max-video-preview:-1"},"canonical":"https:\/\/institutodym.es\/es\/","og_locale":"es_ES","og_type":"article","og_title":"Instituto DYM - DYM - Market Research","og_description":"\u00abProporcionar an\u00e1lisis objetivos de informaciones de car\u00e1cter cuantitativo y cualitativo que sirvan para mejorar la toma de decisiones de las empresas tanto p\u00fablicas como privadas a trav\u00e9s de estudios de opini\u00f3n y de mercado, con vocaci\u00f3n de servicio.\u00bb Carlos Clavero Presidente de Instituto DYM Instituto DYM es una de las empresas m\u00e1s grande independiente de [&hellip;]","og_url":"https:\/\/institutodym.es\/es\/","og_site_name":"DYM - Market Research","article_modified_time":"2019-10-11T14:28:06+00:00","og_image":[{"width":1011,"height":698,"url":"https:\/\/institutodym.es\/wp-content\/uploads\/2016\/07\/conocer-una-necesidad-apasionante.jpg","type":"image\/jpeg"}],"twitter_card":"summary_large_image","schema":{"@context":"https:\/\/schema.org","@graph":[{"@type":"WebSite","@id":"https:\/\/institutodym.es\/#website","url":"https:\/\/institutodym.es\/","name":"DYM - Market Research","description":"","potentialAction":[{"@type":"SearchAction","target":{"@type":"EntryPoint","urlTemplate":"https:\/\/institutodym.es\/?s={search_term_string}"},"query-input":"required name=search_term_string"}],"inLanguage":"es"},{"@type":"ImageObject","@id":"https:\/\/institutodym.es\/es\/#primaryimage","inLanguage":"es","url":"https:\/\/institutodym.es\/wp-content\/uploads\/2016\/07\/conocer-una-necesidad-apasionante.jpg","contentUrl":"https:\/\/institutodym.es\/wp-content\/uploads\/2016\/07\/conocer-una-necesidad-apasionante.jpg","width":1011,"height":698},{"@type":"WebPage","@id":"https:\/\/institutodym.es\/es\/#webpage","url":"https:\/\/institutodym.es\/es\/","name":"Instituto DYM - DYM - Market Research","isPartOf":{"@id":"https:\/\/institutodym.es\/#website"},"primaryImageOfPage":{"@id":"https:\/\/institutodym.es\/es\/#primaryimage"},"datePublished":"2016-07-12T00:11:49+00:00","dateModified":"2019-10-11T14:28:06+00:00","breadcrumb":{"@id":"https:\/\/institutodym.es\/es\/#breadcrumb"},"inLanguage":"es","potentialAction":[{"@type":"ReadAction","target":["https:\/\/institutodym.es\/es\/"]}]},{"@type":"BreadcrumbList","@id":"https:\/\/institutodym.es\/es\/#breadcrumb","itemListElement":[{"@type":"ListItem","position":1,"name":"Portada","item":"https:\/\/institutodym.es\/es\/"},{"@type":"ListItem","position":2,"name":"Instituto DYM"}]}]}},"_links":{"self":[{"href":"https:\/\/institutodym.es\/es\/wp-json\/wp\/v2\/pages\/2"}],"collection":[{"href":"https:\/\/institutodym.es\/es\/wp-json\/wp\/v2\/pages"}],"about":[{"href":"https:\/\/institutodym.es\/es\/wp-json\/wp\/v2\/types\/page"}],"author":[{"embeddable":true,"href":"https:\/\/institutodym.es\/es\/wp-json\/wp\/v2\/users\/1"}],"replies":[{"embeddable":true,"href":"https:\/\/institutodym.es\/es\/wp-json\/wp\/v2\/comments?post=2"}],"version-history":[{"count":7,"href":"https:\/\/institutodym.es\/es\/wp-json\/wp\/v2\/pages\/2\/revisions"}],"predecessor-version":[{"id":756,"href":"https:\/\/institutodym.es\/es\/wp-json\/wp\/v2\/pages\/2\/revisions\/756"}],"wp:featuredmedia":[{"embeddable":true,"href":"https:\/\/institutodym.es\/es\/wp-json\/wp\/v2\/media\/275"}],"wp:attachment":[{"href":"https:\/\/institutodym.es\/es\/wp-json\/wp\/v2\/media?parent=2"}],"curies":[{"name":"wp","href":"https:\/\/api.w.org\/{rel}","templated":true}]}}