{"id":3240,"date":"2023-06-27T15:51:16","date_gmt":"2023-06-27T15:51:16","guid":{"rendered":"https:\/\/institutodym.es\/?page_id=3240"},"modified":"2026-03-23T15:32:07","modified_gmt":"2026-03-23T15:32:07","slug":"politica-de-cookies","status":"publish","type":"page","link":"https:\/\/institutodym.es\/es\/politica-de-cookies\/","title":{"rendered":"Pol\u00edtica de Cookies"},"content":{"rendered":"<p>En <em><strong>INSTITUTO DYM SLU.\u00a0<\/strong><\/em>utilizamos cookies con el objetivo de prestar un mejor servicio y proporcionarte una mejor experiencia en tu navegaci\u00f3n por nuestro sitio web. Queremos informarte sobre las cookies que utilizamos, detallando a continuaci\u00f3n qu\u00e9 es una cookie, para qu\u00e9 sirve, qu\u00e9 tipos de cookies utilizamos, cu\u00e1l es su finalidad y c\u00f3mo puedes configurarlas o deshabilitarlas si as\u00ed lo deseas.<\/p>\n<p><strong>\u00bfQu\u00e9 es una Cookie?<\/strong><\/p>\n<p>Una cookie es un fichero que se descarga en tu dispositivo al acceder a determinadas p\u00e1ginas web. Las cookies permiten a una p\u00e1gina web, entre otras cosas, almacenar y recuperar informaci\u00f3n sobre los h\u00e1bitos de navegaci\u00f3n de un usuario o de su equipo y, dependiendo de la informaci\u00f3n que contengan y de la forma en que utilice su equipo, pueden utilizarse para reconocer al usuario.<\/p>\n<p><strong>\u00bfQu\u00e9 Cookies utilizamos?<\/strong><\/p>\n<ul>\n<li><strong>Cookies t\u00e9cnicas:<\/strong>&nbsp;Para verificar el estado de la pol\u00edtica de cookies.<\/li>\n<li><strong>Cookies de an\u00e1lisis:<\/strong>&nbsp;Son aquellas que, bien tratadas por nosotros o por terceros, nos permiten cuantificar el n\u00famero de usuarios y as\u00ed realizar la medici\u00f3n y an\u00e1lisis estad\u00edstico de la utilizaci\u00f3n que hacen los mismos&nbsp;de los servicios ofertados. Para ello se analiza su navegaci\u00f3n en nuestra p\u00e1gina web con el fin de mejorar la oferta de productos o servicios que ofrecemos.<\/li>\n<li><strong>Cookies persistentes:<\/strong>&nbsp;Son un tipo de cookies en el que los datos siguen almacenados en el terminal y pueden ser accesibles y tratados durante un periodo definido por el responsable de la cookie, y que puede ir de unos minutos a varios a\u00f1os.<\/li>\n<\/ul>\n<figure class=\"wp-block-table\">\n<table>\n<tbody>\n<tr>\n<td><strong>Nombre<\/strong><\/td>\n<td><strong>Finalidad<\/strong><\/td>\n<td><strong>Descripci\u00f3n<\/strong><\/td>\n<td><strong>Propiedad<\/strong><\/td>\n<\/tr>\n<tr>\n<td>cookie-policy<\/td>\n<td>Control de Cookies<\/td>\n<td>*Verifica el estado de la pol\u00edtica de cookies<\/td>\n<td>Propia<\/td>\n<\/tr>\n<tr>\n<td>__utma<\/td>\n<td>Anal\u00edtica<\/td>\n<td>*Para distinguir a los usuarios y sesiones.<\/td>\n<td>Google Analytics<\/td>\n<\/tr>\n<tr>\n<td>__utmb<\/td>\n<td>Anal\u00edtica<\/td>\n<td>*Se utiliza para determinar nuevas sesiones \/ visitas.<\/td>\n<td>Google Analytics<\/td>\n<\/tr>\n<tr>\n<td>__utmc<\/td>\n<td>Anal\u00edtica<\/td>\n<td>*Esta cookie, operando en conjunto con la cookie __utmb, determinan si el usuario estaba en una nueva sesi\u00f3n \/ visita.<\/td>\n<td>Google Analytics<\/td>\n<\/tr>\n<tr>\n<td>__utmz<\/td>\n<td>Anal\u00edtica<\/td>\n<td>*Almacena la fuente de tr\u00e1fico o una campa\u00f1a que explica c\u00f3mo el usuario lleg\u00f3 a este sitio.<\/td>\n<td>Google Analytics<\/td>\n<\/tr>\n<\/tbody>\n<\/table>\n<\/figure>\n<p><strong>\u00bfC\u00f3mo se deshabilitan las Cookies?<\/strong><\/p>\n<p>Puedes permitir, bloquear o eliminar las cookies instaladas en tu equipo mediante la configuraci\u00f3n de las opciones de tu navegador de Internet. En los siguientes enlaces tienes a tu disposici\u00f3n toda la informaci\u00f3n para configurar o deshabilitar las cookies en cada navegador:<\/p>\n<ul>\n<li><a href=\"https:\/\/support.google.com\/chrome\/answer\/95647?hl=es\" target=\"_blank\" rel=\"noreferrer noopener\">Google Chrome<\/a><\/li>\n<li><a href=\"http:\/\/support.mozilla.org\/es\/kb\/habilitar-y-deshabilitar-cookies-que-los-sitios-we\" target=\"_blank\" rel=\"noreferrer noopener\">Mozilla Firefox<\/a><\/li>\n<li><a href=\"http:\/\/windows.microsoft.com\/es-es\/windows-vista\/block-or-allow-cookies\" target=\"_blank\" rel=\"noreferrer noopener\">Internet Explorer<\/a><\/li>\n<li><a href=\"http:\/\/support.apple.com\/kb\/ph5042?viewlocale=es_es&amp;locale=es_es\" target=\"_blank\" rel=\"noreferrer noopener\">Safari<\/a><\/li>\n<li><a href=\"http:\/\/support.apple.com\/kb\/ht1677?viewlocale=es_es\" target=\"_blank\" rel=\"noreferrer noopener\">Safari para IOS (iPhone y iPad)<\/a><\/li>\n<li><a href=\"https:\/\/support.google.com\/chrome\/answer\/2392971?hl=es\" target=\"_blank\" rel=\"noreferrer noopener\">Chrome para Android<\/a><\/li>\n<\/ul>\n<p><strong>Consentimiento<\/strong><\/p>\n<p>Al continuar navegando por&nbsp;nuestra web, nos indicas que est\u00e1s consintiendo el uso de las cookies antes enunciadas, y en las condiciones contenidas en la presente Pol\u00edtica de Cookies.<\/p>\n","protected":false},"excerpt":{"rendered":"<p>En INSTITUTO DYM SLU.\u00a0utilizamos cookies con el objetivo de prestar un mejor servicio y proporcionarte una mejor experiencia en tu navegaci\u00f3n por nuestro sitio web. Queremos informarte sobre las cookies que utilizamos, detallando a continuaci\u00f3n qu\u00e9 es una cookie, para qu\u00e9 sirve, qu\u00e9 tipos de cookies utilizamos, cu\u00e1l es su finalidad y c\u00f3mo puedes configurarlas [&hellip;]<\/p>\n","protected":false},"author":1,"featured_media":0,"parent":0,"menu_order":0,"comment_status":"closed","ping_status":"closed","template":"","meta":{"_monsterinsights_skip_tracking":false,"_monsterinsights_sitenote_active":false,"_monsterinsights_sitenote_note":"","_monsterinsights_sitenote_category":0},"yoast_head":"<!-- This site is optimized with the Yoast SEO plugin v17.8 - https:\/\/yoast.com\/wordpress\/plugins\/seo\/ -->\n<meta name=\"robots\" content=\"index, follow, max-snippet:-1, max-image-preview:large, max-video-preview:-1\" \/>\n<link rel=\"canonical\" href=\"https:\/\/institutodym.es\/es\/politica-de-cookies\/\" \/>\n<meta property=\"og:locale\" content=\"es_ES\" \/>\n<meta property=\"og:type\" content=\"article\" \/>\n<meta property=\"og:title\" content=\"Pol\u00edtica de Cookies - DYM - Market Research\" \/>\n<meta property=\"og:description\" content=\"En INSTITUTO DYM SLU.\u00a0utilizamos cookies con el objetivo de prestar un mejor servicio y proporcionarte una mejor experiencia en tu navegaci\u00f3n por nuestro sitio web. Queremos informarte sobre las cookies que utilizamos, detallando a continuaci\u00f3n qu\u00e9 es una cookie, para qu\u00e9 sirve, qu\u00e9 tipos de cookies utilizamos, cu\u00e1l es su finalidad y c\u00f3mo puedes configurarlas [&hellip;]\" \/>\n<meta property=\"og:url\" content=\"https:\/\/institutodym.es\/es\/politica-de-cookies\/\" \/>\n<meta property=\"og:site_name\" content=\"DYM - Market Research\" \/>\n<meta property=\"article:modified_time\" content=\"2026-03-23T15:32:07+00:00\" \/>\n<meta name=\"twitter:card\" content=\"summary_large_image\" \/>\n<meta name=\"twitter:label1\" content=\"Tiempo de lectura\" \/>\n\t<meta name=\"twitter:data1\" content=\"2 minutos\" \/>\n<script type=\"application\/ld+json\" class=\"yoast-schema-graph\">{\"@context\":\"https:\/\/schema.org\",\"@graph\":[{\"@type\":\"WebSite\",\"@id\":\"https:\/\/institutodym.es\/#website\",\"url\":\"https:\/\/institutodym.es\/\",\"name\":\"DYM - Market Research\",\"description\":\"\",\"potentialAction\":[{\"@type\":\"SearchAction\",\"target\":{\"@type\":\"EntryPoint\",\"urlTemplate\":\"https:\/\/institutodym.es\/?s={search_term_string}\"},\"query-input\":\"required name=search_term_string\"}],\"inLanguage\":\"es\"},{\"@type\":\"WebPage\",\"@id\":\"https:\/\/institutodym.es\/es\/politica-de-cookies\/#webpage\",\"url\":\"https:\/\/institutodym.es\/es\/politica-de-cookies\/\",\"name\":\"Pol\\u00edtica de Cookies - DYM - Market Research\",\"isPartOf\":{\"@id\":\"https:\/\/institutodym.es\/#website\"},\"datePublished\":\"2023-06-27T15:51:16+00:00\",\"dateModified\":\"2026-03-23T15:32:07+00:00\",\"breadcrumb\":{\"@id\":\"https:\/\/institutodym.es\/es\/politica-de-cookies\/#breadcrumb\"},\"inLanguage\":\"es\",\"potentialAction\":[{\"@type\":\"ReadAction\",\"target\":[\"https:\/\/institutodym.es\/es\/politica-de-cookies\/\"]}]},{\"@type\":\"BreadcrumbList\",\"@id\":\"https:\/\/institutodym.es\/es\/politica-de-cookies\/#breadcrumb\",\"itemListElement\":[{\"@type\":\"ListItem\",\"position\":1,\"name\":\"Portada\",\"item\":\"https:\/\/institutodym.es\/es\/\"},{\"@type\":\"ListItem\",\"position\":2,\"name\":\"Pol\\u00edtica de Cookies\"}]}]}<\/script>\n<!-- \/ Yoast SEO plugin. -->","yoast_head_json":{"robots":{"index":"index","follow":"follow","max-snippet":"max-snippet:-1","max-image-preview":"max-image-preview:large","max-video-preview":"max-video-preview:-1"},"canonical":"https:\/\/institutodym.es\/es\/politica-de-cookies\/","og_locale":"es_ES","og_type":"article","og_title":"Pol\u00edtica de Cookies - DYM - Market Research","og_description":"En INSTITUTO DYM SLU.\u00a0utilizamos cookies con el objetivo de prestar un mejor servicio y proporcionarte una mejor experiencia en tu navegaci\u00f3n por nuestro sitio web. Queremos informarte sobre las cookies que utilizamos, detallando a continuaci\u00f3n qu\u00e9 es una cookie, para qu\u00e9 sirve, qu\u00e9 tipos de cookies utilizamos, cu\u00e1l es su finalidad y c\u00f3mo puedes configurarlas [&hellip;]","og_url":"https:\/\/institutodym.es\/es\/politica-de-cookies\/","og_site_name":"DYM - Market Research","article_modified_time":"2026-03-23T15:32:07+00:00","twitter_card":"summary_large_image","twitter_misc":{"Tiempo de lectura":"2 minutos"},"schema":{"@context":"https:\/\/schema.org","@graph":[{"@type":"WebSite","@id":"https:\/\/institutodym.es\/#website","url":"https:\/\/institutodym.es\/","name":"DYM - Market Research","description":"","potentialAction":[{"@type":"SearchAction","target":{"@type":"EntryPoint","urlTemplate":"https:\/\/institutodym.es\/?s={search_term_string}"},"query-input":"required name=search_term_string"}],"inLanguage":"es"},{"@type":"WebPage","@id":"https:\/\/institutodym.es\/es\/politica-de-cookies\/#webpage","url":"https:\/\/institutodym.es\/es\/politica-de-cookies\/","name":"Pol\u00edtica de Cookies - DYM - Market Research","isPartOf":{"@id":"https:\/\/institutodym.es\/#website"},"datePublished":"2023-06-27T15:51:16+00:00","dateModified":"2026-03-23T15:32:07+00:00","breadcrumb":{"@id":"https:\/\/institutodym.es\/es\/politica-de-cookies\/#breadcrumb"},"inLanguage":"es","potentialAction":[{"@type":"ReadAction","target":["https:\/\/institutodym.es\/es\/politica-de-cookies\/"]}]},{"@type":"BreadcrumbList","@id":"https:\/\/institutodym.es\/es\/politica-de-cookies\/#breadcrumb","itemListElement":[{"@type":"ListItem","position":1,"name":"Portada","item":"https:\/\/institutodym.es\/es\/"},{"@type":"ListItem","position":2,"name":"Pol\u00edtica de Cookies"}]}]}},"_links":{"self":[{"href":"https:\/\/institutodym.es\/es\/wp-json\/wp\/v2\/pages\/3240"}],"collection":[{"href":"https:\/\/institutodym.es\/es\/wp-json\/wp\/v2\/pages"}],"about":[{"href":"https:\/\/institutodym.es\/es\/wp-json\/wp\/v2\/types\/page"}],"author":[{"embeddable":true,"href":"https:\/\/institutodym.es\/es\/wp-json\/wp\/v2\/users\/1"}],"replies":[{"embeddable":true,"href":"https:\/\/institutodym.es\/es\/wp-json\/wp\/v2\/comments?post=3240"}],"version-history":[{"count":4,"href":"https:\/\/institutodym.es\/es\/wp-json\/wp\/v2\/pages\/3240\/revisions"}],"predecessor-version":[{"id":3883,"href":"https:\/\/institutodym.es\/es\/wp-json\/wp\/v2\/pages\/3240\/revisions\/3883"}],"wp:attachment":[{"href":"https:\/\/institutodym.es\/es\/wp-json\/wp\/v2\/media?parent=3240"}],"curies":[{"name":"wp","href":"https:\/\/api.w.org\/{rel}","templated":true}]}}