{"id":4,"date":"2016-07-12T13:51:39","date_gmt":"2016-07-12T13:51:39","guid":{"rendered":"https:\/\/institutodym.es\/?page_id=4"},"modified":"2024-09-26T11:02:48","modified_gmt":"2024-09-26T11:02:48","slug":"nuestra-historia","status":"publish","type":"page","link":"https:\/\/institutodym.es\/es\/nuestra-historia\/","title":{"rendered":"Nuestra Historia"},"content":{"rendered":"<p><strong>Nuestra Filosof\u00eda:<\/strong> <em>\u00abLas compa\u00f1\u00edas de estudios de mercados est\u00e1n evolucionando hacia consultoras, ya que la inteligencia derivada del an\u00e1lisis de datos aporta un valor a\u00f1adido y estrat\u00e9gico. Las empresas que utilizan estos servicios no solo adquieren datos, sino conocimiento.\u00bb<\/em><br \/>\u2014 <strong>Carlos Clavero<\/strong>, Presidente Instituto DYM <\/p>\n<\/p>\n<figure class=\"wp-block-image size-large is-style-rounded\"><img loading=\"lazy\" width=\"1024\" height=\"1024\" src=\"https:\/\/institutodym.es\/wp-content\/uploads\/2024\/09\/nuestra-historia-1024x1024.webp\" alt=\"\" class=\"wp-image-3360\" srcset=\"https:\/\/institutodym.es\/wp-content\/uploads\/2024\/09\/nuestra-historia.webp 1024w, https:\/\/institutodym.es\/wp-content\/uploads\/2024\/09\/nuestra-historia-300x300.webp 300w, https:\/\/institutodym.es\/wp-content\/uploads\/2024\/09\/nuestra-historia-150x150.webp 150w, https:\/\/institutodym.es\/wp-content\/uploads\/2024\/09\/nuestra-historia-768x768.webp 768w, https:\/\/institutodym.es\/wp-content\/uploads\/2024\/09\/nuestra-historia-70x70.webp 70w\" sizes=\"(max-width: 1024px) 100vw, 1024px\" \/><\/figure>\n<p>Somos una empresa de servicios integrales en investigaci\u00f3n de mercados con una <strong>pasi\u00f3n<\/strong> inquebrantable por servir a nuestros clientes y hacer las cosas bien. Para nosotros, la <strong>pasi\u00f3n por la investigaci\u00f3n<\/strong> va mucho m\u00e1s all\u00e1 del simple deseo de hacerlo bien. Significa emocionarse, profundizar en las particularidades de cada mercado y comprender las necesidades espec\u00edficas de cada cliente, con el objetivo de ofrecerles la mejor soluci\u00f3n posible.<\/p>\n<p>En <strong>Instituto DYM<\/strong>, ponemos toda nuestra energ\u00eda y experiencia al servicio de nuestros clientes para destacar en un mercado globalizado y sin fronteras, donde las opciones y las posibilidades de elecci\u00f3n son cada vez mayores.<\/p>\n<p>Gracias a nuestra constante innovaci\u00f3n en el campo de la investigaci\u00f3n de mercados y los estudios de opini\u00f3n, al compromiso con nuestros clientes y, sobre todo, a la pasi\u00f3n con la que realizamos nuestro trabajo, <strong>Instituto DYM<\/strong> se ha convertido en una herramienta cercana y eficaz para garantizar el \u00e9xito en la toma de decisiones.<\/p>\n","protected":false},"excerpt":{"rendered":"<p>Nuestra Filosof\u00eda: \u00abLas compa\u00f1\u00edas de estudios de mercados est\u00e1n evolucionando hacia consultoras, ya que la inteligencia derivada del an\u00e1lisis de datos aporta un valor a\u00f1adido y estrat\u00e9gico. Las empresas que utilizan estos servicios no solo adquieren datos, sino conocimiento.\u00bb\u2014 Carlos Clavero, Presidente Instituto DYM Somos una empresa de servicios integrales en investigaci\u00f3n de mercados con [&hellip;]<\/p>\n","protected":false},"author":1,"featured_media":0,"parent":0,"menu_order":0,"comment_status":"closed","ping_status":"closed","template":"template-somos.php","meta":{"_monsterinsights_skip_tracking":false,"_monsterinsights_sitenote_active":false,"_monsterinsights_sitenote_note":"","_monsterinsights_sitenote_category":0},"yoast_head":"<!-- This site is optimized with the Yoast SEO plugin v17.8 - https:\/\/yoast.com\/wordpress\/plugins\/seo\/ -->\n<meta name=\"robots\" content=\"index, follow, max-snippet:-1, max-image-preview:large, max-video-preview:-1\" \/>\n<link rel=\"canonical\" href=\"https:\/\/institutodym.es\/es\/nuestra-historia\/\" \/>\n<meta property=\"og:locale\" content=\"es_ES\" \/>\n<meta property=\"og:type\" content=\"article\" \/>\n<meta property=\"og:title\" content=\"Nuestra Historia - DYM - Market Research\" \/>\n<meta property=\"og:description\" content=\"Nuestra Filosof\u00eda: \u00abLas compa\u00f1\u00edas de estudios de mercados est\u00e1n evolucionando hacia consultoras, ya que la inteligencia derivada del an\u00e1lisis de datos aporta un valor a\u00f1adido y estrat\u00e9gico. Las empresas que utilizan estos servicios no solo adquieren datos, sino conocimiento.\u00bb\u2014 Carlos Clavero, Presidente Instituto DYM Somos una empresa de servicios integrales en investigaci\u00f3n de mercados con [&hellip;]\" \/>\n<meta property=\"og:url\" content=\"https:\/\/institutodym.es\/es\/nuestra-historia\/\" \/>\n<meta property=\"og:site_name\" content=\"DYM - Market Research\" \/>\n<meta property=\"article:modified_time\" content=\"2024-09-26T11:02:48+00:00\" \/>\n<meta property=\"og:image\" content=\"https:\/\/institutodym.es\/wp-content\/uploads\/2024\/09\/nuestra-historia-1024x1024.webp\" \/>\n<meta name=\"twitter:card\" content=\"summary_large_image\" \/>\n<meta name=\"twitter:label1\" content=\"Tiempo de lectura\" \/>\n\t<meta name=\"twitter:data1\" content=\"2 minutos\" \/>\n<script type=\"application\/ld+json\" class=\"yoast-schema-graph\">{\"@context\":\"https:\/\/schema.org\",\"@graph\":[{\"@type\":\"WebSite\",\"@id\":\"https:\/\/institutodym.es\/#website\",\"url\":\"https:\/\/institutodym.es\/\",\"name\":\"DYM - Market Research\",\"description\":\"\",\"potentialAction\":[{\"@type\":\"SearchAction\",\"target\":{\"@type\":\"EntryPoint\",\"urlTemplate\":\"https:\/\/institutodym.es\/?s={search_term_string}\"},\"query-input\":\"required name=search_term_string\"}],\"inLanguage\":\"es\"},{\"@type\":\"ImageObject\",\"@id\":\"https:\/\/institutodym.es\/es\/nuestra-historia\/#primaryimage\",\"inLanguage\":\"es\",\"url\":\"https:\/\/institutodym.es\/wp-content\/uploads\/2024\/09\/nuestra-historia-1024x1024.webp\",\"contentUrl\":\"https:\/\/institutodym.es\/wp-content\/uploads\/2024\/09\/nuestra-historia-1024x1024.webp\"},{\"@type\":\"WebPage\",\"@id\":\"https:\/\/institutodym.es\/es\/nuestra-historia\/#webpage\",\"url\":\"https:\/\/institutodym.es\/es\/nuestra-historia\/\",\"name\":\"Nuestra Historia - DYM - Market Research\",\"isPartOf\":{\"@id\":\"https:\/\/institutodym.es\/#website\"},\"primaryImageOfPage\":{\"@id\":\"https:\/\/institutodym.es\/es\/nuestra-historia\/#primaryimage\"},\"datePublished\":\"2016-07-12T13:51:39+00:00\",\"dateModified\":\"2024-09-26T11:02:48+00:00\",\"breadcrumb\":{\"@id\":\"https:\/\/institutodym.es\/es\/nuestra-historia\/#breadcrumb\"},\"inLanguage\":\"es\",\"potentialAction\":[{\"@type\":\"ReadAction\",\"target\":[\"https:\/\/institutodym.es\/es\/nuestra-historia\/\"]}]},{\"@type\":\"BreadcrumbList\",\"@id\":\"https:\/\/institutodym.es\/es\/nuestra-historia\/#breadcrumb\",\"itemListElement\":[{\"@type\":\"ListItem\",\"position\":1,\"name\":\"Portada\",\"item\":\"https:\/\/institutodym.es\/es\/\"},{\"@type\":\"ListItem\",\"position\":2,\"name\":\"Nuestra Historia\"}]}]}<\/script>\n<!-- \/ Yoast SEO plugin. -->","yoast_head_json":{"robots":{"index":"index","follow":"follow","max-snippet":"max-snippet:-1","max-image-preview":"max-image-preview:large","max-video-preview":"max-video-preview:-1"},"canonical":"https:\/\/institutodym.es\/es\/nuestra-historia\/","og_locale":"es_ES","og_type":"article","og_title":"Nuestra Historia - DYM - Market Research","og_description":"Nuestra Filosof\u00eda: \u00abLas compa\u00f1\u00edas de estudios de mercados est\u00e1n evolucionando hacia consultoras, ya que la inteligencia derivada del an\u00e1lisis de datos aporta un valor a\u00f1adido y estrat\u00e9gico. Las empresas que utilizan estos servicios no solo adquieren datos, sino conocimiento.\u00bb\u2014 Carlos Clavero, Presidente Instituto DYM Somos una empresa de servicios integrales en investigaci\u00f3n de mercados con [&hellip;]","og_url":"https:\/\/institutodym.es\/es\/nuestra-historia\/","og_site_name":"DYM - Market Research","article_modified_time":"2024-09-26T11:02:48+00:00","og_image":[{"url":"https:\/\/institutodym.es\/wp-content\/uploads\/2024\/09\/nuestra-historia-1024x1024.webp"}],"twitter_card":"summary_large_image","twitter_misc":{"Tiempo de lectura":"2 minutos"},"schema":{"@context":"https:\/\/schema.org","@graph":[{"@type":"WebSite","@id":"https:\/\/institutodym.es\/#website","url":"https:\/\/institutodym.es\/","name":"DYM - Market Research","description":"","potentialAction":[{"@type":"SearchAction","target":{"@type":"EntryPoint","urlTemplate":"https:\/\/institutodym.es\/?s={search_term_string}"},"query-input":"required name=search_term_string"}],"inLanguage":"es"},{"@type":"ImageObject","@id":"https:\/\/institutodym.es\/es\/nuestra-historia\/#primaryimage","inLanguage":"es","url":"https:\/\/institutodym.es\/wp-content\/uploads\/2024\/09\/nuestra-historia-1024x1024.webp","contentUrl":"https:\/\/institutodym.es\/wp-content\/uploads\/2024\/09\/nuestra-historia-1024x1024.webp"},{"@type":"WebPage","@id":"https:\/\/institutodym.es\/es\/nuestra-historia\/#webpage","url":"https:\/\/institutodym.es\/es\/nuestra-historia\/","name":"Nuestra Historia - DYM - Market Research","isPartOf":{"@id":"https:\/\/institutodym.es\/#website"},"primaryImageOfPage":{"@id":"https:\/\/institutodym.es\/es\/nuestra-historia\/#primaryimage"},"datePublished":"2016-07-12T13:51:39+00:00","dateModified":"2024-09-26T11:02:48+00:00","breadcrumb":{"@id":"https:\/\/institutodym.es\/es\/nuestra-historia\/#breadcrumb"},"inLanguage":"es","potentialAction":[{"@type":"ReadAction","target":["https:\/\/institutodym.es\/es\/nuestra-historia\/"]}]},{"@type":"BreadcrumbList","@id":"https:\/\/institutodym.es\/es\/nuestra-historia\/#breadcrumb","itemListElement":[{"@type":"ListItem","position":1,"name":"Portada","item":"https:\/\/institutodym.es\/es\/"},{"@type":"ListItem","position":2,"name":"Nuestra Historia"}]}]}},"_links":{"self":[{"href":"https:\/\/institutodym.es\/es\/wp-json\/wp\/v2\/pages\/4"}],"collection":[{"href":"https:\/\/institutodym.es\/es\/wp-json\/wp\/v2\/pages"}],"about":[{"href":"https:\/\/institutodym.es\/es\/wp-json\/wp\/v2\/types\/page"}],"author":[{"embeddable":true,"href":"https:\/\/institutodym.es\/es\/wp-json\/wp\/v2\/users\/1"}],"replies":[{"embeddable":true,"href":"https:\/\/institutodym.es\/es\/wp-json\/wp\/v2\/comments?post=4"}],"version-history":[{"count":12,"href":"https:\/\/institutodym.es\/es\/wp-json\/wp\/v2\/pages\/4\/revisions"}],"predecessor-version":[{"id":3364,"href":"https:\/\/institutodym.es\/es\/wp-json\/wp\/v2\/pages\/4\/revisions\/3364"}],"wp:attachment":[{"href":"https:\/\/institutodym.es\/es\/wp-json\/wp\/v2\/media?parent=4"}],"curies":[{"name":"wp","href":"https:\/\/api.w.org\/{rel}","templated":true}]}}