{"id":52,"date":"2016-07-13T01:14:26","date_gmt":"2016-07-13T01:14:26","guid":{"rendered":"https:\/\/institutodym.es\/?page_id=52"},"modified":"2024-09-26T11:07:23","modified_gmt":"2024-09-26T11:07:23","slug":"equipo-humano","status":"publish","type":"page","link":"https:\/\/institutodym.es\/es\/equipo-humano\/","title":{"rendered":"Equipo Humano"},"content":{"rendered":"<\/p>\n<div class=\"wp-block-image is-style-default\">\n<figure class=\"aligncenter size-large\"><img loading=\"lazy\" width=\"1024\" height=\"1024\" src=\"https:\/\/institutodym.es\/wp-content\/uploads\/2024\/09\/equipo-humano-1024x1024.webp\" alt=\"\" class=\"wp-image-3366\" srcset=\"https:\/\/institutodym.es\/wp-content\/uploads\/2024\/09\/equipo-humano.webp 1024w, https:\/\/institutodym.es\/wp-content\/uploads\/2024\/09\/equipo-humano-300x300.webp 300w, https:\/\/institutodym.es\/wp-content\/uploads\/2024\/09\/equipo-humano-150x150.webp 150w, https:\/\/institutodym.es\/wp-content\/uploads\/2024\/09\/equipo-humano-768x768.webp 768w, https:\/\/institutodym.es\/wp-content\/uploads\/2024\/09\/equipo-humano-70x70.webp 70w\" sizes=\"(max-width: 1024px) 100vw, 1024px\" \/><\/figure>\n<\/div>\n<p>En <strong>Instituto DYM<\/strong> contamos con un equipo multidisciplinar de primer nivel, formado por profesionales altamente cualificados en diversas \u00e1reas:<\/p>\n<ul>\n<li>Diplomados en Empresariales<\/li>\n<li>Diplomados en Estad\u00edstica<\/li>\n<li>Doctores en Sociolog\u00eda<\/li>\n<li>Ingenieros en Electr\u00f3nica y Telecomunicaciones<\/li>\n<li>Licenciados en Ciencias Econ\u00f3micas y Pol\u00edticas, PDG (IESE &#8211; Universidad de Navarra)<\/li>\n<li>Licenciados en Ciencias Empresariales por ESADE<\/li>\n<li>Licenciados en Historia<\/li>\n<li>Licenciados en Investigaci\u00f3n y T\u00e9cnicas de Mercado<\/li>\n<li>Licenciados en Ciencias de la Informaci\u00f3n<\/li>\n<li>Licenciados en Ciencias Econ\u00f3micas<\/li>\n<li>Licenciados en Ciencias Pol\u00edticas y Sociolog\u00eda<\/li>\n<li>Licenciados en Direcci\u00f3n de Marketing y Gesti\u00f3n de Empresas<\/li>\n<li>Licenciados en Psicolog\u00eda Industrial<\/li>\n<li>Licenciados en Qu\u00edmica<\/li>\n<li>Licenciados en Sociolog\u00eda<\/li>\n<li>M\u00e1ster en Marketing de Distribuci\u00f3n y Consumo<\/li>\n<li>Programadores<\/li>\n<\/ul>\n<p>El <strong>personal directivo<\/strong> de la empresa se encarga de mantener un contacto directo con los clientes, dise\u00f1ar proyectos y estudios, y coordinar todos los departamentos operativos para asegurar la m\u00e1xima calidad en cada trabajo.<\/p>\n<p>El <strong>\u00c1rea de Operaciones<\/strong> re\u00fane todos los departamentos de producci\u00f3n, encarg\u00e1ndose de la obtenci\u00f3n de datos primarios y del procesamiento de la informaci\u00f3n de manera eficaz y confiable:<\/p>\n<ul>\n<li>Campo Personal<\/li>\n<li>Campo Telef\u00f3nico<\/li>\n<li>Campo Cualitativo<\/li>\n<li>Campo Online<\/li>\n<li>TIC y Procesamiento de Datos<\/li>\n<\/ul>\n","protected":false},"excerpt":{"rendered":"<p>En Instituto DYM contamos con un equipo multidisciplinar de primer nivel, formado por profesionales altamente cualificados en diversas \u00e1reas: Diplomados en Empresariales Diplomados en Estad\u00edstica Doctores en Sociolog\u00eda Ingenieros en Electr\u00f3nica y Telecomunicaciones Licenciados en Ciencias Econ\u00f3micas y Pol\u00edticas, PDG (IESE &#8211; Universidad de Navarra) Licenciados en Ciencias Empresariales por ESADE Licenciados en Historia Licenciados [&hellip;]<\/p>\n","protected":false},"author":1,"featured_media":0,"parent":0,"menu_order":0,"comment_status":"closed","ping_status":"closed","template":"template-somos.php","meta":{"_monsterinsights_skip_tracking":false,"_monsterinsights_sitenote_active":false,"_monsterinsights_sitenote_note":"","_monsterinsights_sitenote_category":0},"yoast_head":"<!-- This site is optimized with the Yoast SEO plugin v17.8 - https:\/\/yoast.com\/wordpress\/plugins\/seo\/ -->\n<meta name=\"robots\" content=\"index, follow, max-snippet:-1, max-image-preview:large, max-video-preview:-1\" \/>\n<link rel=\"canonical\" href=\"https:\/\/institutodym.es\/es\/equipo-humano\/\" \/>\n<meta property=\"og:locale\" content=\"es_ES\" \/>\n<meta property=\"og:type\" content=\"article\" \/>\n<meta property=\"og:title\" content=\"Equipo Humano - DYM - Market Research\" \/>\n<meta property=\"og:description\" content=\"En Instituto DYM contamos con un equipo multidisciplinar de primer nivel, formado por profesionales altamente cualificados en diversas \u00e1reas: Diplomados en Empresariales Diplomados en Estad\u00edstica Doctores en Sociolog\u00eda Ingenieros en Electr\u00f3nica y Telecomunicaciones Licenciados en Ciencias Econ\u00f3micas y Pol\u00edticas, PDG (IESE &#8211; Universidad de Navarra) Licenciados en Ciencias Empresariales por ESADE Licenciados en Historia Licenciados [&hellip;]\" \/>\n<meta property=\"og:url\" content=\"https:\/\/institutodym.es\/es\/equipo-humano\/\" \/>\n<meta property=\"og:site_name\" content=\"DYM - Market Research\" \/>\n<meta property=\"article:modified_time\" content=\"2024-09-26T11:07:23+00:00\" \/>\n<meta property=\"og:image\" content=\"https:\/\/institutodym.es\/wp-content\/uploads\/2024\/09\/equipo-humano-1024x1024.webp\" \/>\n<meta name=\"twitter:card\" content=\"summary_large_image\" \/>\n<meta name=\"twitter:label1\" content=\"Tiempo de lectura\" \/>\n\t<meta name=\"twitter:data1\" content=\"2 minutos\" \/>\n<script type=\"application\/ld+json\" class=\"yoast-schema-graph\">{\"@context\":\"https:\/\/schema.org\",\"@graph\":[{\"@type\":\"WebSite\",\"@id\":\"https:\/\/institutodym.es\/#website\",\"url\":\"https:\/\/institutodym.es\/\",\"name\":\"DYM - Market Research\",\"description\":\"\",\"potentialAction\":[{\"@type\":\"SearchAction\",\"target\":{\"@type\":\"EntryPoint\",\"urlTemplate\":\"https:\/\/institutodym.es\/?s={search_term_string}\"},\"query-input\":\"required name=search_term_string\"}],\"inLanguage\":\"es\"},{\"@type\":\"ImageObject\",\"@id\":\"https:\/\/institutodym.es\/es\/equipo-humano\/#primaryimage\",\"inLanguage\":\"es\",\"url\":\"https:\/\/institutodym.es\/wp-content\/uploads\/2024\/09\/equipo-humano-1024x1024.webp\",\"contentUrl\":\"https:\/\/institutodym.es\/wp-content\/uploads\/2024\/09\/equipo-humano-1024x1024.webp\"},{\"@type\":\"WebPage\",\"@id\":\"https:\/\/institutodym.es\/es\/equipo-humano\/#webpage\",\"url\":\"https:\/\/institutodym.es\/es\/equipo-humano\/\",\"name\":\"Equipo Humano - DYM - Market Research\",\"isPartOf\":{\"@id\":\"https:\/\/institutodym.es\/#website\"},\"primaryImageOfPage\":{\"@id\":\"https:\/\/institutodym.es\/es\/equipo-humano\/#primaryimage\"},\"datePublished\":\"2016-07-13T01:14:26+00:00\",\"dateModified\":\"2024-09-26T11:07:23+00:00\",\"breadcrumb\":{\"@id\":\"https:\/\/institutodym.es\/es\/equipo-humano\/#breadcrumb\"},\"inLanguage\":\"es\",\"potentialAction\":[{\"@type\":\"ReadAction\",\"target\":[\"https:\/\/institutodym.es\/es\/equipo-humano\/\"]}]},{\"@type\":\"BreadcrumbList\",\"@id\":\"https:\/\/institutodym.es\/es\/equipo-humano\/#breadcrumb\",\"itemListElement\":[{\"@type\":\"ListItem\",\"position\":1,\"name\":\"Portada\",\"item\":\"https:\/\/institutodym.es\/es\/\"},{\"@type\":\"ListItem\",\"position\":2,\"name\":\"Equipo Humano\"}]}]}<\/script>\n<!-- \/ Yoast SEO plugin. -->","yoast_head_json":{"robots":{"index":"index","follow":"follow","max-snippet":"max-snippet:-1","max-image-preview":"max-image-preview:large","max-video-preview":"max-video-preview:-1"},"canonical":"https:\/\/institutodym.es\/es\/equipo-humano\/","og_locale":"es_ES","og_type":"article","og_title":"Equipo Humano - DYM - Market Research","og_description":"En Instituto DYM contamos con un equipo multidisciplinar de primer nivel, formado por profesionales altamente cualificados en diversas \u00e1reas: Diplomados en Empresariales Diplomados en Estad\u00edstica Doctores en Sociolog\u00eda Ingenieros en Electr\u00f3nica y Telecomunicaciones Licenciados en Ciencias Econ\u00f3micas y Pol\u00edticas, PDG (IESE &#8211; Universidad de Navarra) Licenciados en Ciencias Empresariales por ESADE Licenciados en Historia Licenciados [&hellip;]","og_url":"https:\/\/institutodym.es\/es\/equipo-humano\/","og_site_name":"DYM - Market Research","article_modified_time":"2024-09-26T11:07:23+00:00","og_image":[{"url":"https:\/\/institutodym.es\/wp-content\/uploads\/2024\/09\/equipo-humano-1024x1024.webp"}],"twitter_card":"summary_large_image","twitter_misc":{"Tiempo de lectura":"2 minutos"},"schema":{"@context":"https:\/\/schema.org","@graph":[{"@type":"WebSite","@id":"https:\/\/institutodym.es\/#website","url":"https:\/\/institutodym.es\/","name":"DYM - Market Research","description":"","potentialAction":[{"@type":"SearchAction","target":{"@type":"EntryPoint","urlTemplate":"https:\/\/institutodym.es\/?s={search_term_string}"},"query-input":"required name=search_term_string"}],"inLanguage":"es"},{"@type":"ImageObject","@id":"https:\/\/institutodym.es\/es\/equipo-humano\/#primaryimage","inLanguage":"es","url":"https:\/\/institutodym.es\/wp-content\/uploads\/2024\/09\/equipo-humano-1024x1024.webp","contentUrl":"https:\/\/institutodym.es\/wp-content\/uploads\/2024\/09\/equipo-humano-1024x1024.webp"},{"@type":"WebPage","@id":"https:\/\/institutodym.es\/es\/equipo-humano\/#webpage","url":"https:\/\/institutodym.es\/es\/equipo-humano\/","name":"Equipo Humano - DYM - Market Research","isPartOf":{"@id":"https:\/\/institutodym.es\/#website"},"primaryImageOfPage":{"@id":"https:\/\/institutodym.es\/es\/equipo-humano\/#primaryimage"},"datePublished":"2016-07-13T01:14:26+00:00","dateModified":"2024-09-26T11:07:23+00:00","breadcrumb":{"@id":"https:\/\/institutodym.es\/es\/equipo-humano\/#breadcrumb"},"inLanguage":"es","potentialAction":[{"@type":"ReadAction","target":["https:\/\/institutodym.es\/es\/equipo-humano\/"]}]},{"@type":"BreadcrumbList","@id":"https:\/\/institutodym.es\/es\/equipo-humano\/#breadcrumb","itemListElement":[{"@type":"ListItem","position":1,"name":"Portada","item":"https:\/\/institutodym.es\/es\/"},{"@type":"ListItem","position":2,"name":"Equipo Humano"}]}]}},"_links":{"self":[{"href":"https:\/\/institutodym.es\/es\/wp-json\/wp\/v2\/pages\/52"}],"collection":[{"href":"https:\/\/institutodym.es\/es\/wp-json\/wp\/v2\/pages"}],"about":[{"href":"https:\/\/institutodym.es\/es\/wp-json\/wp\/v2\/types\/page"}],"author":[{"embeddable":true,"href":"https:\/\/institutodym.es\/es\/wp-json\/wp\/v2\/users\/1"}],"replies":[{"embeddable":true,"href":"https:\/\/institutodym.es\/es\/wp-json\/wp\/v2\/comments?post=52"}],"version-history":[{"count":8,"href":"https:\/\/institutodym.es\/es\/wp-json\/wp\/v2\/pages\/52\/revisions"}],"predecessor-version":[{"id":3370,"href":"https:\/\/institutodym.es\/es\/wp-json\/wp\/v2\/pages\/52\/revisions\/3370"}],"wp:attachment":[{"href":"https:\/\/institutodym.es\/es\/wp-json\/wp\/v2\/media?parent=52"}],"curies":[{"name":"wp","href":"https:\/\/api.w.org\/{rel}","templated":true}]}}