{"id":57,"date":"2016-07-13T01:16:39","date_gmt":"2016-07-13T01:16:39","guid":{"rendered":"https:\/\/institutodym.es\/?page_id=57"},"modified":"2026-03-11T08:22:28","modified_gmt":"2026-03-11T08:22:28","slug":"politica-de-calidad","status":"publish","type":"page","link":"https:\/\/institutodym.es\/es\/politica-de-calidad\/","title":{"rendered":"Pol\u00edtica de calidad"},"content":{"rendered":"<p><strong>Instituto DYM<\/strong>&nbsp;ha sido acreditada con la&nbsp;<strong>Norma UNE-ISO 20252<\/strong>, certificada por <strong>AENOR&nbsp;<\/strong>y el&nbsp;<strong>C\u00f3digo de Conducta CCI\/ESOMAR.<\/strong><\/p>\n<p>Esta norma regula los procesos de trabajo y mecanismos de control de calidad de todas las fases de cada trabajo, desde la elaboraci\u00f3n de propuestas e informes, el dise\u00f1o de cuestionarios, el trabajo de campo, la codificaci\u00f3n y tabulaci\u00f3n de datos, los informes, conclusiones.<\/p>\n<div class=\"wp-block-image is-style-default\">\n<figure class=\"aligncenter size-large\"><img loading=\"lazy\" width=\"724\" height=\"1024\" src=\"https:\/\/institutodym.es\/wp-content\/uploads\/2026\/03\/Declaracion-de-aplicabilidad_-Norma-UNE-20252_2019_3_page-0001-724x1024.jpg\" alt=\"\" class=\"wp-image-3871\" srcset=\"https:\/\/institutodym.es\/wp-content\/uploads\/2026\/03\/Declaracion-de-aplicabilidad_-Norma-UNE-20252_2019_3_page-0001-724x1024.jpg 724w, https:\/\/institutodym.es\/wp-content\/uploads\/2026\/03\/Declaracion-de-aplicabilidad_-Norma-UNE-20252_2019_3_page-0001-212x300.jpg 212w, https:\/\/institutodym.es\/wp-content\/uploads\/2026\/03\/Declaracion-de-aplicabilidad_-Norma-UNE-20252_2019_3_page-0001-768x1086.jpg 768w, https:\/\/institutodym.es\/wp-content\/uploads\/2026\/03\/Declaracion-de-aplicabilidad_-Norma-UNE-20252_2019_3_page-0001-1086x1536.jpg 1086w, https:\/\/institutodym.es\/wp-content\/uploads\/2026\/03\/Declaracion-de-aplicabilidad_-Norma-UNE-20252_2019_3_page-0001.jpg 1241w\" sizes=\"(max-width: 724px) 100vw, 724px\" \/><\/figure>\n<\/div>\n<div class=\"wp-block-image is-style-default\">\n<figure class=\"aligncenter size-large\"><img loading=\"lazy\" width=\"724\" height=\"1024\" src=\"https:\/\/institutodym.es\/wp-content\/uploads\/2026\/03\/Declaracion-de-aplicabilidad_-Norma-UNE-20252_2019_3_page-0002-724x1024.jpg\" alt=\"\" class=\"wp-image-3874\" srcset=\"https:\/\/institutodym.es\/wp-content\/uploads\/2026\/03\/Declaracion-de-aplicabilidad_-Norma-UNE-20252_2019_3_page-0002-724x1024.jpg 724w, https:\/\/institutodym.es\/wp-content\/uploads\/2026\/03\/Declaracion-de-aplicabilidad_-Norma-UNE-20252_2019_3_page-0002-212x300.jpg 212w, https:\/\/institutodym.es\/wp-content\/uploads\/2026\/03\/Declaracion-de-aplicabilidad_-Norma-UNE-20252_2019_3_page-0002-768x1086.jpg 768w, https:\/\/institutodym.es\/wp-content\/uploads\/2026\/03\/Declaracion-de-aplicabilidad_-Norma-UNE-20252_2019_3_page-0002-1086x1536.jpg 1086w, https:\/\/institutodym.es\/wp-content\/uploads\/2026\/03\/Declaracion-de-aplicabilidad_-Norma-UNE-20252_2019_3_page-0002.jpg 1241w\" sizes=\"(max-width: 724px) 100vw, 724px\" \/><\/figure>\n<\/div>\n<div class=\"wp-block-image\">\n<figure class=\"aligncenter size-full\"><img loading=\"lazy\" width=\"1024\" height=\"724\" src=\"https:\/\/institutodym.es\/wp-content\/uploads\/2022\/03\/Decalogo-calidad-1024x724-3.jpg\" alt=\"\" class=\"wp-image-2962\" srcset=\"https:\/\/institutodym.es\/wp-content\/uploads\/2022\/03\/Decalogo-calidad-1024x724-3.jpg 1024w, https:\/\/institutodym.es\/wp-content\/uploads\/2022\/03\/Decalogo-calidad-1024x724-3-300x212.jpg 300w, https:\/\/institutodym.es\/wp-content\/uploads\/2022\/03\/Decalogo-calidad-1024x724-3-768x543.jpg 768w\" sizes=\"(max-width: 1024px) 100vw, 1024px\" \/><\/figure>\n<\/div>\n<p><strong>Instituto DYM&nbsp;<\/strong>como miembro de <strong>INSIGHTS &amp; ANALYTICS<\/strong> Espa\u00f1a<strong>&nbsp;<\/strong>lleva a cabo el SISTEMA&nbsp;<strong>SACC&nbsp;<\/strong><em>Sistema de Calidad de Captaciones.<\/em><\/p>\n<div class=\"wp-block-image\">\n<figure class=\"aligncenter\"><img loading=\"lazy\" width=\"751\" height=\"753\" src=\"https:\/\/institutodym.es\/wp-content\/uploads\/2016\/07\/SACC.jpg\" alt=\"\" class=\"wp-image-761\" srcset=\"https:\/\/institutodym.es\/wp-content\/uploads\/2016\/07\/SACC.jpg 751w, https:\/\/institutodym.es\/wp-content\/uploads\/2016\/07\/SACC-150x150.jpg 150w, https:\/\/institutodym.es\/wp-content\/uploads\/2016\/07\/SACC-300x300.jpg 300w, https:\/\/institutodym.es\/wp-content\/uploads\/2016\/07\/SACC-70x70.jpg 70w\" sizes=\"(max-width: 751px) 100vw, 751px\" \/><\/figure>\n<\/div>\n<p>El Sistema de Calidad de Captaciones (SACC) forma parte del Programa de Calidad que la Asociaci\u00f3n Insights &amp; Analytics  promueve dentro del sector de investigaci\u00f3n.<\/p>\n<p>Gracias al SACC, tanto el cliente como la empresa que realiza estudios cualitativos, puede disponer de informaci\u00f3n acerca de la participaci\u00f3n previa de los seleccionados en otros estudios cualitativos.<br \/>Esto permite evitar su asistencia reiterada y mejorar as\u00ed el sistema de reclutamiento.<\/p><\/p>\n","protected":false},"excerpt":{"rendered":"<p>Instituto DYM&nbsp;ha sido acreditada con la&nbsp;Norma UNE-ISO 20252, certificada por AENOR&nbsp;y el&nbsp;C\u00f3digo de Conducta CCI\/ESOMAR. Esta norma regula los procesos de trabajo y mecanismos de control de calidad de todas las fases de cada trabajo, desde la elaboraci\u00f3n de propuestas e informes, el dise\u00f1o de cuestionarios, el trabajo de campo, la codificaci\u00f3n y tabulaci\u00f3n de [&hellip;]<\/p>\n","protected":false},"author":1,"featured_media":0,"parent":0,"menu_order":0,"comment_status":"closed","ping_status":"closed","template":"template-somos.php","meta":{"_monsterinsights_skip_tracking":false,"_monsterinsights_sitenote_active":false,"_monsterinsights_sitenote_note":"","_monsterinsights_sitenote_category":0},"yoast_head":"<!-- This site is optimized with the Yoast SEO plugin v17.8 - https:\/\/yoast.com\/wordpress\/plugins\/seo\/ -->\n<meta name=\"robots\" content=\"index, follow, max-snippet:-1, max-image-preview:large, max-video-preview:-1\" \/>\n<link rel=\"canonical\" href=\"https:\/\/institutodym.es\/es\/politica-de-calidad\/\" \/>\n<meta property=\"og:locale\" content=\"es_ES\" \/>\n<meta property=\"og:type\" content=\"article\" \/>\n<meta property=\"og:title\" content=\"Pol\u00edtica de calidad - DYM - Market Research\" \/>\n<meta property=\"og:description\" content=\"Instituto DYM&nbsp;ha sido acreditada con la&nbsp;Norma UNE-ISO 20252, certificada por AENOR&nbsp;y el&nbsp;C\u00f3digo de Conducta CCI\/ESOMAR. Esta norma regula los procesos de trabajo y mecanismos de control de calidad de todas las fases de cada trabajo, desde la elaboraci\u00f3n de propuestas e informes, el dise\u00f1o de cuestionarios, el trabajo de campo, la codificaci\u00f3n y tabulaci\u00f3n de [&hellip;]\" \/>\n<meta property=\"og:url\" content=\"https:\/\/institutodym.es\/es\/politica-de-calidad\/\" \/>\n<meta property=\"og:site_name\" content=\"DYM - Market Research\" \/>\n<meta property=\"article:modified_time\" content=\"2026-03-11T08:22:28+00:00\" \/>\n<meta property=\"og:image\" content=\"https:\/\/institutodym.es\/wp-content\/uploads\/2026\/03\/Declaracion-de-aplicabilidad_-Norma-UNE-20252_2019_3_page-0001-724x1024.jpg\" \/>\n<meta name=\"twitter:card\" content=\"summary_large_image\" \/>\n<meta name=\"twitter:label1\" content=\"Tiempo de lectura\" \/>\n\t<meta name=\"twitter:data1\" content=\"2 minutos\" \/>\n<script type=\"application\/ld+json\" class=\"yoast-schema-graph\">{\"@context\":\"https:\/\/schema.org\",\"@graph\":[{\"@type\":\"WebSite\",\"@id\":\"https:\/\/institutodym.es\/#website\",\"url\":\"https:\/\/institutodym.es\/\",\"name\":\"DYM - Market Research\",\"description\":\"\",\"potentialAction\":[{\"@type\":\"SearchAction\",\"target\":{\"@type\":\"EntryPoint\",\"urlTemplate\":\"https:\/\/institutodym.es\/?s={search_term_string}\"},\"query-input\":\"required name=search_term_string\"}],\"inLanguage\":\"es\"},{\"@type\":\"ImageObject\",\"@id\":\"https:\/\/institutodym.es\/es\/politica-de-calidad\/#primaryimage\",\"inLanguage\":\"es\",\"url\":\"https:\/\/institutodym.es\/wp-content\/uploads\/2026\/03\/Declaracion-de-aplicabilidad_-Norma-UNE-20252_2019_3_page-0001.jpg\",\"contentUrl\":\"https:\/\/institutodym.es\/wp-content\/uploads\/2026\/03\/Declaracion-de-aplicabilidad_-Norma-UNE-20252_2019_3_page-0001.jpg\",\"width\":1241,\"height\":1755},{\"@type\":\"WebPage\",\"@id\":\"https:\/\/institutodym.es\/es\/politica-de-calidad\/#webpage\",\"url\":\"https:\/\/institutodym.es\/es\/politica-de-calidad\/\",\"name\":\"Pol\\u00edtica de calidad - DYM - Market Research\",\"isPartOf\":{\"@id\":\"https:\/\/institutodym.es\/#website\"},\"primaryImageOfPage\":{\"@id\":\"https:\/\/institutodym.es\/es\/politica-de-calidad\/#primaryimage\"},\"datePublished\":\"2016-07-13T01:16:39+00:00\",\"dateModified\":\"2026-03-11T08:22:28+00:00\",\"breadcrumb\":{\"@id\":\"https:\/\/institutodym.es\/es\/politica-de-calidad\/#breadcrumb\"},\"inLanguage\":\"es\",\"potentialAction\":[{\"@type\":\"ReadAction\",\"target\":[\"https:\/\/institutodym.es\/es\/politica-de-calidad\/\"]}]},{\"@type\":\"BreadcrumbList\",\"@id\":\"https:\/\/institutodym.es\/es\/politica-de-calidad\/#breadcrumb\",\"itemListElement\":[{\"@type\":\"ListItem\",\"position\":1,\"name\":\"Portada\",\"item\":\"https:\/\/institutodym.es\/es\/\"},{\"@type\":\"ListItem\",\"position\":2,\"name\":\"Pol\\u00edtica de calidad\"}]}]}<\/script>\n<!-- \/ Yoast SEO plugin. -->","yoast_head_json":{"robots":{"index":"index","follow":"follow","max-snippet":"max-snippet:-1","max-image-preview":"max-image-preview:large","max-video-preview":"max-video-preview:-1"},"canonical":"https:\/\/institutodym.es\/es\/politica-de-calidad\/","og_locale":"es_ES","og_type":"article","og_title":"Pol\u00edtica de calidad - DYM - Market Research","og_description":"Instituto DYM&nbsp;ha sido acreditada con la&nbsp;Norma UNE-ISO 20252, certificada por AENOR&nbsp;y el&nbsp;C\u00f3digo de Conducta CCI\/ESOMAR. Esta norma regula los procesos de trabajo y mecanismos de control de calidad de todas las fases de cada trabajo, desde la elaboraci\u00f3n de propuestas e informes, el dise\u00f1o de cuestionarios, el trabajo de campo, la codificaci\u00f3n y tabulaci\u00f3n de [&hellip;]","og_url":"https:\/\/institutodym.es\/es\/politica-de-calidad\/","og_site_name":"DYM - Market Research","article_modified_time":"2026-03-11T08:22:28+00:00","og_image":[{"url":"https:\/\/institutodym.es\/wp-content\/uploads\/2026\/03\/Declaracion-de-aplicabilidad_-Norma-UNE-20252_2019_3_page-0001-724x1024.jpg"}],"twitter_card":"summary_large_image","twitter_misc":{"Tiempo de lectura":"2 minutos"},"schema":{"@context":"https:\/\/schema.org","@graph":[{"@type":"WebSite","@id":"https:\/\/institutodym.es\/#website","url":"https:\/\/institutodym.es\/","name":"DYM - Market Research","description":"","potentialAction":[{"@type":"SearchAction","target":{"@type":"EntryPoint","urlTemplate":"https:\/\/institutodym.es\/?s={search_term_string}"},"query-input":"required name=search_term_string"}],"inLanguage":"es"},{"@type":"ImageObject","@id":"https:\/\/institutodym.es\/es\/politica-de-calidad\/#primaryimage","inLanguage":"es","url":"https:\/\/institutodym.es\/wp-content\/uploads\/2026\/03\/Declaracion-de-aplicabilidad_-Norma-UNE-20252_2019_3_page-0001.jpg","contentUrl":"https:\/\/institutodym.es\/wp-content\/uploads\/2026\/03\/Declaracion-de-aplicabilidad_-Norma-UNE-20252_2019_3_page-0001.jpg","width":1241,"height":1755},{"@type":"WebPage","@id":"https:\/\/institutodym.es\/es\/politica-de-calidad\/#webpage","url":"https:\/\/institutodym.es\/es\/politica-de-calidad\/","name":"Pol\u00edtica de calidad - DYM - Market Research","isPartOf":{"@id":"https:\/\/institutodym.es\/#website"},"primaryImageOfPage":{"@id":"https:\/\/institutodym.es\/es\/politica-de-calidad\/#primaryimage"},"datePublished":"2016-07-13T01:16:39+00:00","dateModified":"2026-03-11T08:22:28+00:00","breadcrumb":{"@id":"https:\/\/institutodym.es\/es\/politica-de-calidad\/#breadcrumb"},"inLanguage":"es","potentialAction":[{"@type":"ReadAction","target":["https:\/\/institutodym.es\/es\/politica-de-calidad\/"]}]},{"@type":"BreadcrumbList","@id":"https:\/\/institutodym.es\/es\/politica-de-calidad\/#breadcrumb","itemListElement":[{"@type":"ListItem","position":1,"name":"Portada","item":"https:\/\/institutodym.es\/es\/"},{"@type":"ListItem","position":2,"name":"Pol\u00edtica de calidad"}]}]}},"_links":{"self":[{"href":"https:\/\/institutodym.es\/es\/wp-json\/wp\/v2\/pages\/57"}],"collection":[{"href":"https:\/\/institutodym.es\/es\/wp-json\/wp\/v2\/pages"}],"about":[{"href":"https:\/\/institutodym.es\/es\/wp-json\/wp\/v2\/types\/page"}],"author":[{"embeddable":true,"href":"https:\/\/institutodym.es\/es\/wp-json\/wp\/v2\/users\/1"}],"replies":[{"embeddable":true,"href":"https:\/\/institutodym.es\/es\/wp-json\/wp\/v2\/comments?post=57"}],"version-history":[{"count":19,"href":"https:\/\/institutodym.es\/es\/wp-json\/wp\/v2\/pages\/57\/revisions"}],"predecessor-version":[{"id":3877,"href":"https:\/\/institutodym.es\/es\/wp-json\/wp\/v2\/pages\/57\/revisions\/3877"}],"wp:attachment":[{"href":"https:\/\/institutodym.es\/es\/wp-json\/wp\/v2\/media?parent=57"}],"curies":[{"name":"wp","href":"https:\/\/api.w.org\/{rel}","templated":true}]}}