{"id":59,"date":"2016-07-13T01:17:34","date_gmt":"2016-07-13T01:17:34","guid":{"rendered":"https:\/\/institutodym.es\/?page_id=59"},"modified":"2024-09-27T10:58:38","modified_gmt":"2024-09-27T10:58:38","slug":"estudios-internacionales","status":"publish","type":"page","link":"https:\/\/institutodym.es\/es\/estudios-internacionales\/","title":{"rendered":"Estudios Internacionales red internacional WIN"},"content":{"rendered":"<p><img loading=\"lazy\" class=\" wp-image-3380 aligncenter\" src=\"https:\/\/institutodym.es\/wp-content\/uploads\/2024\/09\/inteligencia-artificial-300x300.webp\" alt=\"\" width=\"636\" height=\"636\" srcset=\"https:\/\/institutodym.es\/wp-content\/uploads\/2024\/09\/inteligencia-artificial-300x300.webp 300w, https:\/\/institutodym.es\/wp-content\/uploads\/2024\/09\/inteligencia-artificial.webp 1024w, https:\/\/institutodym.es\/wp-content\/uploads\/2024\/09\/inteligencia-artificial-150x150.webp 150w, https:\/\/institutodym.es\/wp-content\/uploads\/2024\/09\/inteligencia-artificial-768x768.webp 768w, https:\/\/institutodym.es\/wp-content\/uploads\/2024\/09\/inteligencia-artificial-70x70.webp 70w\" sizes=\"(max-width: 636px) 100vw, 636px\" \/>WIN celebr\u00f3 su conferencia global anual en Bali, Indonesia, del 16 al 19 de junio, con el tema \u00abEvoluci\u00f3n y empat\u00eda\u00bb.<\/p>\n<p>El evento brind\u00f3 una oportunidad \u00fanica y valiosa para que los expertos de la industria se reunieran de todo el mundo.<\/p>\n<p>Es una plataforma para debatir los avances recientes en la tecnolog\u00eda de investigaci\u00f3n y, lo que es m\u00e1s importante, para dar forma al futuro de los conocimientos. La agenda incluy\u00f3 3 d\u00edas de sesiones sobre c\u00f3mo mantener la conexi\u00f3n y la comprensi\u00f3n humanas al mismo tiempo que se aprovecha la inteligencia artificial.<\/p>\n<p>Como el tema era Evoluci\u00f3n y empat\u00eda, todos estuvimos de acuerdo en que las conexiones humanas reales proporcionadas por la investigaci\u00f3n de mercado seguir\u00e1n siendo a\u00fan m\u00e1s importantes para las marcas que avanzan hacia el futuro a medida que crezca la influencia de la IA.<\/p>\n","protected":false},"excerpt":{"rendered":"<p>WIN celebr\u00f3 su conferencia global anual en Bali, Indonesia, del 16 al 19 de junio, con el tema \u00abEvoluci\u00f3n y empat\u00eda\u00bb. El evento brind\u00f3 una oportunidad \u00fanica y valiosa para que los expertos de la industria se reunieran de todo el mundo. Es una plataforma para debatir los avances recientes en la tecnolog\u00eda de investigaci\u00f3n [&hellip;]<\/p>\n","protected":false},"author":1,"featured_media":742,"parent":0,"menu_order":0,"comment_status":"closed","ping_status":"closed","template":"template-somos.php","meta":{"_monsterinsights_skip_tracking":false,"_monsterinsights_sitenote_active":false,"_monsterinsights_sitenote_note":"","_monsterinsights_sitenote_category":0},"yoast_head":"<!-- This site is optimized with the Yoast SEO plugin v17.8 - https:\/\/yoast.com\/wordpress\/plugins\/seo\/ -->\n<meta name=\"robots\" content=\"index, follow, max-snippet:-1, max-image-preview:large, max-video-preview:-1\" \/>\n<link rel=\"canonical\" href=\"https:\/\/institutodym.es\/es\/estudios-internacionales\/\" \/>\n<meta property=\"og:locale\" content=\"es_ES\" \/>\n<meta property=\"og:type\" content=\"article\" \/>\n<meta property=\"og:title\" content=\"Estudios Internacionales red internacional WIN - DYM - Market Research\" \/>\n<meta property=\"og:description\" content=\"WIN celebr\u00f3 su conferencia global anual en Bali, Indonesia, del 16 al 19 de junio, con el tema \u00abEvoluci\u00f3n y empat\u00eda\u00bb. El evento brind\u00f3 una oportunidad \u00fanica y valiosa para que los expertos de la industria se reunieran de todo el mundo. Es una plataforma para debatir los avances recientes en la tecnolog\u00eda de investigaci\u00f3n [&hellip;]\" \/>\n<meta property=\"og:url\" content=\"https:\/\/institutodym.es\/es\/estudios-internacionales\/\" \/>\n<meta property=\"og:site_name\" content=\"DYM - Market Research\" \/>\n<meta property=\"article:modified_time\" content=\"2024-09-27T10:58:38+00:00\" \/>\n<meta property=\"og:image\" content=\"https:\/\/institutodym.es\/wp-content\/uploads\/2016\/07\/MAPA-WIN-OK.jpg\" \/>\n\t<meta property=\"og:image:width\" content=\"1024\" \/>\n\t<meta property=\"og:image:height\" content=\"685\" \/>\n<meta name=\"twitter:card\" content=\"summary_large_image\" \/>\n<meta name=\"twitter:label1\" content=\"Tiempo de lectura\" \/>\n\t<meta name=\"twitter:data1\" content=\"1 minuto\" \/>\n<script type=\"application\/ld+json\" class=\"yoast-schema-graph\">{\"@context\":\"https:\/\/schema.org\",\"@graph\":[{\"@type\":\"WebSite\",\"@id\":\"https:\/\/institutodym.es\/#website\",\"url\":\"https:\/\/institutodym.es\/\",\"name\":\"DYM - Market Research\",\"description\":\"\",\"potentialAction\":[{\"@type\":\"SearchAction\",\"target\":{\"@type\":\"EntryPoint\",\"urlTemplate\":\"https:\/\/institutodym.es\/?s={search_term_string}\"},\"query-input\":\"required name=search_term_string\"}],\"inLanguage\":\"es\"},{\"@type\":\"ImageObject\",\"@id\":\"https:\/\/institutodym.es\/es\/estudios-internacionales\/#primaryimage\",\"inLanguage\":\"es\",\"url\":\"https:\/\/institutodym.es\/wp-content\/uploads\/2016\/07\/MAPA-WIN-OK.jpg\",\"contentUrl\":\"https:\/\/institutodym.es\/wp-content\/uploads\/2016\/07\/MAPA-WIN-OK.jpg\",\"width\":1024,\"height\":685},{\"@type\":\"WebPage\",\"@id\":\"https:\/\/institutodym.es\/es\/estudios-internacionales\/#webpage\",\"url\":\"https:\/\/institutodym.es\/es\/estudios-internacionales\/\",\"name\":\"Estudios Internacionales red internacional WIN - DYM - Market Research\",\"isPartOf\":{\"@id\":\"https:\/\/institutodym.es\/#website\"},\"primaryImageOfPage\":{\"@id\":\"https:\/\/institutodym.es\/es\/estudios-internacionales\/#primaryimage\"},\"datePublished\":\"2016-07-13T01:17:34+00:00\",\"dateModified\":\"2024-09-27T10:58:38+00:00\",\"breadcrumb\":{\"@id\":\"https:\/\/institutodym.es\/es\/estudios-internacionales\/#breadcrumb\"},\"inLanguage\":\"es\",\"potentialAction\":[{\"@type\":\"ReadAction\",\"target\":[\"https:\/\/institutodym.es\/es\/estudios-internacionales\/\"]}]},{\"@type\":\"BreadcrumbList\",\"@id\":\"https:\/\/institutodym.es\/es\/estudios-internacionales\/#breadcrumb\",\"itemListElement\":[{\"@type\":\"ListItem\",\"position\":1,\"name\":\"Portada\",\"item\":\"https:\/\/institutodym.es\/es\/\"},{\"@type\":\"ListItem\",\"position\":2,\"name\":\"Estudios Internacionales red internacional WIN\"}]}]}<\/script>\n<!-- \/ Yoast SEO plugin. -->","yoast_head_json":{"robots":{"index":"index","follow":"follow","max-snippet":"max-snippet:-1","max-image-preview":"max-image-preview:large","max-video-preview":"max-video-preview:-1"},"canonical":"https:\/\/institutodym.es\/es\/estudios-internacionales\/","og_locale":"es_ES","og_type":"article","og_title":"Estudios Internacionales red internacional WIN - DYM - Market Research","og_description":"WIN celebr\u00f3 su conferencia global anual en Bali, Indonesia, del 16 al 19 de junio, con el tema \u00abEvoluci\u00f3n y empat\u00eda\u00bb. El evento brind\u00f3 una oportunidad \u00fanica y valiosa para que los expertos de la industria se reunieran de todo el mundo. Es una plataforma para debatir los avances recientes en la tecnolog\u00eda de investigaci\u00f3n [&hellip;]","og_url":"https:\/\/institutodym.es\/es\/estudios-internacionales\/","og_site_name":"DYM - Market Research","article_modified_time":"2024-09-27T10:58:38+00:00","og_image":[{"width":1024,"height":685,"url":"https:\/\/institutodym.es\/wp-content\/uploads\/2016\/07\/MAPA-WIN-OK.jpg","type":"image\/jpeg"}],"twitter_card":"summary_large_image","twitter_misc":{"Tiempo de lectura":"1 minuto"},"schema":{"@context":"https:\/\/schema.org","@graph":[{"@type":"WebSite","@id":"https:\/\/institutodym.es\/#website","url":"https:\/\/institutodym.es\/","name":"DYM - Market Research","description":"","potentialAction":[{"@type":"SearchAction","target":{"@type":"EntryPoint","urlTemplate":"https:\/\/institutodym.es\/?s={search_term_string}"},"query-input":"required name=search_term_string"}],"inLanguage":"es"},{"@type":"ImageObject","@id":"https:\/\/institutodym.es\/es\/estudios-internacionales\/#primaryimage","inLanguage":"es","url":"https:\/\/institutodym.es\/wp-content\/uploads\/2016\/07\/MAPA-WIN-OK.jpg","contentUrl":"https:\/\/institutodym.es\/wp-content\/uploads\/2016\/07\/MAPA-WIN-OK.jpg","width":1024,"height":685},{"@type":"WebPage","@id":"https:\/\/institutodym.es\/es\/estudios-internacionales\/#webpage","url":"https:\/\/institutodym.es\/es\/estudios-internacionales\/","name":"Estudios Internacionales red internacional WIN - DYM - Market Research","isPartOf":{"@id":"https:\/\/institutodym.es\/#website"},"primaryImageOfPage":{"@id":"https:\/\/institutodym.es\/es\/estudios-internacionales\/#primaryimage"},"datePublished":"2016-07-13T01:17:34+00:00","dateModified":"2024-09-27T10:58:38+00:00","breadcrumb":{"@id":"https:\/\/institutodym.es\/es\/estudios-internacionales\/#breadcrumb"},"inLanguage":"es","potentialAction":[{"@type":"ReadAction","target":["https:\/\/institutodym.es\/es\/estudios-internacionales\/"]}]},{"@type":"BreadcrumbList","@id":"https:\/\/institutodym.es\/es\/estudios-internacionales\/#breadcrumb","itemListElement":[{"@type":"ListItem","position":1,"name":"Portada","item":"https:\/\/institutodym.es\/es\/"},{"@type":"ListItem","position":2,"name":"Estudios Internacionales red internacional WIN"}]}]}},"_links":{"self":[{"href":"https:\/\/institutodym.es\/es\/wp-json\/wp\/v2\/pages\/59"}],"collection":[{"href":"https:\/\/institutodym.es\/es\/wp-json\/wp\/v2\/pages"}],"about":[{"href":"https:\/\/institutodym.es\/es\/wp-json\/wp\/v2\/types\/page"}],"author":[{"embeddable":true,"href":"https:\/\/institutodym.es\/es\/wp-json\/wp\/v2\/users\/1"}],"replies":[{"embeddable":true,"href":"https:\/\/institutodym.es\/es\/wp-json\/wp\/v2\/comments?post=59"}],"version-history":[{"count":6,"href":"https:\/\/institutodym.es\/es\/wp-json\/wp\/v2\/pages\/59\/revisions"}],"predecessor-version":[{"id":3383,"href":"https:\/\/institutodym.es\/es\/wp-json\/wp\/v2\/pages\/59\/revisions\/3383"}],"wp:featuredmedia":[{"embeddable":true,"href":"https:\/\/institutodym.es\/es\/wp-json\/wp\/v2\/media\/742"}],"wp:attachment":[{"href":"https:\/\/institutodym.es\/es\/wp-json\/wp\/v2\/media?parent=59"}],"curies":[{"name":"wp","href":"https:\/\/api.w.org\/{rel}","templated":true}]}}