{"id":66,"date":"2016-07-13T01:33:16","date_gmt":"2016-07-13T01:33:16","guid":{"rendered":"https:\/\/institutodym.es\/?page_id=66"},"modified":"2024-09-26T10:50:44","modified_gmt":"2024-09-26T10:50:44","slug":"division-cuantitativa","status":"publish","type":"page","link":"https:\/\/institutodym.es\/es\/division-cuantitativa\/","title":{"rendered":"Divisi\u00f3n Cuantitativa"},"content":{"rendered":"<p><strong>Instituto DYM es una empresa de servicios integrales en investigaci\u00f3n de mercados y opini\u00f3n, especializada en estudios ad hoc tanto cuantitativos como cualitativos. Opera a nivel nacional e internacional, formando parte de la red global WIN WORLD SURVEY.<\/strong><\/p>\n<div class=\"wp-duotone-filter-6a0786da9686b wp-block-image is-style-rounded\">\n<figure class=\"alignright size-full\"><img loading=\"lazy\" width=\"480\" height=\"300\" src=\"https:\/\/institutodym.es\/wp-content\/uploads\/2024\/09\/win-world-survey-logo-480x300-1.png\" alt=\"\" class=\"wp-image-3348\" srcset=\"https:\/\/institutodym.es\/wp-content\/uploads\/2024\/09\/win-world-survey-logo-480x300-1.png 480w, https:\/\/institutodym.es\/wp-content\/uploads\/2024\/09\/win-world-survey-logo-480x300-1-300x188.png 300w, https:\/\/institutodym.es\/wp-content\/uploads\/2024\/09\/win-world-survey-logo-480x300-1-270x170.png 270w\" sizes=\"(max-width: 480px) 100vw, 480px\" \/><\/figure>\n<\/div>\n<style>\n\t\t.wp-duotone-filter-6a0786da9686b img {\n\t\t\tfilter: url( #wp-duotone-filter-6a0786da9686b );\n\t\t}\n\t<\/style>\n<p>\t<svg\n\t\txmlns:xlink=\"http:\/\/www.w3.org\/1999\/xlink\"\n\t\tviewBox=\"0 0 0 0\"\n\t\twidth=\"0\"\n\t\theight=\"0\"\n\t\tfocusable=\"false\"\n\t\trole=\"none\"\n\t\tstyle=\"visibility: hidden; position: absolute; left: -9999px; overflow: hidden;\"\n\t>\n\t\t<defs>\n\t\t\t<filter id=\"wp-duotone-filter-6a0786da9686b\">\n\t\t\t\t<feColorMatrix\n\t\t\t\t\ttype=\"matrix\"\n\t\t\t\t\t\t\t\t\t\tvalues=\".299 .587 .114 0 0\n\t\t\t\t\t\t\t.299 .587 .114 0 0\n\t\t\t\t\t\t\t.299 .587 .114 0 0\n\t\t\t\t\t\t\t0 0 0 1 0\"\n\t\t\t\t\t\t\t\t\t\/>\n\t\t\t\t<feComponentTransfer color-interpolation-filters=\"sRGB\" >\n\t\t\t\t\t<feFuncR type=\"table\" tableValues=\"0 1\" \/>\n\t\t\t\t\t<feFuncG type=\"table\" tableValues=\"0 1\" \/>\n\t\t\t\t\t<feFuncB type=\"table\" tableValues=\"0 1\" \/>\n\t\t\t\t<\/feComponentTransfer>\n\t\t\t<\/filter>\n\t\t<\/defs>\n\t<\/svg><\/p>\n<figure class=\"wp-block-image size-large is-style-default\"><img loading=\"lazy\" width=\"1024\" height=\"218\" src=\"https:\/\/institutodym.es\/wp-content\/uploads\/2024\/09\/dym-blanco-1024x218.jpg\" alt=\"\" class=\"wp-image-3345\" srcset=\"https:\/\/institutodym.es\/wp-content\/uploads\/2024\/09\/dym-blanco-1024x218.jpg 1024w, https:\/\/institutodym.es\/wp-content\/uploads\/2024\/09\/dym-blanco-300x64.jpg 300w, https:\/\/institutodym.es\/wp-content\/uploads\/2024\/09\/dym-blanco-768x163.jpg 768w, https:\/\/institutodym.es\/wp-content\/uploads\/2024\/09\/dym-blanco.jpg 1184w\" sizes=\"(max-width: 1024px) 100vw, 1024px\" \/><\/figure>\n<div class=\"wp-block-columns\">\n<div class=\"wp-block-column\" style=\"flex-basis:100%\">\n<p><strong>Estudios \u00d3mnibus<\/strong><\/p>\n<ul>\n<li>\u00d3mnibus de Internautas Panelizados DYM<\/li>\n<li>\u00d3mnibus Telef\u00f3nico DYM<\/li>\n<li>\u00d3mnibus Online<\/li>\n<\/ul>\n<p><strong>Estudios D.A.P.<\/strong><br \/><em>(Departamento de An\u00e1lisis de Producto)<\/em>: Evaluamos todos los componentes del producto en sus diferentes modalidades.<\/p>\n<p><strong>Estudios de Satisfacci\u00f3n<\/strong><\/p>\n<p><strong>Estudios de Imagen y Posicionamiento de Marca<\/strong><\/p>\n<p><strong>Estudios de Turismo<\/strong><\/p>\n<p><strong>Estudios de Medios<\/strong><\/p>\n<p><strong>Estudios Pol\u00edticos y de Opini\u00f3n P\u00fablica<\/strong><\/p>\n<ul>\n<li>Sondeos Electorales<\/li>\n<li>Investigaci\u00f3n Sociol\u00f3gica<\/li>\n<li>Estimaci\u00f3n de Voto<\/li>\n<\/ul>\n<p><strong>Estudios de Movilidad y Transporte<\/strong><br \/>Investigamos la movilidad de la poblaci\u00f3n y los factores que la afectan.<\/p>\n<ul>\n<li>Caracterizaci\u00f3n de los h\u00e1bitos de movilidad<\/li>\n<li>An\u00e1lisis de la movilidad<\/li>\n<li>Estudios de nivel de fraude<\/li>\n<li>Conteos de Sube y Baja<\/li>\n<li>Matrices Origen-Destino (O\/D)<\/li>\n<li>An\u00e1lisis de Eficacia Publicitaria<\/li>\n<\/ul>\n<p><strong>Estudios Tecnol\u00f3gicos y de Comunicaci\u00f3n<\/strong><\/p>\n<p><strong>Estudios para la Administraci\u00f3n P\u00fablica<\/strong><br \/>Instituto DYM est\u00e1 acreditado para colaborar con la administraci\u00f3n p\u00fablica espa\u00f1ola y homologado por diversas entidades p\u00fablicas y privadas como el Ajuntament de Barcelona, la Diputaci\u00f3 de Barcelona y el Centre d\u2019Estudis d\u2019Opini\u00f3 (CEO).<\/p>\n<hr class=\"wp-block-separator\"\/>\n<p><strong>Recogida de Informaci\u00f3n<\/strong><\/p>\n<ul>\n<li><strong>CAPI<\/strong>: Entrevistas personales asistidas por ordenador <em>(Computer Assisted Personal Interview)<\/em>.<\/li>\n<li><strong>CATI<\/strong>: Entrevistas telef\u00f3nicas asistidas por ordenador <em>(Computer Assisted Telephone Interview)<\/em>.<\/li>\n<li><strong>CAWI<\/strong>: Entrevistas a trav\u00e9s de la web <em>(Computer Assisted Web Interview)<\/em>.<\/li>\n<li><strong>Correo (Mail)<\/strong><\/li>\n<li><strong>Mystery Shoppers<\/strong><\/li>\n<li><strong>Desk Research<\/strong><\/li>\n<\/ul>\n<\/div>\n<\/div>\n<div class=\"wp-block-columns\"><\/div>\n","protected":false},"excerpt":{"rendered":"<p>Instituto DYM es una empresa de servicios integrales en investigaci\u00f3n de mercados y opini\u00f3n, especializada en estudios ad hoc tanto cuantitativos como cualitativos. Opera a nivel nacional e internacional, formando parte de la red global WIN WORLD SURVEY. Estudios \u00d3mnibus \u00d3mnibus de Internautas Panelizados DYM \u00d3mnibus Telef\u00f3nico DYM \u00d3mnibus Online Estudios D.A.P.(Departamento de An\u00e1lisis de [&hellip;]<\/p>\n","protected":false},"author":1,"featured_media":0,"parent":0,"menu_order":0,"comment_status":"closed","ping_status":"closed","template":"template-hacemos.php","meta":{"_monsterinsights_skip_tracking":false,"_monsterinsights_sitenote_active":false,"_monsterinsights_sitenote_note":"","_monsterinsights_sitenote_category":0},"yoast_head":"<!-- This site is optimized with the Yoast SEO plugin v17.8 - https:\/\/yoast.com\/wordpress\/plugins\/seo\/ -->\n<meta name=\"description\" content=\"Estudios Instituto DYM\" \/>\n<meta name=\"robots\" content=\"index, follow, max-snippet:-1, max-image-preview:large, max-video-preview:-1\" \/>\n<link rel=\"canonical\" href=\"https:\/\/institutodym.es\/es\/division-cuantitativa\/\" \/>\n<meta property=\"og:locale\" content=\"es_ES\" \/>\n<meta property=\"og:type\" content=\"article\" \/>\n<meta property=\"og:title\" content=\"Divisi\u00f3n Cuantitativa - DYM - Market Research\" \/>\n<meta property=\"og:description\" content=\"Estudios Instituto DYM\" \/>\n<meta property=\"og:url\" content=\"https:\/\/institutodym.es\/es\/division-cuantitativa\/\" \/>\n<meta property=\"og:site_name\" content=\"DYM - Market Research\" \/>\n<meta property=\"article:modified_time\" content=\"2024-09-26T10:50:44+00:00\" \/>\n<meta property=\"og:image\" content=\"https:\/\/institutodym.es\/wp-content\/uploads\/2024\/09\/win-world-survey-logo-480x300-1.png\" \/>\n<meta name=\"twitter:card\" content=\"summary_large_image\" \/>\n<meta name=\"twitter:label1\" content=\"Tiempo de lectura\" \/>\n\t<meta name=\"twitter:data1\" content=\"2 minutos\" \/>\n<script type=\"application\/ld+json\" class=\"yoast-schema-graph\">{\"@context\":\"https:\/\/schema.org\",\"@graph\":[{\"@type\":\"WebSite\",\"@id\":\"https:\/\/institutodym.es\/#website\",\"url\":\"https:\/\/institutodym.es\/\",\"name\":\"DYM - Market Research\",\"description\":\"\",\"potentialAction\":[{\"@type\":\"SearchAction\",\"target\":{\"@type\":\"EntryPoint\",\"urlTemplate\":\"https:\/\/institutodym.es\/?s={search_term_string}\"},\"query-input\":\"required name=search_term_string\"}],\"inLanguage\":\"es\"},{\"@type\":\"ImageObject\",\"@id\":\"https:\/\/institutodym.es\/es\/division-cuantitativa\/#primaryimage\",\"inLanguage\":\"es\",\"url\":\"https:\/\/institutodym.es\/wp-content\/uploads\/2024\/09\/win-world-survey-logo-480x300-1.png\",\"contentUrl\":\"https:\/\/institutodym.es\/wp-content\/uploads\/2024\/09\/win-world-survey-logo-480x300-1.png\",\"width\":480,\"height\":300},{\"@type\":\"WebPage\",\"@id\":\"https:\/\/institutodym.es\/es\/division-cuantitativa\/#webpage\",\"url\":\"https:\/\/institutodym.es\/es\/division-cuantitativa\/\",\"name\":\"Divisi\\u00f3n Cuantitativa - DYM - Market Research\",\"isPartOf\":{\"@id\":\"https:\/\/institutodym.es\/#website\"},\"primaryImageOfPage\":{\"@id\":\"https:\/\/institutodym.es\/es\/division-cuantitativa\/#primaryimage\"},\"datePublished\":\"2016-07-13T01:33:16+00:00\",\"dateModified\":\"2024-09-26T10:50:44+00:00\",\"description\":\"Estudios Instituto DYM\",\"breadcrumb\":{\"@id\":\"https:\/\/institutodym.es\/es\/division-cuantitativa\/#breadcrumb\"},\"inLanguage\":\"es\",\"potentialAction\":[{\"@type\":\"ReadAction\",\"target\":[\"https:\/\/institutodym.es\/es\/division-cuantitativa\/\"]}]},{\"@type\":\"BreadcrumbList\",\"@id\":\"https:\/\/institutodym.es\/es\/division-cuantitativa\/#breadcrumb\",\"itemListElement\":[{\"@type\":\"ListItem\",\"position\":1,\"name\":\"Portada\",\"item\":\"https:\/\/institutodym.es\/es\/\"},{\"@type\":\"ListItem\",\"position\":2,\"name\":\"Divisi\\u00f3n Cuantitativa\"}]}]}<\/script>\n<!-- \/ Yoast SEO plugin. -->","yoast_head_json":{"description":"Estudios Instituto DYM","robots":{"index":"index","follow":"follow","max-snippet":"max-snippet:-1","max-image-preview":"max-image-preview:large","max-video-preview":"max-video-preview:-1"},"canonical":"https:\/\/institutodym.es\/es\/division-cuantitativa\/","og_locale":"es_ES","og_type":"article","og_title":"Divisi\u00f3n Cuantitativa - DYM - Market Research","og_description":"Estudios Instituto DYM","og_url":"https:\/\/institutodym.es\/es\/division-cuantitativa\/","og_site_name":"DYM - Market Research","article_modified_time":"2024-09-26T10:50:44+00:00","og_image":[{"url":"https:\/\/institutodym.es\/wp-content\/uploads\/2024\/09\/win-world-survey-logo-480x300-1.png"}],"twitter_card":"summary_large_image","twitter_misc":{"Tiempo de lectura":"2 minutos"},"schema":{"@context":"https:\/\/schema.org","@graph":[{"@type":"WebSite","@id":"https:\/\/institutodym.es\/#website","url":"https:\/\/institutodym.es\/","name":"DYM - Market Research","description":"","potentialAction":[{"@type":"SearchAction","target":{"@type":"EntryPoint","urlTemplate":"https:\/\/institutodym.es\/?s={search_term_string}"},"query-input":"required name=search_term_string"}],"inLanguage":"es"},{"@type":"ImageObject","@id":"https:\/\/institutodym.es\/es\/division-cuantitativa\/#primaryimage","inLanguage":"es","url":"https:\/\/institutodym.es\/wp-content\/uploads\/2024\/09\/win-world-survey-logo-480x300-1.png","contentUrl":"https:\/\/institutodym.es\/wp-content\/uploads\/2024\/09\/win-world-survey-logo-480x300-1.png","width":480,"height":300},{"@type":"WebPage","@id":"https:\/\/institutodym.es\/es\/division-cuantitativa\/#webpage","url":"https:\/\/institutodym.es\/es\/division-cuantitativa\/","name":"Divisi\u00f3n Cuantitativa - DYM - Market Research","isPartOf":{"@id":"https:\/\/institutodym.es\/#website"},"primaryImageOfPage":{"@id":"https:\/\/institutodym.es\/es\/division-cuantitativa\/#primaryimage"},"datePublished":"2016-07-13T01:33:16+00:00","dateModified":"2024-09-26T10:50:44+00:00","description":"Estudios Instituto DYM","breadcrumb":{"@id":"https:\/\/institutodym.es\/es\/division-cuantitativa\/#breadcrumb"},"inLanguage":"es","potentialAction":[{"@type":"ReadAction","target":["https:\/\/institutodym.es\/es\/division-cuantitativa\/"]}]},{"@type":"BreadcrumbList","@id":"https:\/\/institutodym.es\/es\/division-cuantitativa\/#breadcrumb","itemListElement":[{"@type":"ListItem","position":1,"name":"Portada","item":"https:\/\/institutodym.es\/es\/"},{"@type":"ListItem","position":2,"name":"Divisi\u00f3n Cuantitativa"}]}]}},"_links":{"self":[{"href":"https:\/\/institutodym.es\/es\/wp-json\/wp\/v2\/pages\/66"}],"collection":[{"href":"https:\/\/institutodym.es\/es\/wp-json\/wp\/v2\/pages"}],"about":[{"href":"https:\/\/institutodym.es\/es\/wp-json\/wp\/v2\/types\/page"}],"author":[{"embeddable":true,"href":"https:\/\/institutodym.es\/es\/wp-json\/wp\/v2\/users\/1"}],"replies":[{"embeddable":true,"href":"https:\/\/institutodym.es\/es\/wp-json\/wp\/v2\/comments?post=66"}],"version-history":[{"count":7,"href":"https:\/\/institutodym.es\/es\/wp-json\/wp\/v2\/pages\/66\/revisions"}],"predecessor-version":[{"id":3355,"href":"https:\/\/institutodym.es\/es\/wp-json\/wp\/v2\/pages\/66\/revisions\/3355"}],"wp:attachment":[{"href":"https:\/\/institutodym.es\/es\/wp-json\/wp\/v2\/media?parent=66"}],"curies":[{"name":"wp","href":"https:\/\/api.w.org\/{rel}","templated":true}]}}