{"id":74,"date":"2016-07-13T01:37:37","date_gmt":"2016-07-13T01:37:37","guid":{"rendered":"https:\/\/institutodym.es\/?page_id=74"},"modified":"2024-09-26T10:57:20","modified_gmt":"2024-09-26T10:57:20","slug":"coordinacion-internacional","status":"publish","type":"page","link":"https:\/\/institutodym.es\/es\/coordinacion-internacional\/","title":{"rendered":"Coordinaci\u00f3n Internacional"},"content":{"rendered":"<div class=\"wp-block-image is-style-rounded\">\n<figure class=\"aligncenter size-large\"><img loading=\"lazy\" width=\"1024\" height=\"613\" src=\"https:\/\/institutodym.es\/wp-content\/uploads\/2024\/09\/WIN-WORLD-SURVEY-1024x613.png\" alt=\"\" class=\"wp-image-3340\" srcset=\"https:\/\/institutodym.es\/wp-content\/uploads\/2024\/09\/WIN-WORLD-SURVEY-1024x613.png 1024w, https:\/\/institutodym.es\/wp-content\/uploads\/2024\/09\/WIN-WORLD-SURVEY-300x180.png 300w, https:\/\/institutodym.es\/wp-content\/uploads\/2024\/09\/WIN-WORLD-SURVEY-768x460.png 768w, https:\/\/institutodym.es\/wp-content\/uploads\/2024\/09\/WIN-WORLD-SURVEY.png 1211w\" sizes=\"(max-width: 1024px) 100vw, 1024px\" \/><\/figure>\n<\/div>\n<p>Instituto DYM es miembro de la red internacional <strong>WIN<\/strong>.<\/p>\n<p>La <strong>Red Mundial Independiente de Estudios de Mercado (WIN)<\/strong> es una alianza global dedicada a la realizaci\u00f3n de estudios de mercado y encuestas de opini\u00f3n en todos los continentes. La red est\u00e1 formada por las principales empresas independientes en sus respectivos pa\u00edses.<\/p>\n<p><strong>Nuestros activos clave incluyen:<\/strong><\/p>\n<ul>\n<li><strong>Liderazgo intelectual<\/strong>: Acceso a un grupo de destacados expertos y empresarios en investigaci\u00f3n de mercados, encuestas y consultor\u00eda.<\/li>\n<li><strong>Flexibilidad<\/strong>: Soluciones globales y locales personalizadas para satisfacer las necesidades espec\u00edficas de los clientes.<\/li>\n<li><strong>Innovaci\u00f3n<\/strong>: Acceso a las \u00faltimas herramientas y soluciones en consultor\u00eda estrat\u00e9gica y desarrollo de marcas.<\/li>\n<li><strong>Expertos locales<\/strong>: Colaboraci\u00f3n con una red de profesionales que comprenden profundamente la cultura, el mercado y las necesidades empresariales locales.<\/li>\n<li><strong>Confianza<\/strong>: M\u00e1xima calidad y talento garantizado por todos los miembros en los pa\u00edses cubiertos.<\/li>\n<\/ul>\n<p>A lo largo de los a\u00f1os, WIN ha demostrado una amplia competencia en la realizaci\u00f3n de encuestas multicountry, siguiendo los m\u00e1s altos est\u00e1ndares de calidad exigidos por el mercado. La red cuenta con una vasta experiencia en temas relacionados con el Tercer Mundo, publicidad, medios de comunicaci\u00f3n, comercio minorista, econom\u00eda e investigaci\u00f3n empresarial.<\/p>\n","protected":false},"excerpt":{"rendered":"<p>Instituto DYM es miembro de la red internacional WIN. La Red Mundial Independiente de Estudios de Mercado (WIN) es una alianza global dedicada a la realizaci\u00f3n de estudios de mercado y encuestas de opini\u00f3n en todos los continentes. La red est\u00e1 formada por las principales empresas independientes en sus respectivos pa\u00edses. Nuestros activos clave incluyen: [&hellip;]<\/p>\n","protected":false},"author":1,"featured_media":729,"parent":0,"menu_order":0,"comment_status":"closed","ping_status":"closed","template":"template-hacemos.php","meta":{"_monsterinsights_skip_tracking":false,"_monsterinsights_sitenote_active":false,"_monsterinsights_sitenote_note":"","_monsterinsights_sitenote_category":0},"yoast_head":"<!-- This site is optimized with the Yoast SEO plugin v17.8 - https:\/\/yoast.com\/wordpress\/plugins\/seo\/ -->\n<meta name=\"robots\" content=\"index, follow, max-snippet:-1, max-image-preview:large, max-video-preview:-1\" \/>\n<link rel=\"canonical\" href=\"https:\/\/institutodym.es\/es\/coordinacion-internacional\/\" \/>\n<meta property=\"og:locale\" content=\"es_ES\" \/>\n<meta property=\"og:type\" content=\"article\" \/>\n<meta property=\"og:title\" content=\"Coordinaci\u00f3n Internacional - DYM - Market Research\" \/>\n<meta property=\"og:description\" content=\"Instituto DYM es miembro de la red internacional WIN. La Red Mundial Independiente de Estudios de Mercado (WIN) es una alianza global dedicada a la realizaci\u00f3n de estudios de mercado y encuestas de opini\u00f3n en todos los continentes. La red est\u00e1 formada por las principales empresas independientes en sus respectivos pa\u00edses. Nuestros activos clave incluyen: [&hellip;]\" \/>\n<meta property=\"og:url\" content=\"https:\/\/institutodym.es\/es\/coordinacion-internacional\/\" \/>\n<meta property=\"og:site_name\" content=\"DYM - Market Research\" \/>\n<meta property=\"article:modified_time\" content=\"2024-09-26T10:57:20+00:00\" \/>\n<meta property=\"og:image\" content=\"https:\/\/institutodym.es\/wp-content\/uploads\/2016\/07\/WELCOME-TO-WIN.jpg\" \/>\n\t<meta property=\"og:image:width\" content=\"1521\" \/>\n\t<meta property=\"og:image:height\" content=\"568\" \/>\n<meta name=\"twitter:card\" content=\"summary_large_image\" \/>\n<meta name=\"twitter:label1\" content=\"Tiempo de lectura\" \/>\n\t<meta name=\"twitter:data1\" content=\"2 minutos\" \/>\n<script type=\"application\/ld+json\" class=\"yoast-schema-graph\">{\"@context\":\"https:\/\/schema.org\",\"@graph\":[{\"@type\":\"WebSite\",\"@id\":\"https:\/\/institutodym.es\/#website\",\"url\":\"https:\/\/institutodym.es\/\",\"name\":\"DYM - Market Research\",\"description\":\"\",\"potentialAction\":[{\"@type\":\"SearchAction\",\"target\":{\"@type\":\"EntryPoint\",\"urlTemplate\":\"https:\/\/institutodym.es\/?s={search_term_string}\"},\"query-input\":\"required name=search_term_string\"}],\"inLanguage\":\"es\"},{\"@type\":\"ImageObject\",\"@id\":\"https:\/\/institutodym.es\/es\/coordinacion-internacional\/#primaryimage\",\"inLanguage\":\"es\",\"url\":\"https:\/\/institutodym.es\/wp-content\/uploads\/2016\/07\/WELCOME-TO-WIN.jpg\",\"contentUrl\":\"https:\/\/institutodym.es\/wp-content\/uploads\/2016\/07\/WELCOME-TO-WIN.jpg\",\"width\":1521,\"height\":568},{\"@type\":\"WebPage\",\"@id\":\"https:\/\/institutodym.es\/es\/coordinacion-internacional\/#webpage\",\"url\":\"https:\/\/institutodym.es\/es\/coordinacion-internacional\/\",\"name\":\"Coordinaci\\u00f3n Internacional - DYM - Market Research\",\"isPartOf\":{\"@id\":\"https:\/\/institutodym.es\/#website\"},\"primaryImageOfPage\":{\"@id\":\"https:\/\/institutodym.es\/es\/coordinacion-internacional\/#primaryimage\"},\"datePublished\":\"2016-07-13T01:37:37+00:00\",\"dateModified\":\"2024-09-26T10:57:20+00:00\",\"breadcrumb\":{\"@id\":\"https:\/\/institutodym.es\/es\/coordinacion-internacional\/#breadcrumb\"},\"inLanguage\":\"es\",\"potentialAction\":[{\"@type\":\"ReadAction\",\"target\":[\"https:\/\/institutodym.es\/es\/coordinacion-internacional\/\"]}]},{\"@type\":\"BreadcrumbList\",\"@id\":\"https:\/\/institutodym.es\/es\/coordinacion-internacional\/#breadcrumb\",\"itemListElement\":[{\"@type\":\"ListItem\",\"position\":1,\"name\":\"Portada\",\"item\":\"https:\/\/institutodym.es\/es\/\"},{\"@type\":\"ListItem\",\"position\":2,\"name\":\"Coordinaci\\u00f3n Internacional\"}]}]}<\/script>\n<!-- \/ Yoast SEO plugin. -->","yoast_head_json":{"robots":{"index":"index","follow":"follow","max-snippet":"max-snippet:-1","max-image-preview":"max-image-preview:large","max-video-preview":"max-video-preview:-1"},"canonical":"https:\/\/institutodym.es\/es\/coordinacion-internacional\/","og_locale":"es_ES","og_type":"article","og_title":"Coordinaci\u00f3n Internacional - DYM - Market Research","og_description":"Instituto DYM es miembro de la red internacional WIN. La Red Mundial Independiente de Estudios de Mercado (WIN) es una alianza global dedicada a la realizaci\u00f3n de estudios de mercado y encuestas de opini\u00f3n en todos los continentes. La red est\u00e1 formada por las principales empresas independientes en sus respectivos pa\u00edses. Nuestros activos clave incluyen: [&hellip;]","og_url":"https:\/\/institutodym.es\/es\/coordinacion-internacional\/","og_site_name":"DYM - Market Research","article_modified_time":"2024-09-26T10:57:20+00:00","og_image":[{"width":1521,"height":568,"url":"https:\/\/institutodym.es\/wp-content\/uploads\/2016\/07\/WELCOME-TO-WIN.jpg","type":"image\/jpeg"}],"twitter_card":"summary_large_image","twitter_misc":{"Tiempo de lectura":"2 minutos"},"schema":{"@context":"https:\/\/schema.org","@graph":[{"@type":"WebSite","@id":"https:\/\/institutodym.es\/#website","url":"https:\/\/institutodym.es\/","name":"DYM - Market Research","description":"","potentialAction":[{"@type":"SearchAction","target":{"@type":"EntryPoint","urlTemplate":"https:\/\/institutodym.es\/?s={search_term_string}"},"query-input":"required name=search_term_string"}],"inLanguage":"es"},{"@type":"ImageObject","@id":"https:\/\/institutodym.es\/es\/coordinacion-internacional\/#primaryimage","inLanguage":"es","url":"https:\/\/institutodym.es\/wp-content\/uploads\/2016\/07\/WELCOME-TO-WIN.jpg","contentUrl":"https:\/\/institutodym.es\/wp-content\/uploads\/2016\/07\/WELCOME-TO-WIN.jpg","width":1521,"height":568},{"@type":"WebPage","@id":"https:\/\/institutodym.es\/es\/coordinacion-internacional\/#webpage","url":"https:\/\/institutodym.es\/es\/coordinacion-internacional\/","name":"Coordinaci\u00f3n Internacional - DYM - Market Research","isPartOf":{"@id":"https:\/\/institutodym.es\/#website"},"primaryImageOfPage":{"@id":"https:\/\/institutodym.es\/es\/coordinacion-internacional\/#primaryimage"},"datePublished":"2016-07-13T01:37:37+00:00","dateModified":"2024-09-26T10:57:20+00:00","breadcrumb":{"@id":"https:\/\/institutodym.es\/es\/coordinacion-internacional\/#breadcrumb"},"inLanguage":"es","potentialAction":[{"@type":"ReadAction","target":["https:\/\/institutodym.es\/es\/coordinacion-internacional\/"]}]},{"@type":"BreadcrumbList","@id":"https:\/\/institutodym.es\/es\/coordinacion-internacional\/#breadcrumb","itemListElement":[{"@type":"ListItem","position":1,"name":"Portada","item":"https:\/\/institutodym.es\/es\/"},{"@type":"ListItem","position":2,"name":"Coordinaci\u00f3n Internacional"}]}]}},"_links":{"self":[{"href":"https:\/\/institutodym.es\/es\/wp-json\/wp\/v2\/pages\/74"}],"collection":[{"href":"https:\/\/institutodym.es\/es\/wp-json\/wp\/v2\/pages"}],"about":[{"href":"https:\/\/institutodym.es\/es\/wp-json\/wp\/v2\/types\/page"}],"author":[{"embeddable":true,"href":"https:\/\/institutodym.es\/es\/wp-json\/wp\/v2\/users\/1"}],"replies":[{"embeddable":true,"href":"https:\/\/institutodym.es\/es\/wp-json\/wp\/v2\/comments?post=74"}],"version-history":[{"count":16,"href":"https:\/\/institutodym.es\/es\/wp-json\/wp\/v2\/pages\/74\/revisions"}],"predecessor-version":[{"id":3358,"href":"https:\/\/institutodym.es\/es\/wp-json\/wp\/v2\/pages\/74\/revisions\/3358"}],"wp:featuredmedia":[{"embeddable":true,"href":"https:\/\/institutodym.es\/es\/wp-json\/wp\/v2\/media\/729"}],"wp:attachment":[{"href":"https:\/\/institutodym.es\/es\/wp-json\/wp\/v2\/media?parent=74"}],"curies":[{"name":"wp","href":"https:\/\/api.w.org\/{rel}","templated":true}]}}